{"id":207758,"date":"2025-03-20T15:13:10","date_gmt":"2025-03-20T15:13:10","guid":{"rendered":"https:\/\/aromasentia.com\/product\/bergamot-organic-essential-oil-10ml\/"},"modified":"2025-05-31T04:21:26","modified_gmt":"2025-05-31T04:21:26","slug":"okologisk-bergamott-eterisk-olje-10ml","status":"publish","type":"product","link":"https:\/\/aromasentia.com\/no\/okologisk-bergamott-eterisk-olje-10ml\/","title":{"rendered":"\u00d8kologisk Bergamott Eterisk Olje 10ml"},"content":{"rendered":"<p><strong>Latinsk navn:<\/strong> Citrus Bergamia<br \/><strong>Del av planten som brukes:<\/strong>Fruktskall<br \/><strong>Kilde:<\/strong> Middelhavsomr\u00e5det<br \/><strong>Utvinningsmetode:<\/strong>Kaldekspressjon<\/p>\n<p>Bergamott eterisk olje utvinnes ved \u00e5 presse fra modne s\u00e5 vel som umodne frukter fra bergamot-appelsintreet. Denne eteriske oljen, som lukter sitrusaktig, men likevel s\u00f8tt, er flott for \u00e5 skape en avslappet og lykkelig f\u00f8lelse. Den er nyttig i behandling av urinveisinfeksjoner, hudproblemer og styrker funksjonene i leveren, milten og magen.<\/p>\n<p><strong>Bergamott \u00f8kologisk eterisk olje<\/strong> brukes i aromaterapi for \u00e5 behandle depresjon, stress, spenninger, lav selvtillit, frykt og hysteri. Den er nyttig for \u00e5 helbrede hudinfeksjoner som generelle s\u00e5r, psoriasis, forkj\u00f8lelsess\u00e5r og eksem. Denne oljen sies \u00e5 hjelpe de som lider av SAD (sesongavhengig lidelse), PMS, tvangsmessig spising, f\u00f8dselsdepresjon, forkj\u00f8lelse og influensa. Bergamotolje er en favoritt innen aromaterapi og brukes i vaporisatorer, massasjer og blandes i badevann. Eksperter anbefaler forsiktighet ved bruk av denne oljen p\u00e5 sensitiv hud hvis den utsettes for sollys etter p\u00e5f\u00f8ring, da dette kan for\u00e5rsake brannskader. Holdes unna solen hvis denne oljen har blitt brukt p\u00e5 huden.<\/p>\n<p>Navnet Bergamot er avledet fra byen Bergamo i Lombardia, Italia, hvor oljen f\u00f8rst ble solgt. Den har blitt dyrket siden 1500-tallet i middelhavslandene som Italia og Hellas. Den har blitt brukt i parfyme- og matindustrien (Earl Grey-te) i lang tid. Mens eterisk olje har begynt \u00e5 bli utvunnet i den senere tid, har frukten, dens essens og smak blitt brukt i tradisjonell medisin i hundrevis av \u00e5r.<\/p>\n","protected":false},"excerpt":{"rendered":"<p>Latinsk navn: Citrus BergamiaDel av planten som brukes:FruktskallKilde: Middelhavsomr\u00e5detUtvinningsmetode:Kaldekspressjon Bergamott eterisk olje utvinnes ved \u00e5 presse fra modne s\u00e5 vel som umodne frukter fra bergamot-appelsintreet. Denne eteriske oljen, som lukter sitrusaktig, men likevel s\u00f8tt, er flott for \u00e5 skape en avslappet og lykkelig f\u00f8lelse. Den er nyttig i behandling av urinveisinfeksjoner, hudproblemer og styrker funksjonene [&hellip;]<\/p>\n","protected":false},"featured_media":267361,"comment_status":"closed","ping_status":"open","template":"","meta":{"_angie_page":false},"product_brand":[27096],"product_cat":[9065,26103,25843,10236,26659,26820],"product_tag":[],"class_list":{"0":"post-207758","1":"product","2":"type-product","3":"status-publish","4":"has-post-thumbnail","6":"product_brand-ancient-wisdom","7":"product_cat-aromaterapi-og-romduft","8":"product_cat-bergamott","9":"product_cat-dufter-aromaer","10":"product_cat-eteriske-oljer","11":"product_cat-okologiske-eteriske-oljer","12":"product_cat-sitrus","13":"pa_collection-10ml-organic-essential-oils-no","14":"pa_made-in-italia","15":"pa_size-10ml","17":"first","18":"instock","19":"purchasable","20":"product-type-simple"},"supplier_id":null,"supplier_sku":"OrgEO-13","barcode":null,"atum_controlled":true,"out_stock_date":null,"out_stock_threshold":null,"inheritable":false,"inbound_stock":null,"stock_on_hold":0,"sold_today":0,"sales_last_days":0,"reserved_stock":null,"customer_returns":null,"warehouse_damage":null,"lost_in_post":null,"other_logs":null,"out_stock_days":0,"lost_sales":0,"has_location":null,"update_date":"2026-04-27T07:16:58","atum_locations":[],"atum_stock_status":"instock","restock_status":false,"low_stock_amount":"","sales_update_date":"2026-01-30T01:24:40","calc_backorders":null,"_links":{"self":[{"href":"https:\/\/aromasentia.com\/no\/wp-json\/wp\/v2\/product\/207758","targetHints":{"allow":["GET"]}}],"collection":[{"href":"https:\/\/aromasentia.com\/no\/wp-json\/wp\/v2\/product"}],"about":[{"href":"https:\/\/aromasentia.com\/no\/wp-json\/wp\/v2\/types\/product"}],"replies":[{"embeddable":true,"href":"https:\/\/aromasentia.com\/no\/wp-json\/wp\/v2\/comments?post=207758"}],"version-history":[{"count":0,"href":"https:\/\/aromasentia.com\/no\/wp-json\/wp\/v2\/product\/207758\/revisions"}],"wp:featuredmedia":[{"embeddable":true,"href":"https:\/\/aromasentia.com\/no\/wp-json\/wp\/v2\/media\/267361"}],"wp:attachment":[{"href":"https:\/\/aromasentia.com\/no\/wp-json\/wp\/v2\/media?parent=207758"}],"wp:term":[{"taxonomy":"product_brand","embeddable":true,"href":"https:\/\/aromasentia.com\/no\/wp-json\/wp\/v2\/product_brand?post=207758"},{"taxonomy":"product_cat","embeddable":true,"href":"https:\/\/aromasentia.com\/no\/wp-json\/wp\/v2\/product_cat?post=207758"},{"taxonomy":"product_tag","embeddable":true,"href":"https:\/\/aromasentia.com\/no\/wp-json\/wp\/v2\/product_tag?post=207758"}],"curies":[{"name":"wp","href":"https:\/\/api.w.org\/{rel}","templated":true}]}}