{"id":207754,"date":"2025-03-20T15:13:10","date_gmt":"2025-03-20T15:13:10","guid":{"rendered":"https:\/\/aromasentia.com\/product\/orange-organic-essential-oil-10ml\/"},"modified":"2025-05-31T04:21:13","modified_gmt":"2025-05-31T04:21:13","slug":"okologisk-appelsin-eterisk-olje-10ml-2","status":"publish","type":"product","link":"https:\/\/aromasentia.com\/no\/okologisk-appelsin-eterisk-olje-10ml-2\/","title":{"rendered":"\u00d8kologisk Appelsin Eterisk Olje 10ml"},"content":{"rendered":"<p><strong>Latinsk navn:<\/strong> Citrus Sinensis<br \/><strong>Del av planten brukt:<\/strong> Fruktskall<br \/><strong>Kilde:<\/strong> Brasil<br \/><strong>Ekstraksjonsmetode:<\/strong> Kald ekspresjon<\/p>\n<p>Appelsinoljens evne til \u00e5 styrke immuniteten naturlig og redusere flere symptomer p\u00e5 en rekke plager har gitt den tradisjonelle medisinske anvendelser for behandling av kviser, kronisk stress og andre helseproblemer.<\/p>\n<p>Brukt i aromaterapi, har appelsinessensiell olje en behagelig duft som har en munter og oppl\u00f8ftende, men samtidig avslappende og beroligende effekt som bidrar til \u00e5 redusere pulsen. Den kan ikke bare skape et varmt milj\u00f8, men kan ogs\u00e5 stimulere immunforsvarets styrke og motstandskraft og eliminere luftb\u00e5rne bakterier.<\/p>\n<p>P\u00e5f\u00f8rt i en massasje, er <strong>Organisk eterisk olje fra appelsin<\/strong> kjent for \u00e5 \u00f8ke blodstr\u00f8mmen. Dette er kjent for \u00e5 lindre ubehag forbundet med betennelse, hodepine, menstruasjon og lav libido.<\/p>\n<p>Appelsinessensiell olje reduserer tilfeller av smertefulle og refleksive muskelsammentrekninger. Det brukes tradisjonelt i massasjer for \u00e5 lindre stress, magesmerter, diar\u00e9, forstoppelse, ford\u00f8yelsesbesv\u00e6r eller d\u00e5rlig ford\u00f8yelse, og tett nese.<\/p>\n","protected":false},"excerpt":{"rendered":"<p>Latinsk navn: Citrus SinensisDel av planten brukt: FruktskallKilde: BrasilEkstraksjonsmetode: Kald ekspresjon Appelsinoljens evne til \u00e5 styrke immuniteten naturlig og redusere flere symptomer p\u00e5 en rekke plager har gitt den tradisjonelle medisinske anvendelser for behandling av kviser, kronisk stress og andre helseproblemer. Brukt i aromaterapi, har appelsinessensiell olje en behagelig duft som har en munter og [&hellip;]<\/p>\n","protected":false},"featured_media":267325,"comment_status":"closed","ping_status":"closed","template":"","meta":{"_angie_page":false},"product_brand":[27096],"product_cat":[26306,9065,25843,10236,26659,26820],"product_tag":[],"class_list":{"0":"post-207754","1":"product","2":"type-product","3":"status-publish","4":"has-post-thumbnail","6":"product_brand-ancient-wisdom","7":"product_cat-appelsin","8":"product_cat-aromaterapi-og-romduft","9":"product_cat-dufter-aromaer","10":"product_cat-eteriske-oljer","11":"product_cat-okologiske-eteriske-oljer","12":"product_cat-sitrus","13":"pa_collection-10ml-organic-essential-oils-no","14":"pa_made-in-brasil","15":"pa_size-10ml","17":"first","18":"instock","19":"purchasable","20":"product-type-simple"},"supplier_id":null,"supplier_sku":"OrgEO-09","barcode":null,"atum_controlled":true,"out_stock_date":null,"out_stock_threshold":null,"inheritable":false,"inbound_stock":null,"stock_on_hold":0,"sold_today":0,"sales_last_days":0,"reserved_stock":null,"customer_returns":null,"warehouse_damage":null,"lost_in_post":null,"other_logs":null,"out_stock_days":91,"lost_sales":0,"has_location":false,"update_date":"2026-05-08T05:15:42","atum_locations":[],"atum_stock_status":"instock","restock_status":false,"low_stock_amount":"","sales_update_date":"2026-01-30T01:24:20","calc_backorders":null,"_links":{"self":[{"href":"https:\/\/aromasentia.com\/no\/wp-json\/wp\/v2\/product\/207754","targetHints":{"allow":["GET"]}}],"collection":[{"href":"https:\/\/aromasentia.com\/no\/wp-json\/wp\/v2\/product"}],"about":[{"href":"https:\/\/aromasentia.com\/no\/wp-json\/wp\/v2\/types\/product"}],"replies":[{"embeddable":true,"href":"https:\/\/aromasentia.com\/no\/wp-json\/wp\/v2\/comments?post=207754"}],"version-history":[{"count":0,"href":"https:\/\/aromasentia.com\/no\/wp-json\/wp\/v2\/product\/207754\/revisions"}],"wp:featuredmedia":[{"embeddable":true,"href":"https:\/\/aromasentia.com\/no\/wp-json\/wp\/v2\/media\/267325"}],"wp:attachment":[{"href":"https:\/\/aromasentia.com\/no\/wp-json\/wp\/v2\/media?parent=207754"}],"wp:term":[{"taxonomy":"product_brand","embeddable":true,"href":"https:\/\/aromasentia.com\/no\/wp-json\/wp\/v2\/product_brand?post=207754"},{"taxonomy":"product_cat","embeddable":true,"href":"https:\/\/aromasentia.com\/no\/wp-json\/wp\/v2\/product_cat?post=207754"},{"taxonomy":"product_tag","embeddable":true,"href":"https:\/\/aromasentia.com\/no\/wp-json\/wp\/v2\/product_tag?post=207754"}],"curies":[{"name":"wp","href":"https:\/\/api.w.org\/{rel}","templated":true}]}}