{"id":207751,"date":"2025-03-20T15:13:10","date_gmt":"2025-03-20T15:13:10","guid":{"rendered":"https:\/\/aromasentia.com\/product\/peppermint-organic-essential-oil-10ml\/"},"modified":"2025-05-31T04:21:05","modified_gmt":"2025-05-31T04:21:05","slug":"okologisk-peppermynte-eterisk-olje-10ml-2","status":"publish","type":"product","link":"https:\/\/aromasentia.com\/no\/okologisk-peppermynte-eterisk-olje-10ml-2\/","title":{"rendered":"\u00d8kologisk Peppermynte Eterisk Olje 10ml"},"content":{"rendered":"<p><strong>Latinsk navn:<\/strong> Mentha Piperita<br \/><strong>Del av plante brukt:<\/strong>Blomstrende urt<br \/><strong>Kilde:<\/strong> Storbritannia<br \/><strong>Ekstraksjonsmetode:<\/strong>Dampdestillasjon<\/p>\n<p><strong>Peppermynte &nbsp;Organisk eterisk olje&nbsp;<\/strong>sier \u00e5 v\u00e6re bra for plager som astma, kolikk, feber, luft i magen, hodepine, kvalme, brysttetthet og svimmelhet. Denne oljen skal v\u00e6re utmerket for mental tretthet og depresjon, forfriskende og stimulerende med mentolinnholdet. Den er bra for huden og brukes i kremer for \u00e5 behandle solbrenthet, kl\u00f8e eller betennelse i huden. Den bidrar til \u00e5 bekjempe d\u00e5rlig \u00e5nde og tannkj\u00f8ttinfeksjoner n\u00e5r den brukes i munnskyll. N\u00e5r den brukes i en oljebrenner er den ikke bare terapeutisk, den holder ogs\u00e5 unna mygg og andre insekter.<\/p>\n<p>Peppermynte er hjemmeh\u00f8rende i Middelhavet, men dyrkes n\u00e5 i andre land i Europa, Amerika og Asia. Oppdagelser beviser at peppermynte har blitt brukt siden antikken i Egypt, Hellas, Roma, Kina og Japan. I f\u00f8lge gresk myte ble en nymfe kalt Mentha i et sinneutbrudd forvandlet til en mynteplante av sin elskers kone Persefone. If\u00f8lge Plinius ble peppermynte brukt til \u00e5 krone grekerne og romerne under fester. Den har blitt brukt medisinsk i England de siste \u00e5rhundrene.<\/p>\n","protected":false},"excerpt":{"rendered":"<p>Latinsk navn: Mentha PiperitaDel av plante brukt:Blomstrende urtKilde: StorbritanniaEkstraksjonsmetode:Dampdestillasjon Peppermynte &nbsp;Organisk eterisk olje&nbsp;sier \u00e5 v\u00e6re bra for plager som astma, kolikk, feber, luft i magen, hodepine, kvalme, brysttetthet og svimmelhet. Denne oljen skal v\u00e6re utmerket for mental tretthet og depresjon, forfriskende og stimulerende med mentolinnholdet. Den er bra for huden og brukes i kremer for [&hellip;]<\/p>\n","protected":false},"featured_media":267298,"comment_status":"closed","ping_status":"open","template":"","meta":[],"product_brand":[27096],"product_cat":[9065,25843,10236,26876,26659,26340],"product_tag":[],"class_list":{"0":"post-207751","1":"product","2":"type-product","3":"status-publish","4":"has-post-thumbnail","6":"product_brand-ancient-wisdom","7":"product_cat-aromaterapi-og-romduft","8":"product_cat-dufter-aromaer","9":"product_cat-eteriske-oljer","10":"product_cat-mynte","11":"product_cat-okologiske-eteriske-oljer","12":"product_cat-peppermynte","13":"pa_collection-10ml-organic-essential-oils-no","14":"pa_made-in-india","15":"pa_size-10ml","17":"first","18":"instock","19":"purchasable","20":"product-type-simple"},"supplier_id":null,"supplier_sku":"OrgEO-06","barcode":null,"atum_controlled":true,"out_stock_date":null,"out_stock_threshold":null,"inheritable":false,"inbound_stock":null,"stock_on_hold":0,"sold_today":0,"sales_last_days":0,"reserved_stock":null,"customer_returns":null,"warehouse_damage":null,"lost_in_post":null,"other_logs":null,"out_stock_days":0,"lost_sales":0,"has_location":null,"update_date":"2026-01-30T01:25:02","atum_locations":[],"atum_stock_status":"instock","restock_status":false,"low_stock_amount":"","sales_update_date":"2026-01-30T01:25:02","calc_backorders":null,"_links":{"self":[{"href":"https:\/\/aromasentia.com\/no\/wp-json\/wp\/v2\/product\/207751","targetHints":{"allow":["GET"]}}],"collection":[{"href":"https:\/\/aromasentia.com\/no\/wp-json\/wp\/v2\/product"}],"about":[{"href":"https:\/\/aromasentia.com\/no\/wp-json\/wp\/v2\/types\/product"}],"replies":[{"embeddable":true,"href":"https:\/\/aromasentia.com\/no\/wp-json\/wp\/v2\/comments?post=207751"}],"version-history":[{"count":0,"href":"https:\/\/aromasentia.com\/no\/wp-json\/wp\/v2\/product\/207751\/revisions"}],"wp:featuredmedia":[{"embeddable":true,"href":"https:\/\/aromasentia.com\/no\/wp-json\/wp\/v2\/media\/267298"}],"wp:attachment":[{"href":"https:\/\/aromasentia.com\/no\/wp-json\/wp\/v2\/media?parent=207751"}],"wp:term":[{"taxonomy":"product_brand","embeddable":true,"href":"https:\/\/aromasentia.com\/no\/wp-json\/wp\/v2\/product_brand?post=207751"},{"taxonomy":"product_cat","embeddable":true,"href":"https:\/\/aromasentia.com\/no\/wp-json\/wp\/v2\/product_cat?post=207751"},{"taxonomy":"product_tag","embeddable":true,"href":"https:\/\/aromasentia.com\/no\/wp-json\/wp\/v2\/product_tag?post=207751"}],"curies":[{"name":"wp","href":"https:\/\/api.w.org\/{rel}","templated":true}]}}