{"id":207747,"date":"2025-03-20T15:13:31","date_gmt":"2025-03-20T15:13:31","guid":{"rendered":"https:\/\/aromasentia.com\/product\/rosemary-organic-essential-oil-0-5kg\/"},"modified":"2025-06-28T22:42:30","modified_gmt":"2025-06-28T22:42:30","slug":"rosmarin-okologisk-eterisk-olje-500ml","status":"publish","type":"product","link":"https:\/\/aromasentia.com\/no\/rosmarin-okologisk-eterisk-olje-500ml\/","title":{"rendered":"Rosmarin \u00d8kologisk Eterisk Olje 500ml"},"content":{"rendered":"<p>Skjerp tankene dine med v\u00e5r 500 ml \u00f8kologiske essensielle rosmarinolje. Denne rosmarinoljen er sertifisert \u00f8kologisk og har en sterk, frisk, urteaktig og kamferaktig aroma som er kjent for sin evne til \u00e5 stimulere mental klarhet, forbedre hukommelsen og styrke sansene. Den er ogs\u00e5 sv\u00e6rt gunstig for \u00f8kologisk h\u00e5rpleie, og fremmer helsen i hodebunnen og en livlig vekst. Denne rene oljen er utvunnet med integritet og er ideell for diffusjon under studier eller arbeid, eller for \u00e5 tilsette i revitaliserende massasje- og h\u00e5rpleiepreparater.<\/p>\n","protected":false},"excerpt":{"rendered":"<p>Skjerp tankene dine med v\u00e5r 500 ml \u00f8kologiske essensielle rosmarinolje. Denne rosmarinoljen er sertifisert \u00f8kologisk og har en sterk, frisk, urteaktig og kamferaktig aroma som er kjent for sin evne til \u00e5 stimulere mental klarhet, forbedre hukommelsen og styrke sansene. Den er ogs\u00e5 sv\u00e6rt gunstig for \u00f8kologisk h\u00e5rpleie, og fremmer helsen i hodebunnen og en [&hellip;]<\/p>\n","protected":false},"featured_media":267504,"comment_status":"closed","ping_status":"open","template":"","meta":{"_angie_page":false},"product_brand":[27096],"product_cat":[9065,25843,10236,26659,26373,26862],"product_tag":[],"class_list":{"0":"post-207747","1":"product","2":"type-product","3":"status-publish","4":"has-post-thumbnail","6":"product_brand-ancient-wisdom","7":"product_cat-aromaterapi-og-romduft","8":"product_cat-dufter-aromaer","9":"product_cat-eteriske-oljer","10":"product_cat-okologiske-eteriske-oljer","11":"product_cat-rosmarin","12":"product_cat-urte-aromatisk","13":"pa_collection-bulk-organic-essential-oils-no","14":"pa_made-in-tunisia","15":"pa_size-500ml","17":"first","18":"instock","19":"purchasable","20":"product-type-simple"},"supplier_id":null,"supplier_sku":"OrgEOB-08","barcode":null,"atum_controlled":true,"out_stock_date":null,"out_stock_threshold":null,"inheritable":false,"inbound_stock":null,"stock_on_hold":0,"sold_today":0,"sales_last_days":0,"reserved_stock":null,"customer_returns":null,"warehouse_damage":null,"lost_in_post":null,"other_logs":null,"out_stock_days":0,"lost_sales":0,"has_location":null,"update_date":"2026-04-27T07:17:04","atum_locations":[],"atum_stock_status":"instock","restock_status":false,"low_stock_amount":"","sales_update_date":"2026-01-30T01:25:59","calc_backorders":null,"_links":{"self":[{"href":"https:\/\/aromasentia.com\/no\/wp-json\/wp\/v2\/product\/207747","targetHints":{"allow":["GET"]}}],"collection":[{"href":"https:\/\/aromasentia.com\/no\/wp-json\/wp\/v2\/product"}],"about":[{"href":"https:\/\/aromasentia.com\/no\/wp-json\/wp\/v2\/types\/product"}],"replies":[{"embeddable":true,"href":"https:\/\/aromasentia.com\/no\/wp-json\/wp\/v2\/comments?post=207747"}],"version-history":[{"count":0,"href":"https:\/\/aromasentia.com\/no\/wp-json\/wp\/v2\/product\/207747\/revisions"}],"wp:featuredmedia":[{"embeddable":true,"href":"https:\/\/aromasentia.com\/no\/wp-json\/wp\/v2\/media\/267504"}],"wp:attachment":[{"href":"https:\/\/aromasentia.com\/no\/wp-json\/wp\/v2\/media?parent=207747"}],"wp:term":[{"taxonomy":"product_brand","embeddable":true,"href":"https:\/\/aromasentia.com\/no\/wp-json\/wp\/v2\/product_brand?post=207747"},{"taxonomy":"product_cat","embeddable":true,"href":"https:\/\/aromasentia.com\/no\/wp-json\/wp\/v2\/product_cat?post=207747"},{"taxonomy":"product_tag","embeddable":true,"href":"https:\/\/aromasentia.com\/no\/wp-json\/wp\/v2\/product_tag?post=207747"}],"curies":[{"name":"wp","href":"https:\/\/api.w.org\/{rel}","templated":true}]}}