{"id":207746,"date":"2025-03-20T15:13:31","date_gmt":"2025-03-20T15:13:31","guid":{"rendered":"https:\/\/aromasentia.com\/product\/lemon-organic-essential-oil-0-5kg\/"},"modified":"2025-06-28T22:42:30","modified_gmt":"2025-06-28T22:42:30","slug":"sitron-okologisk-eterisk-olje-500ml","status":"publish","type":"product","link":"https:\/\/aromasentia.com\/no\/sitron-okologisk-eterisk-olje-500ml\/","title":{"rendered":"Sitron \u00d8kologisk Eterisk Olje 500ml"},"content":{"rendered":"<p>Lys opp og rens med v\u00e5r 500 ml \u00f8kologiske eteriske sitronolje. Denne livlige oljen er sertifisert \u00f8kologisk og utstr\u00e5ler en frisk og herlig oppl\u00f8ftende sitrusduft, som nysk\u00e5rne sitroner. Den er en naturlig hum\u00f8rbooster, luftrenser og et effektivt avfettingsmiddel, noe som gj\u00f8r den perfekt til naturlige rengj\u00f8ringsl\u00f8sninger. Den muntre aromaen kan gi energi til sinnet og fremme en positiv atmosf\u00e6re. Den er \u00f8kologisk fremstilt for maksimal renhet, og er en herlig og allsidig olje for diffusjon, rengj\u00f8ring og for \u00e5 gi dagen et ekstra piff.<\/p>\n","protected":false},"excerpt":{"rendered":"<p>Lys opp og rens med v\u00e5r 500 ml \u00f8kologiske eteriske sitronolje. Denne livlige oljen er sertifisert \u00f8kologisk og utstr\u00e5ler en frisk og herlig oppl\u00f8ftende sitrusduft, som nysk\u00e5rne sitroner. Den er en naturlig hum\u00f8rbooster, luftrenser og et effektivt avfettingsmiddel, noe som gj\u00f8r den perfekt til naturlige rengj\u00f8ringsl\u00f8sninger. Den muntre aromaen kan gi energi til sinnet og [&hellip;]<\/p>\n","protected":false},"featured_media":267495,"comment_status":"closed","ping_status":"open","template":"","meta":[],"product_brand":[27096],"product_cat":[9065,25843,10236,26659,26239,26820],"product_tag":[],"class_list":{"0":"post-207746","1":"product","2":"type-product","3":"status-publish","4":"has-post-thumbnail","6":"product_brand-ancient-wisdom","7":"product_cat-aromaterapi-og-romduft","8":"product_cat-dufter-aromaer","9":"product_cat-eteriske-oljer","10":"product_cat-okologiske-eteriske-oljer","11":"product_cat-sitron","12":"product_cat-sitrus","13":"pa_collection-bulk-organic-essential-oils-no","14":"pa_made-in-italia","15":"pa_size-500ml","17":"first","18":"instock","19":"purchasable","20":"product-type-simple"},"supplier_id":null,"supplier_sku":"OrgEOB-07","barcode":null,"atum_controlled":true,"out_stock_date":null,"out_stock_threshold":null,"inheritable":false,"inbound_stock":null,"stock_on_hold":0,"sold_today":0,"sales_last_days":0,"reserved_stock":null,"customer_returns":null,"warehouse_damage":null,"lost_in_post":null,"other_logs":null,"out_stock_days":0,"lost_sales":0,"has_location":null,"update_date":"2026-01-30T01:26:00","atum_locations":[],"atum_stock_status":"instock","restock_status":false,"low_stock_amount":"","sales_update_date":"2026-01-30T01:26:00","calc_backorders":null,"_links":{"self":[{"href":"https:\/\/aromasentia.com\/no\/wp-json\/wp\/v2\/product\/207746","targetHints":{"allow":["GET"]}}],"collection":[{"href":"https:\/\/aromasentia.com\/no\/wp-json\/wp\/v2\/product"}],"about":[{"href":"https:\/\/aromasentia.com\/no\/wp-json\/wp\/v2\/types\/product"}],"replies":[{"embeddable":true,"href":"https:\/\/aromasentia.com\/no\/wp-json\/wp\/v2\/comments?post=207746"}],"version-history":[{"count":0,"href":"https:\/\/aromasentia.com\/no\/wp-json\/wp\/v2\/product\/207746\/revisions"}],"wp:featuredmedia":[{"embeddable":true,"href":"https:\/\/aromasentia.com\/no\/wp-json\/wp\/v2\/media\/267495"}],"wp:attachment":[{"href":"https:\/\/aromasentia.com\/no\/wp-json\/wp\/v2\/media?parent=207746"}],"wp:term":[{"taxonomy":"product_brand","embeddable":true,"href":"https:\/\/aromasentia.com\/no\/wp-json\/wp\/v2\/product_brand?post=207746"},{"taxonomy":"product_cat","embeddable":true,"href":"https:\/\/aromasentia.com\/no\/wp-json\/wp\/v2\/product_cat?post=207746"},{"taxonomy":"product_tag","embeddable":true,"href":"https:\/\/aromasentia.com\/no\/wp-json\/wp\/v2\/product_tag?post=207746"}],"curies":[{"name":"wp","href":"https:\/\/api.w.org\/{rel}","templated":true}]}}