{"id":207745,"date":"2025-03-20T15:13:31","date_gmt":"2025-03-20T15:13:31","guid":{"rendered":"https:\/\/aromasentia.com\/product\/peppermint-organic-essential-oil-0-5kg\/"},"modified":"2025-06-28T22:42:29","modified_gmt":"2025-06-28T22:42:29","slug":"peppermynte-okologisk-eterisk-olje-500ml","status":"publish","type":"product","link":"https:\/\/aromasentia.com\/no\/peppermynte-okologisk-eterisk-olje-500ml\/","title":{"rendered":"Peppermynte \u00d8kologisk Eterisk Olje 500ml"},"content":{"rendered":"<p>Oppfrisk og kj\u00f8l ned med v\u00e5r 500 ml \u00f8kologiske eteriske peppermynteolje. Denne peppermynteoljen er sertifisert \u00f8kologisk og har en intens, skarp og forfriskende myntearoma som stimulerer sinnet og gir energi til kroppen. Den er kjent for sin evne til \u00e5 lindre hodepine, berolige ford\u00f8yelsesbesv\u00e6r og kj\u00f8le ned overanstrengte muskler. Den rene, oppl\u00f8ftende duften er perfekt for diffusjon for \u00e5 forbedre fokus eller for \u00e5 skape en revitaliserende atmosf\u00e6re. Den er et potent og allsidig tilskudd til din naturlige verkt\u00f8ykasse for velv\u00e6re, og er \u00f8kologisk fremstilt for renhet.<\/p>\n","protected":false},"excerpt":{"rendered":"<p>Oppfrisk og kj\u00f8l ned med v\u00e5r 500 ml \u00f8kologiske eteriske peppermynteolje. Denne peppermynteoljen er sertifisert \u00f8kologisk og har en intens, skarp og forfriskende myntearoma som stimulerer sinnet og gir energi til kroppen. Den er kjent for sin evne til \u00e5 lindre hodepine, berolige ford\u00f8yelsesbesv\u00e6r og kj\u00f8le ned overanstrengte muskler. Den rene, oppl\u00f8ftende duften er perfekt [&hellip;]<\/p>\n","protected":false},"featured_media":267486,"comment_status":"closed","ping_status":"open","template":"","meta":[],"product_brand":[27096],"product_cat":[9065,25843,10236,26876,26659,26340],"product_tag":[],"class_list":{"0":"post-207745","1":"product","2":"type-product","3":"status-publish","4":"has-post-thumbnail","6":"product_brand-ancient-wisdom","7":"product_cat-aromaterapi-og-romduft","8":"product_cat-dufter-aromaer","9":"product_cat-eteriske-oljer","10":"product_cat-mynte","11":"product_cat-okologiske-eteriske-oljer","12":"product_cat-peppermynte","13":"pa_collection-bulk-organic-essential-oils-no","14":"pa_made-in-india","15":"pa_size-500ml","17":"first","18":"instock","19":"purchasable","20":"product-type-simple"},"supplier_id":null,"supplier_sku":"OrgEOB-06","barcode":null,"atum_controlled":true,"out_stock_date":null,"out_stock_threshold":null,"inheritable":false,"inbound_stock":null,"stock_on_hold":0,"sold_today":0,"sales_last_days":0,"reserved_stock":null,"customer_returns":null,"warehouse_damage":null,"lost_in_post":null,"other_logs":null,"out_stock_days":0,"lost_sales":0,"has_location":null,"update_date":"2026-01-30T08:23:04","atum_locations":[],"atum_stock_status":"instock","restock_status":false,"low_stock_amount":"","sales_update_date":"2026-01-30T01:25:32","calc_backorders":null,"_links":{"self":[{"href":"https:\/\/aromasentia.com\/no\/wp-json\/wp\/v2\/product\/207745","targetHints":{"allow":["GET"]}}],"collection":[{"href":"https:\/\/aromasentia.com\/no\/wp-json\/wp\/v2\/product"}],"about":[{"href":"https:\/\/aromasentia.com\/no\/wp-json\/wp\/v2\/types\/product"}],"replies":[{"embeddable":true,"href":"https:\/\/aromasentia.com\/no\/wp-json\/wp\/v2\/comments?post=207745"}],"version-history":[{"count":0,"href":"https:\/\/aromasentia.com\/no\/wp-json\/wp\/v2\/product\/207745\/revisions"}],"wp:featuredmedia":[{"embeddable":true,"href":"https:\/\/aromasentia.com\/no\/wp-json\/wp\/v2\/media\/267486"}],"wp:attachment":[{"href":"https:\/\/aromasentia.com\/no\/wp-json\/wp\/v2\/media?parent=207745"}],"wp:term":[{"taxonomy":"product_brand","embeddable":true,"href":"https:\/\/aromasentia.com\/no\/wp-json\/wp\/v2\/product_brand?post=207745"},{"taxonomy":"product_cat","embeddable":true,"href":"https:\/\/aromasentia.com\/no\/wp-json\/wp\/v2\/product_cat?post=207745"},{"taxonomy":"product_tag","embeddable":true,"href":"https:\/\/aromasentia.com\/no\/wp-json\/wp\/v2\/product_tag?post=207745"}],"curies":[{"name":"wp","href":"https:\/\/api.w.org\/{rel}","templated":true}]}}