{"id":207744,"date":"2025-03-20T15:13:31","date_gmt":"2025-03-20T15:13:31","guid":{"rendered":"https:\/\/aromasentia.com\/product\/ylang-ylang-organic-essential-oil-0-5kg\/"},"modified":"2025-06-28T22:42:28","modified_gmt":"2025-06-28T22:42:28","slug":"ylang-ylang-okologisk-eterisk-olje-500ml","status":"publish","type":"product","link":"https:\/\/aromasentia.com\/no\/ylang-ylang-okologisk-eterisk-olje-500ml\/","title":{"rendered":"Ylang Ylang \u00d8kologisk Eterisk Olje 500ml"},"content":{"rendered":"<p>Unn deg den eksotiske blomsteraromaen i v\u00e5r 500 ml eteriske olje av \u00f8kologisk ylang ylang. Denne Ylang Ylang-oljen er sertifisert \u00f8kologisk (sannsynligvis en komplett eller blandet kvalitet) og gir en intenst s\u00f8t, rik og berusende blomsteraroma, kjent for sine avslappende, stemningsskapende og afrodisiakiske egenskaper. Den bidrar til \u00e5 lette stress, inspirere sensualitet og fremme f\u00f8lelsesmessig balanse. Den organiske renheten sikrer en vakker, uforfalsket duft som er perfekt for luksuri\u00f8se parfymer, diffusorer og beroligende bade- eller massasjeblandinger, som pleier kropp og sjel.<\/p>\n","protected":false},"excerpt":{"rendered":"<p>Unn deg den eksotiske blomsteraromaen i v\u00e5r 500 ml eteriske olje av \u00f8kologisk ylang ylang. Denne Ylang Ylang-oljen er sertifisert \u00f8kologisk (sannsynligvis en komplett eller blandet kvalitet) og gir en intenst s\u00f8t, rik og berusende blomsteraroma, kjent for sine avslappende, stemningsskapende og afrodisiakiske egenskaper. Den bidrar til \u00e5 lette stress, inspirere sensualitet og fremme f\u00f8lelsesmessig [&hellip;]<\/p>\n","protected":false},"featured_media":267477,"comment_status":"closed","ping_status":"open","template":"","meta":{"_angie_page":false},"product_brand":[27096],"product_cat":[9065,26834,25843,10236,26659,26445],"product_tag":[],"class_list":{"0":"post-207744","1":"product","2":"type-product","3":"status-publish","4":"has-post-thumbnail","6":"product_brand-ancient-wisdom","7":"product_cat-aromaterapi-og-romduft","8":"product_cat-blomster","9":"product_cat-dufter-aromaer","10":"product_cat-eteriske-oljer","11":"product_cat-okologiske-eteriske-oljer","12":"product_cat-ylang-ylang","13":"pa_collection-bulk-organic-essential-oils-no","14":"pa_made-in-komorene","15":"pa_size-500ml","17":"first","18":"outofstock","19":"purchasable","20":"product-type-simple"},"supplier_id":null,"supplier_sku":"OrgEOB-05","barcode":null,"atum_controlled":true,"out_stock_date":"2026-04-25 15:12:51","out_stock_threshold":null,"inheritable":false,"inbound_stock":0,"stock_on_hold":0,"sold_today":0,"sales_last_days":0,"reserved_stock":0,"customer_returns":0,"warehouse_damage":0,"lost_in_post":0,"other_logs":0,"out_stock_days":0,"lost_sales":0,"has_location":false,"update_date":"2026-04-27T07:17:04","atum_locations":[],"atum_stock_status":"outofstock","restock_status":false,"low_stock_amount":"","sales_update_date":"2025-09-05T00:17:36","calc_backorders":null,"_links":{"self":[{"href":"https:\/\/aromasentia.com\/no\/wp-json\/wp\/v2\/product\/207744","targetHints":{"allow":["GET"]}}],"collection":[{"href":"https:\/\/aromasentia.com\/no\/wp-json\/wp\/v2\/product"}],"about":[{"href":"https:\/\/aromasentia.com\/no\/wp-json\/wp\/v2\/types\/product"}],"replies":[{"embeddable":true,"href":"https:\/\/aromasentia.com\/no\/wp-json\/wp\/v2\/comments?post=207744"}],"version-history":[{"count":0,"href":"https:\/\/aromasentia.com\/no\/wp-json\/wp\/v2\/product\/207744\/revisions"}],"wp:featuredmedia":[{"embeddable":true,"href":"https:\/\/aromasentia.com\/no\/wp-json\/wp\/v2\/media\/267477"}],"wp:attachment":[{"href":"https:\/\/aromasentia.com\/no\/wp-json\/wp\/v2\/media?parent=207744"}],"wp:term":[{"taxonomy":"product_brand","embeddable":true,"href":"https:\/\/aromasentia.com\/no\/wp-json\/wp\/v2\/product_brand?post=207744"},{"taxonomy":"product_cat","embeddable":true,"href":"https:\/\/aromasentia.com\/no\/wp-json\/wp\/v2\/product_cat?post=207744"},{"taxonomy":"product_tag","embeddable":true,"href":"https:\/\/aromasentia.com\/no\/wp-json\/wp\/v2\/product_tag?post=207744"}],"curies":[{"name":"wp","href":"https:\/\/api.w.org\/{rel}","templated":true}]}}