{"id":207743,"date":"2025-03-20T15:13:31","date_gmt":"2025-03-20T15:13:31","guid":{"rendered":"https:\/\/aromasentia.com\/product\/patchouli-organic-essential-oil-0-5kg\/"},"modified":"2025-06-28T22:42:28","modified_gmt":"2025-06-28T22:42:28","slug":"patchouli-okologisk-eterisk-olje-500ml","status":"publish","type":"product","link":"https:\/\/aromasentia.com\/no\/patchouli-okologisk-eterisk-olje-500ml\/","title":{"rendered":"Patchouli \u00d8kologisk Eterisk Olje 500ml"},"content":{"rendered":"<p>Jordforbind sansene dine med den rike, jordn\u00e6re aromaen fra v\u00e5r 500 ml \u00f8kologiske essensielle patchouliolje. Denne Patchouli-oljen er sertifisert \u00f8kologisk og har en dyp, myskes\u00f8t og lett treaktig duft som er kjent for sin beroligende, balanserende og jordnende effekt. Den kan bidra til \u00e5 dempe angst og skape en meditativ atmosf\u00e6re. I \u00f8kologisk hudpleie er den verdsatt for sine regenererende egenskaper, som hjelper mot t\u00f8rr eller moden hud. Den er hentet fra \u00f8kologiske kilder og gir en ren og potent forbindelse til denne distinkte og historisk verdsatte aromaen.<\/p>\n","protected":false},"excerpt":{"rendered":"<p>Jordforbind sansene dine med den rike, jordn\u00e6re aromaen fra v\u00e5r 500 ml \u00f8kologiske essensielle patchouliolje. Denne Patchouli-oljen er sertifisert \u00f8kologisk og har en dyp, myskes\u00f8t og lett treaktig duft som er kjent for sin beroligende, balanserende og jordnende effekt. Den kan bidra til \u00e5 dempe angst og skape en meditativ atmosf\u00e6re. I \u00f8kologisk hudpleie er [&hellip;]<\/p>\n","protected":false},"featured_media":267468,"comment_status":"closed","ping_status":"open","template":"","meta":[],"product_brand":[27096],"product_cat":[9065,25843,10236,26827,26659,26335],"product_tag":[],"class_list":{"0":"post-207743","1":"product","2":"type-product","3":"status-publish","4":"has-post-thumbnail","6":"product_brand-ancient-wisdom","7":"product_cat-aromaterapi-og-romduft","8":"product_cat-dufter-aromaer","9":"product_cat-eteriske-oljer","10":"product_cat-jordlig-gronn","11":"product_cat-okologiske-eteriske-oljer","12":"product_cat-patchouli","13":"pa_collection-bulk-organic-essential-oils-no","14":"pa_made-in-indonesia","15":"pa_size-500ml","17":"first","18":"instock","19":"purchasable","20":"product-type-simple"},"supplier_id":null,"supplier_sku":"OrgEOB-04","barcode":null,"atum_controlled":true,"out_stock_date":null,"out_stock_threshold":null,"inheritable":false,"inbound_stock":0,"stock_on_hold":0,"sold_today":0,"sales_last_days":0,"reserved_stock":0,"customer_returns":0,"warehouse_damage":0,"lost_in_post":0,"other_logs":0,"out_stock_days":0,"lost_sales":0,"has_location":false,"update_date":"2026-02-07T03:19:16","atum_locations":[],"atum_stock_status":"instock","restock_status":false,"low_stock_amount":"","sales_update_date":"2025-09-05T00:17:34","calc_backorders":null,"_links":{"self":[{"href":"https:\/\/aromasentia.com\/no\/wp-json\/wp\/v2\/product\/207743","targetHints":{"allow":["GET"]}}],"collection":[{"href":"https:\/\/aromasentia.com\/no\/wp-json\/wp\/v2\/product"}],"about":[{"href":"https:\/\/aromasentia.com\/no\/wp-json\/wp\/v2\/types\/product"}],"replies":[{"embeddable":true,"href":"https:\/\/aromasentia.com\/no\/wp-json\/wp\/v2\/comments?post=207743"}],"version-history":[{"count":0,"href":"https:\/\/aromasentia.com\/no\/wp-json\/wp\/v2\/product\/207743\/revisions"}],"wp:featuredmedia":[{"embeddable":true,"href":"https:\/\/aromasentia.com\/no\/wp-json\/wp\/v2\/media\/267468"}],"wp:attachment":[{"href":"https:\/\/aromasentia.com\/no\/wp-json\/wp\/v2\/media?parent=207743"}],"wp:term":[{"taxonomy":"product_brand","embeddable":true,"href":"https:\/\/aromasentia.com\/no\/wp-json\/wp\/v2\/product_brand?post=207743"},{"taxonomy":"product_cat","embeddable":true,"href":"https:\/\/aromasentia.com\/no\/wp-json\/wp\/v2\/product_cat?post=207743"},{"taxonomy":"product_tag","embeddable":true,"href":"https:\/\/aromasentia.com\/no\/wp-json\/wp\/v2\/product_tag?post=207743"}],"curies":[{"name":"wp","href":"https:\/\/api.w.org\/{rel}","templated":true}]}}