{"id":207736,"date":"2025-03-20T15:13:31","date_gmt":"2025-03-20T15:13:31","guid":{"rendered":"https:\/\/aromasentia.com\/product\/cedarwood-organic-essential-oil-10ml\/"},"modified":"2025-05-31T04:19:46","modified_gmt":"2025-05-31T04:19:46","slug":"okologisk-sedertre-eterisk-olje-10ml","status":"publish","type":"product","link":"https:\/\/aromasentia.com\/no\/okologisk-sedertre-eterisk-olje-10ml\/","title":{"rendered":"\u00d8kologisk Sedertre Eterisk Olje 10ml"},"content":{"rendered":"<p><strong>Latinsk navn:<\/strong> Juniperus Virginiana<br \/><strong>Del av plante brukt:<\/strong>Tre<br \/><strong>Kilde:<\/strong>USA<br \/><strong>Ekstraksjonsmetode:<\/strong> Dampdestillasjon<\/p>\n<p>Sedertre er i utgangspunktet en plante som er hjemmeh\u00f8rende i kaldt klima og finnes vanligvis i h\u00f8ye h\u00f8yder. Helsefordelene ved eterisk olje av sedertre kan tilskrives dens egenskaper som et antiseboreisk, antiseptisk, krampestillende, tonisk, astringerende, vanndrivende, emmenagoge, sliml\u00f8sende, insektdrepende, beroligende og soppdrepende stoff.<\/p>\n<p><strong>\u00d8kologisk eterisk olje av sedertre<\/strong> lindrer symptomer p\u00e5 sebor\u00e9. Sebor\u00e9 eller seboreisk eksem er en forferdelig sykdom for\u00e5rsaket av en funksjonsfeil i talgkjertlene. Dette resulterer i \u00f8kt talgproduksjon og p\u00e5f\u00f8lgende infeksjon av epidermiscellene. Det ser veldig stygt ut, ettersom huden, farget hvit eller blekgul, begynner \u00e5 flasse av, spesielt fra hodebunnen, \u00f8yenbrynene, det indre \u00f8ret og andre steder med h\u00e5rsekker. Sedertreolje kan v\u00e6re gunstig for \u00e5 kurere denne betennelsessituasjonen og kan redusere denne hudflassingen, regulere talgproduksjonen og behandle infeksjonen. Oljen reduserer ogs\u00e5 den stygge r\u00f8dheten og \u00e5penbare tegnene p\u00e5 tilstanden samtidig som den eliminerer den.<\/p>\n<p>Sedertreolje forhindrer at s\u00e5r blir septiske, samt beskytter dem mot stivkrampebakterier. Ved \u00e5 forsvare kroppen mot giftstoffer, lindrer sedertreolje de hvite blodcellene og immunforsvaret for ekstra stress, noe som lar dem beskytte de indre funksjonene.<\/p>\n<p>Sedertreolje kan brukes som et generelt helsetonikum siden det toner organsystemene og stimulerer stoffskiftet. Det strammer og toner muskler i hud, mage, ford\u00f8yelsessystem og regulerer hjernefunksjoner. Det \u00f8ker funksjonaliteten til nyrer og lever, noe som ytterligere forbedrer den generelle helsen og velv\u00e6ret.<\/p>\n","protected":false},"excerpt":{"rendered":"<p>Latinsk navn: Juniperus VirginianaDel av plante brukt:TreKilde:USAEkstraksjonsmetode: Dampdestillasjon Sedertre er i utgangspunktet en plante som er hjemmeh\u00f8rende i kaldt klima og finnes vanligvis i h\u00f8ye h\u00f8yder. Helsefordelene ved eterisk olje av sedertre kan tilskrives dens egenskaper som et antiseboreisk, antiseptisk, krampestillende, tonisk, astringerende, vanndrivende, emmenagoge, sliml\u00f8sende, insektdrepende, beroligende og soppdrepende stoff. \u00d8kologisk eterisk olje av [&hellip;]<\/p>\n","protected":false},"featured_media":267397,"comment_status":"closed","ping_status":"open","template":"","meta":{"_angie_page":false},"product_brand":[27096],"product_cat":[9065,25843,10236,26659,26121,26897],"product_tag":[],"class_list":{"0":"post-207736","1":"product","2":"type-product","3":"status-publish","4":"has-post-thumbnail","6":"product_brand-ancient-wisdom","7":"product_cat-aromaterapi-og-romduft","8":"product_cat-dufter-aromaer","9":"product_cat-eteriske-oljer","10":"product_cat-okologiske-eteriske-oljer","11":"product_cat-seder","12":"product_cat-treaktig","13":"pa_collection-10ml-organic-essential-oils-no","14":"pa_made-in-marokko","15":"pa_size-10ml","17":"first","18":"instock","19":"purchasable","20":"product-type-simple"},"supplier_id":null,"supplier_sku":"OrgEO-17","barcode":null,"atum_controlled":true,"out_stock_date":null,"out_stock_threshold":null,"inheritable":false,"inbound_stock":null,"stock_on_hold":0,"sold_today":0,"sales_last_days":0,"reserved_stock":null,"customer_returns":null,"warehouse_damage":null,"lost_in_post":null,"other_logs":null,"out_stock_days":0,"lost_sales":0,"has_location":null,"update_date":"2026-04-27T07:17:04","atum_locations":[],"atum_stock_status":"instock","restock_status":false,"low_stock_amount":"","sales_update_date":"2025-09-05T00:17:31","calc_backorders":null,"_links":{"self":[{"href":"https:\/\/aromasentia.com\/no\/wp-json\/wp\/v2\/product\/207736","targetHints":{"allow":["GET"]}}],"collection":[{"href":"https:\/\/aromasentia.com\/no\/wp-json\/wp\/v2\/product"}],"about":[{"href":"https:\/\/aromasentia.com\/no\/wp-json\/wp\/v2\/types\/product"}],"replies":[{"embeddable":true,"href":"https:\/\/aromasentia.com\/no\/wp-json\/wp\/v2\/comments?post=207736"}],"version-history":[{"count":0,"href":"https:\/\/aromasentia.com\/no\/wp-json\/wp\/v2\/product\/207736\/revisions"}],"wp:featuredmedia":[{"embeddable":true,"href":"https:\/\/aromasentia.com\/no\/wp-json\/wp\/v2\/media\/267397"}],"wp:attachment":[{"href":"https:\/\/aromasentia.com\/no\/wp-json\/wp\/v2\/media?parent=207736"}],"wp:term":[{"taxonomy":"product_brand","embeddable":true,"href":"https:\/\/aromasentia.com\/no\/wp-json\/wp\/v2\/product_brand?post=207736"},{"taxonomy":"product_cat","embeddable":true,"href":"https:\/\/aromasentia.com\/no\/wp-json\/wp\/v2\/product_cat?post=207736"},{"taxonomy":"product_tag","embeddable":true,"href":"https:\/\/aromasentia.com\/no\/wp-json\/wp\/v2\/product_tag?post=207736"}],"curies":[{"name":"wp","href":"https:\/\/api.w.org\/{rel}","templated":true}]}}