{"id":207735,"date":"2025-03-20T15:13:31","date_gmt":"2025-03-20T15:13:31","guid":{"rendered":"https:\/\/aromasentia.com\/product\/cypress-organic-essential-oil-10ml\/"},"modified":"2025-05-31T04:19:43","modified_gmt":"2025-05-31T04:19:43","slug":"okologisk-cypress-eterisk-olje-10ml","status":"publish","type":"product","link":"https:\/\/aromasentia.com\/no\/okologisk-cypress-eterisk-olje-10ml\/","title":{"rendered":"\u00d8kologisk Cypress Eterisk Olje 10ml"},"content":{"rendered":"<p><strong>Latinsk navn:<\/strong> Cupressus Sempervirens<br \/><strong>Del av planten som brukes:<\/strong> N\u00e5ler og kvister<br \/><strong>Kilde:<\/strong>\u00d8sterrike<br \/><strong>Ekstraksjonsmetode:<\/strong> Dampdestillasjon<\/p>\n<p><strong>\u00d8kologisk eterisk olje av sypress<\/strong> utvinnes ved dampdestillasjon fra italiensk eller middelhavssypress. Oljen tas fra n\u00e5lene og kvistene til unge grener av disse tr\u00e6rne, som er gjort ber\u00f8mte gjennom Van Goghs malerier. Eterisk olje av sypress sies \u00e5 berolige sterke f\u00f8lelser som sinne, og er derfor nyttig \u00e5 ha under store forandringer i livet.<\/p>\n<p>Denne eteriske oljen fungerer som en vasokonstriktor, og hjelper mot \u00e5reknuter og hemoroider. Den skal fungere godt for \u00e5 lindre alle tilstander med overfl\u00f8dig v\u00e6ske, som kraftig menstruasjon, overdreven svette, hoste, bronkitt, bl\u00f8dning og v\u00e6skeretensjon. Denne oljen lindrer muskelkramper, bidrar til \u00e5 regulere menstruasjonssyklusen og lindrer leddgikt og revmatiske smerter. Bruk denne oljen i en fordamper for \u00e5 berolige sinnet, samt for eventuelle luftveisproblemer som astma, bronkitt og kikhoste. Den kan brukes fortynnet i en kald kompress for \u00e5 stoppe neseblod.<\/p>\n<p>Sypressen regnes som et s\u00f8rgetre i henhold til gresk mytologi og dyrkes ofte p\u00e5 kirkeg\u00e5rder av denne grunn. Det er ogs\u00e5 assosiert med underverdenens gud, Hades. F\u00f8nikere og kretensere brukte treverket fra dette treet til \u00e5 bygge skip og hus. Egypterne laget sarkofager av det, og grekerne skj\u00e6rer ut statuer av gudene sine med det. Legenden sier at Jesu Kristi kors ble laget av dette treverket, en annen grunn til at sypress er knyttet til d\u00f8den. Ironisk nok er det botaniske navnet p\u00e5 sypress avledet fra det greske \u00abSempervirens\u00bb, som betyr \u00ableve evig\u00bb.<\/p>\n","protected":false},"excerpt":{"rendered":"<p>Latinsk navn: Cupressus SempervirensDel av planten som brukes: N\u00e5ler og kvisterKilde:\u00d8sterrikeEkstraksjonsmetode: Dampdestillasjon \u00d8kologisk eterisk olje av sypress utvinnes ved dampdestillasjon fra italiensk eller middelhavssypress. Oljen tas fra n\u00e5lene og kvistene til unge grener av disse tr\u00e6rne, som er gjort ber\u00f8mte gjennom Van Goghs malerier. Eterisk olje av sypress sies \u00e5 berolige sterke f\u00f8lelser som sinne, [&hellip;]<\/p>\n","protected":false},"featured_media":267388,"comment_status":"closed","ping_status":"open","template":"","meta":{"_angie_page":false},"product_brand":[27096],"product_cat":[9065,25843,10236,26659,26166,26897],"product_tag":[],"class_list":{"0":"post-207735","1":"product","2":"type-product","3":"status-publish","4":"has-post-thumbnail","6":"product_brand-ancient-wisdom","7":"product_cat-aromaterapi-og-romduft","8":"product_cat-dufter-aromaer","9":"product_cat-eteriske-oljer","10":"product_cat-okologiske-eteriske-oljer","11":"product_cat-sypress","12":"product_cat-treaktig","13":"pa_collection-10ml-organic-essential-oils-no","14":"pa_made-in-italia","15":"pa_size-10ml","17":"first","18":"instock","19":"purchasable","20":"product-type-simple"},"supplier_id":null,"supplier_sku":"OrgEO-16","barcode":null,"atum_controlled":true,"out_stock_date":null,"out_stock_threshold":null,"inheritable":false,"inbound_stock":0,"stock_on_hold":0,"sold_today":0,"sales_last_days":0,"reserved_stock":0,"customer_returns":0,"warehouse_damage":0,"lost_in_post":0,"other_logs":0,"out_stock_days":0,"lost_sales":0,"has_location":false,"update_date":"2026-04-27T07:16:58","atum_locations":[],"atum_stock_status":"instock","restock_status":false,"low_stock_amount":"","sales_update_date":"2026-01-30T01:26:21","calc_backorders":null,"_links":{"self":[{"href":"https:\/\/aromasentia.com\/no\/wp-json\/wp\/v2\/product\/207735","targetHints":{"allow":["GET"]}}],"collection":[{"href":"https:\/\/aromasentia.com\/no\/wp-json\/wp\/v2\/product"}],"about":[{"href":"https:\/\/aromasentia.com\/no\/wp-json\/wp\/v2\/types\/product"}],"replies":[{"embeddable":true,"href":"https:\/\/aromasentia.com\/no\/wp-json\/wp\/v2\/comments?post=207735"}],"version-history":[{"count":0,"href":"https:\/\/aromasentia.com\/no\/wp-json\/wp\/v2\/product\/207735\/revisions"}],"wp:featuredmedia":[{"embeddable":true,"href":"https:\/\/aromasentia.com\/no\/wp-json\/wp\/v2\/media\/267388"}],"wp:attachment":[{"href":"https:\/\/aromasentia.com\/no\/wp-json\/wp\/v2\/media?parent=207735"}],"wp:term":[{"taxonomy":"product_brand","embeddable":true,"href":"https:\/\/aromasentia.com\/no\/wp-json\/wp\/v2\/product_brand?post=207735"},{"taxonomy":"product_cat","embeddable":true,"href":"https:\/\/aromasentia.com\/no\/wp-json\/wp\/v2\/product_cat?post=207735"},{"taxonomy":"product_tag","embeddable":true,"href":"https:\/\/aromasentia.com\/no\/wp-json\/wp\/v2\/product_tag?post=207735"}],"curies":[{"name":"wp","href":"https:\/\/api.w.org\/{rel}","templated":true}]}}