{"id":207733,"date":"2025-03-20T15:13:48","date_gmt":"2025-03-20T15:13:48","guid":{"rendered":"https:\/\/aromasentia.com\/product\/rose-geranium-organic-essential-oil-0-5kg\/"},"modified":"2025-06-28T22:42:23","modified_gmt":"2025-06-28T22:42:23","slug":"rose-geranium-okologisk-eterisk-olje-500ml","status":"publish","type":"product","link":"https:\/\/aromasentia.com\/no\/rose-geranium-okologisk-eterisk-olje-500ml\/","title":{"rendered":"Rose Geranium \u00d8kologisk Eterisk Olje 500ml"},"content":{"rendered":"<p>Nyt den harmoniske blomsterduften i v\u00e5r 500 ml eteriske olje av \u00f8kologisk rosegeranium. Denne vakre oljen er sertifisert \u00f8kologisk og blander de s\u00f8te, rosenr\u00f8de tonene av geranium med en karakter som minner om ekte rose, noe som gir en oppl\u00f8ftende og f\u00f8lelsesmessig balanserende duft. Den er verdsatt i \u00f8kologisk hudpleie for sin evne til \u00e5 balansere talg, berolige huden og fremme en sunn gl\u00f8d. Den herlige duften bidrar ogs\u00e5 til \u00e5 berolige nervene og skape en f\u00f8lelse av velv\u00e6re. En ren, allsidig blomsterblomst for naturlig skj\u00f8nnhet og f\u00f8lelsesmessig harmoni.<\/p>\n","protected":false},"excerpt":{"rendered":"<p>Nyt den harmoniske blomsterduften i v\u00e5r 500 ml eteriske olje av \u00f8kologisk rosegeranium. Denne vakre oljen er sertifisert \u00f8kologisk og blander de s\u00f8te, rosenr\u00f8de tonene av geranium med en karakter som minner om ekte rose, noe som gir en oppl\u00f8ftende og f\u00f8lelsesmessig balanserende duft. Den er verdsatt i \u00f8kologisk hudpleie for sin evne til \u00e5 [&hellip;]<\/p>\n","protected":false},"featured_media":267612,"comment_status":"closed","ping_status":"open","template":"","meta":{"_angie_page":false},"product_brand":[27096],"product_cat":[9065,26834,25843,10236,26187,26659,26366],"product_tag":[],"class_list":{"0":"post-207733","1":"product","2":"type-product","3":"status-publish","4":"has-post-thumbnail","6":"product_brand-ancient-wisdom","7":"product_cat-aromaterapi-og-romduft","8":"product_cat-blomster","9":"product_cat-dufter-aromaer","10":"product_cat-eteriske-oljer","11":"product_cat-geranium","12":"product_cat-okologiske-eteriske-oljer","13":"product_cat-rose","14":"pa_collection-bulk-organic-essential-oils-no","15":"pa_made-in-reunion","16":"pa_size-500ml","18":"first","19":"instock","20":"purchasable","21":"product-type-simple"},"supplier_id":null,"supplier_sku":"OrgEOB-20","barcode":null,"atum_controlled":true,"out_stock_date":null,"out_stock_threshold":null,"inheritable":false,"inbound_stock":0,"stock_on_hold":0,"sold_today":0,"sales_last_days":0,"reserved_stock":0,"customer_returns":0,"warehouse_damage":0,"lost_in_post":0,"other_logs":0,"out_stock_days":0,"lost_sales":0,"has_location":false,"update_date":"2026-05-08T05:15:42","atum_locations":[],"atum_stock_status":"instock","restock_status":false,"low_stock_amount":"","sales_update_date":"2026-01-30T01:26:00","calc_backorders":null,"_links":{"self":[{"href":"https:\/\/aromasentia.com\/no\/wp-json\/wp\/v2\/product\/207733","targetHints":{"allow":["GET"]}}],"collection":[{"href":"https:\/\/aromasentia.com\/no\/wp-json\/wp\/v2\/product"}],"about":[{"href":"https:\/\/aromasentia.com\/no\/wp-json\/wp\/v2\/types\/product"}],"replies":[{"embeddable":true,"href":"https:\/\/aromasentia.com\/no\/wp-json\/wp\/v2\/comments?post=207733"}],"version-history":[{"count":0,"href":"https:\/\/aromasentia.com\/no\/wp-json\/wp\/v2\/product\/207733\/revisions"}],"wp:featuredmedia":[{"embeddable":true,"href":"https:\/\/aromasentia.com\/no\/wp-json\/wp\/v2\/media\/267612"}],"wp:attachment":[{"href":"https:\/\/aromasentia.com\/no\/wp-json\/wp\/v2\/media?parent=207733"}],"wp:term":[{"taxonomy":"product_brand","embeddable":true,"href":"https:\/\/aromasentia.com\/no\/wp-json\/wp\/v2\/product_brand?post=207733"},{"taxonomy":"product_cat","embeddable":true,"href":"https:\/\/aromasentia.com\/no\/wp-json\/wp\/v2\/product_cat?post=207733"},{"taxonomy":"product_tag","embeddable":true,"href":"https:\/\/aromasentia.com\/no\/wp-json\/wp\/v2\/product_tag?post=207733"}],"curies":[{"name":"wp","href":"https:\/\/api.w.org\/{rel}","templated":true}]}}