{"id":207731,"date":"2025-03-20T15:13:48","date_gmt":"2025-03-20T15:13:48","guid":{"rendered":"https:\/\/aromasentia.com\/product\/petitgrain-organic-essential-oil-0-5kg\/"},"modified":"2025-06-28T22:42:22","modified_gmt":"2025-06-28T22:42:22","slug":"petitgrain-okologisk-eterisk-olje-500ml","status":"publish","type":"product","link":"https:\/\/aromasentia.com\/no\/petitgrain-okologisk-eterisk-olje-500ml\/","title":{"rendered":"Petitgrain \u00d8kologisk Eterisk Olje 500ml"},"content":{"rendered":"<p>Balanser og oppfrisk med v\u00e5r 500 ml \u00f8kologiske eteriske olje Petitgrain. Denne unike oljen, som er sertifisert \u00f8kologisk og destillert fra bladene og kvistene p\u00e5 det bitre appelsintreet, har en frisk, treaktig, litt blomsteraktig og subtil sitrusaktig aroma. Den er verdsatt for sin evne til \u00e5 berolige sinnet, lette angst og l\u00f8fte hum\u00f8ret uten \u00e5 for\u00e5rsake sedasjon. Den organiske naturen gj\u00f8r den til et fantastisk valg for naturlig parfyme, hudpleie for fet hud og for \u00e5 skape en harmonisk og rolig atmosf\u00e6re.<\/p>\n","protected":false},"excerpt":{"rendered":"<p>Balanser og oppfrisk med v\u00e5r 500 ml \u00f8kologiske eteriske olje Petitgrain. Denne unike oljen, som er sertifisert \u00f8kologisk og destillert fra bladene og kvistene p\u00e5 det bitre appelsintreet, har en frisk, treaktig, litt blomsteraktig og subtil sitrusaktig aroma. Den er verdsatt for sin evne til \u00e5 berolige sinnet, lette angst og l\u00f8fte hum\u00f8ret uten \u00e5 [&hellip;]<\/p>\n","protected":false},"featured_media":267594,"comment_status":"closed","ping_status":"open","template":"","meta":{"_angie_page":false},"product_brand":[27096],"product_cat":[9065,25843,10236,26659,26345,26820],"product_tag":[],"class_list":{"0":"post-207731","1":"product","2":"type-product","3":"status-publish","4":"has-post-thumbnail","6":"product_brand-ancient-wisdom","7":"product_cat-aromaterapi-og-romduft","8":"product_cat-dufter-aromaer","9":"product_cat-eteriske-oljer","10":"product_cat-okologiske-eteriske-oljer","11":"product_cat-petitgrain","12":"product_cat-sitrus","13":"pa_collection-bulk-organic-essential-oils-no","14":"pa_made-in-paraguay","15":"pa_size-500ml","17":"first","18":"outofstock","19":"purchasable","20":"product-type-simple"},"supplier_id":null,"supplier_sku":"OrgEOB-18","barcode":null,"atum_controlled":true,"out_stock_date":"2026-04-25 15:12:56","out_stock_threshold":null,"inheritable":false,"inbound_stock":0,"stock_on_hold":0,"sold_today":0,"sales_last_days":0,"reserved_stock":0,"customer_returns":0,"warehouse_damage":0,"lost_in_post":0,"other_logs":0,"out_stock_days":0,"lost_sales":0,"has_location":false,"update_date":"2026-04-27T07:17:12","atum_locations":[],"atum_stock_status":"outofstock","restock_status":false,"low_stock_amount":"","sales_update_date":"2026-01-20T05:13:02","calc_backorders":null,"_links":{"self":[{"href":"https:\/\/aromasentia.com\/no\/wp-json\/wp\/v2\/product\/207731","targetHints":{"allow":["GET"]}}],"collection":[{"href":"https:\/\/aromasentia.com\/no\/wp-json\/wp\/v2\/product"}],"about":[{"href":"https:\/\/aromasentia.com\/no\/wp-json\/wp\/v2\/types\/product"}],"replies":[{"embeddable":true,"href":"https:\/\/aromasentia.com\/no\/wp-json\/wp\/v2\/comments?post=207731"}],"version-history":[{"count":0,"href":"https:\/\/aromasentia.com\/no\/wp-json\/wp\/v2\/product\/207731\/revisions"}],"wp:featuredmedia":[{"embeddable":true,"href":"https:\/\/aromasentia.com\/no\/wp-json\/wp\/v2\/media\/267594"}],"wp:attachment":[{"href":"https:\/\/aromasentia.com\/no\/wp-json\/wp\/v2\/media?parent=207731"}],"wp:term":[{"taxonomy":"product_brand","embeddable":true,"href":"https:\/\/aromasentia.com\/no\/wp-json\/wp\/v2\/product_brand?post=207731"},{"taxonomy":"product_cat","embeddable":true,"href":"https:\/\/aromasentia.com\/no\/wp-json\/wp\/v2\/product_cat?post=207731"},{"taxonomy":"product_tag","embeddable":true,"href":"https:\/\/aromasentia.com\/no\/wp-json\/wp\/v2\/product_tag?post=207731"}],"curies":[{"name":"wp","href":"https:\/\/api.w.org\/{rel}","templated":true}]}}