{"id":207730,"date":"2025-03-20T15:13:48","date_gmt":"2025-03-20T15:13:48","guid":{"rendered":"https:\/\/aromasentia.com\/product\/cedarwood-atlas-organic-essential-oil-0-5kg\/"},"modified":"2025-06-28T22:42:22","modified_gmt":"2025-06-28T22:42:22","slug":"cedarwood-atlas-okologisk-eterisk-olje-500ml","status":"publish","type":"product","link":"https:\/\/aromasentia.com\/no\/cedarwood-atlas-okologisk-eterisk-olje-500ml\/","title":{"rendered":"Cedarwood Atlas \u00d8kologisk Eterisk Olje 500ml"},"content":{"rendered":"<p>Styrk og grunn med v\u00e5r 500 ml eteriske olje Organic Cedarwood Atlas Essential Oil. Denne oljen er sertifisert \u00f8kologisk og har en rik, treaktig, litt s\u00f8tlig og balsamisk aroma som virker dypt beroligende og styrkende. Cedertre Atlas er kjent for sin evne til \u00e5 berolige nerv\u00f8se spenninger, fremme emosjonell stabilitet og oppmuntre til en meditativ tilstand. Den er ogs\u00e5 gunstig for hodebunnen og som insektmiddel. Den organiske renheten sikrer en ekte, jordn\u00e6r forbindelse til dette majestetiske treets varige styrke.<\/p>\n","protected":false},"excerpt":{"rendered":"<p>Styrk og grunn med v\u00e5r 500 ml eteriske olje Organic Cedarwood Atlas Essential Oil. Denne oljen er sertifisert \u00f8kologisk og har en rik, treaktig, litt s\u00f8tlig og balsamisk aroma som virker dypt beroligende og styrkende. Cedertre Atlas er kjent for sin evne til \u00e5 berolige nerv\u00f8se spenninger, fremme emosjonell stabilitet og oppmuntre til en meditativ [&hellip;]<\/p>\n","protected":false},"featured_media":267585,"comment_status":"closed","ping_status":"open","template":"","meta":{"_angie_page":false},"product_brand":[27096],"product_cat":[9065,25843,10236,26659,26121,26897],"product_tag":[],"class_list":{"0":"post-207730","1":"product","2":"type-product","3":"status-publish","4":"has-post-thumbnail","6":"product_brand-ancient-wisdom","7":"product_cat-aromaterapi-og-romduft","8":"product_cat-dufter-aromaer","9":"product_cat-eteriske-oljer","10":"product_cat-okologiske-eteriske-oljer","11":"product_cat-seder","12":"product_cat-treaktig","13":"pa_collection-bulk-organic-essential-oils-no","14":"pa_made-in-marokko","15":"pa_size-500ml","17":"first","18":"instock","19":"purchasable","20":"product-type-simple"},"supplier_id":null,"supplier_sku":"OrgEOB-17","barcode":null,"atum_controlled":true,"out_stock_date":null,"out_stock_threshold":null,"inheritable":false,"inbound_stock":null,"stock_on_hold":0,"sold_today":0,"sales_last_days":0,"reserved_stock":null,"customer_returns":null,"warehouse_damage":null,"lost_in_post":null,"other_logs":null,"out_stock_days":0,"lost_sales":0,"has_location":null,"update_date":"2026-04-27T07:17:12","atum_locations":[],"atum_stock_status":"instock","restock_status":false,"low_stock_amount":"","sales_update_date":"2025-09-05T00:17:39","calc_backorders":null,"_links":{"self":[{"href":"https:\/\/aromasentia.com\/no\/wp-json\/wp\/v2\/product\/207730","targetHints":{"allow":["GET"]}}],"collection":[{"href":"https:\/\/aromasentia.com\/no\/wp-json\/wp\/v2\/product"}],"about":[{"href":"https:\/\/aromasentia.com\/no\/wp-json\/wp\/v2\/types\/product"}],"replies":[{"embeddable":true,"href":"https:\/\/aromasentia.com\/no\/wp-json\/wp\/v2\/comments?post=207730"}],"version-history":[{"count":0,"href":"https:\/\/aromasentia.com\/no\/wp-json\/wp\/v2\/product\/207730\/revisions"}],"wp:featuredmedia":[{"embeddable":true,"href":"https:\/\/aromasentia.com\/no\/wp-json\/wp\/v2\/media\/267585"}],"wp:attachment":[{"href":"https:\/\/aromasentia.com\/no\/wp-json\/wp\/v2\/media?parent=207730"}],"wp:term":[{"taxonomy":"product_brand","embeddable":true,"href":"https:\/\/aromasentia.com\/no\/wp-json\/wp\/v2\/product_brand?post=207730"},{"taxonomy":"product_cat","embeddable":true,"href":"https:\/\/aromasentia.com\/no\/wp-json\/wp\/v2\/product_cat?post=207730"},{"taxonomy":"product_tag","embeddable":true,"href":"https:\/\/aromasentia.com\/no\/wp-json\/wp\/v2\/product_tag?post=207730"}],"curies":[{"name":"wp","href":"https:\/\/api.w.org\/{rel}","templated":true}]}}