{"id":207729,"date":"2025-03-20T15:13:48","date_gmt":"2025-03-20T15:13:48","guid":{"rendered":"https:\/\/aromasentia.com\/product\/cypress-organic-essential-oil-0-5kg\/"},"modified":"2025-06-28T22:42:21","modified_gmt":"2025-06-28T22:42:21","slug":"cypress-okologisk-eterisk-olje-500ml","status":"publish","type":"product","link":"https:\/\/aromasentia.com\/no\/cypress-okologisk-eterisk-olje-500ml\/","title":{"rendered":"Cypress \u00d8kologisk Eterisk Olje 500ml"},"content":{"rendered":"<p>Jord og rens omgivelsene dine med v\u00e5r 500 ml \u00f8kologiske eteriske olje av sypress. Denne sypressoljen er sertifisert \u00f8kologisk og har en frisk, ren, lett treaktig og eviggr\u00f8nn duft som b\u00e5de virker sentrerende og oppl\u00f8ftende. Den er kjent for sine sammentrekkende egenskaper, noe som gj\u00f8r den nyttig for fet hud og for \u00e5 fremme sunn sirkulasjon. Duften kan virke beroligende i overgangstider og rensende for luften. Den er \u00f8kologisk dyrket og gir en ren,  Harpiksaktig forbindelse til naturens balanserende kraft.<\/p>\n","protected":false},"excerpt":{"rendered":"<p>Jord og rens omgivelsene dine med v\u00e5r 500 ml \u00f8kologiske eteriske olje av sypress. Denne sypressoljen er sertifisert \u00f8kologisk og har en frisk, ren, lett treaktig og eviggr\u00f8nn duft som b\u00e5de virker sentrerende og oppl\u00f8ftende. Den er kjent for sine sammentrekkende egenskaper, noe som gj\u00f8r den nyttig for fet hud og for \u00e5 fremme sunn [&hellip;]<\/p>\n","protected":false},"featured_media":267576,"comment_status":"closed","ping_status":"open","template":"","meta":{"_angie_page":false},"product_brand":[27096],"product_cat":[9065,25843,10236,26659,26166,26897],"product_tag":[],"class_list":{"0":"post-207729","1":"product","2":"type-product","3":"status-publish","4":"has-post-thumbnail","6":"product_brand-ancient-wisdom","7":"product_cat-aromaterapi-og-romduft","8":"product_cat-dufter-aromaer","9":"product_cat-eteriske-oljer","10":"product_cat-okologiske-eteriske-oljer","11":"product_cat-sypress","12":"product_cat-treaktig","13":"pa_collection-bulk-organic-essential-oils-no","14":"pa_made-in-spania","15":"pa_size-500ml","17":"first","18":"instock","19":"purchasable","20":"product-type-simple"},"supplier_id":null,"supplier_sku":"OrgEOB-16","barcode":null,"atum_controlled":true,"out_stock_date":null,"out_stock_threshold":null,"inheritable":false,"inbound_stock":null,"stock_on_hold":0,"sold_today":0,"sales_last_days":0,"reserved_stock":null,"customer_returns":null,"warehouse_damage":null,"lost_in_post":null,"other_logs":null,"out_stock_days":0,"lost_sales":0,"has_location":null,"update_date":"2026-04-27T07:17:04","atum_locations":[],"atum_stock_status":"instock","restock_status":false,"low_stock_amount":"","sales_update_date":"2025-09-05T00:17:39","calc_backorders":null,"_links":{"self":[{"href":"https:\/\/aromasentia.com\/no\/wp-json\/wp\/v2\/product\/207729","targetHints":{"allow":["GET"]}}],"collection":[{"href":"https:\/\/aromasentia.com\/no\/wp-json\/wp\/v2\/product"}],"about":[{"href":"https:\/\/aromasentia.com\/no\/wp-json\/wp\/v2\/types\/product"}],"replies":[{"embeddable":true,"href":"https:\/\/aromasentia.com\/no\/wp-json\/wp\/v2\/comments?post=207729"}],"version-history":[{"count":0,"href":"https:\/\/aromasentia.com\/no\/wp-json\/wp\/v2\/product\/207729\/revisions"}],"wp:featuredmedia":[{"embeddable":true,"href":"https:\/\/aromasentia.com\/no\/wp-json\/wp\/v2\/media\/267576"}],"wp:attachment":[{"href":"https:\/\/aromasentia.com\/no\/wp-json\/wp\/v2\/media?parent=207729"}],"wp:term":[{"taxonomy":"product_brand","embeddable":true,"href":"https:\/\/aromasentia.com\/no\/wp-json\/wp\/v2\/product_brand?post=207729"},{"taxonomy":"product_cat","embeddable":true,"href":"https:\/\/aromasentia.com\/no\/wp-json\/wp\/v2\/product_cat?post=207729"},{"taxonomy":"product_tag","embeddable":true,"href":"https:\/\/aromasentia.com\/no\/wp-json\/wp\/v2\/product_tag?post=207729"}],"curies":[{"name":"wp","href":"https:\/\/api.w.org\/{rel}","templated":true}]}}