{"id":207728,"date":"2025-03-20T15:13:48","date_gmt":"2025-03-20T15:13:48","guid":{"rendered":"https:\/\/aromasentia.com\/product\/grapefruit-organic-essential-oil-0-5kg\/"},"modified":"2025-06-28T22:42:21","modified_gmt":"2025-06-28T22:42:21","slug":"grapefrukt-okologisk-eterisk-olje-500ml","status":"publish","type":"product","link":"https:\/\/aromasentia.com\/no\/grapefrukt-okologisk-eterisk-olje-500ml\/","title":{"rendered":"Grapefrukt \u00d8kologisk Eterisk Olje 500ml"},"content":{"rendered":"<p>Oppfrisk og l\u00f8ft deg med v\u00e5r 500 ml eteriske olje av \u00f8kologisk grapefrukt. Denne oljen er sertifisert \u00f8kologisk og har en syrlig, lys og oppkvikkende sitrusaroma som er fantastisk energigivende og hum\u00f8rl\u00f8ftende. Den er kjent for sine avgiftende og oppstrammende egenskaper, og brukes ofte i blandinger for \u00e5 bekjempe v\u00e6skeansamlinger og st\u00f8tte et sunt stoffskifte. Den muntre duften bidrar til \u00e5 fjerne mental tretthet og fremme et positivt syn. Den er \u00f8kologisk fremstilt for renhet, og er en herlig duft for diffusjon og revitaliserende kroppspleie.<\/p>\n","protected":false},"excerpt":{"rendered":"<p>Oppfrisk og l\u00f8ft deg med v\u00e5r 500 ml eteriske olje av \u00f8kologisk grapefrukt. Denne oljen er sertifisert \u00f8kologisk og har en syrlig, lys og oppkvikkende sitrusaroma som er fantastisk energigivende og hum\u00f8rl\u00f8ftende. Den er kjent for sine avgiftende og oppstrammende egenskaper, og brukes ofte i blandinger for \u00e5 bekjempe v\u00e6skeansamlinger og st\u00f8tte et sunt stoffskifte. [&hellip;]<\/p>\n","protected":false},"featured_media":267567,"comment_status":"closed","ping_status":"open","template":"","meta":{"_angie_page":false},"product_brand":[27096],"product_cat":[9065,25843,10236,26203,26659,26820],"product_tag":[],"class_list":{"0":"post-207728","1":"product","2":"type-product","3":"status-publish","4":"has-post-thumbnail","6":"product_brand-ancient-wisdom","7":"product_cat-aromaterapi-og-romduft","8":"product_cat-dufter-aromaer","9":"product_cat-eteriske-oljer","10":"product_cat-grapefrukt","11":"product_cat-okologiske-eteriske-oljer","12":"product_cat-sitrus","13":"pa_collection-bulk-organic-essential-oils-no","14":"pa_made-in-usa","15":"pa_size-500ml","17":"first","18":"instock","19":"purchasable","20":"product-type-simple"},"supplier_id":null,"supplier_sku":"OrgEOB-15","barcode":null,"atum_controlled":true,"out_stock_date":null,"out_stock_threshold":null,"inheritable":false,"inbound_stock":0,"stock_on_hold":0,"sold_today":0,"sales_last_days":0,"reserved_stock":0,"customer_returns":0,"warehouse_damage":0,"lost_in_post":0,"other_logs":0,"out_stock_days":0,"lost_sales":0,"has_location":false,"update_date":"2026-04-27T07:17:04","atum_locations":[],"atum_stock_status":"instock","restock_status":false,"low_stock_amount":"","sales_update_date":"2025-09-05T00:17:38","calc_backorders":null,"_links":{"self":[{"href":"https:\/\/aromasentia.com\/no\/wp-json\/wp\/v2\/product\/207728","targetHints":{"allow":["GET"]}}],"collection":[{"href":"https:\/\/aromasentia.com\/no\/wp-json\/wp\/v2\/product"}],"about":[{"href":"https:\/\/aromasentia.com\/no\/wp-json\/wp\/v2\/types\/product"}],"replies":[{"embeddable":true,"href":"https:\/\/aromasentia.com\/no\/wp-json\/wp\/v2\/comments?post=207728"}],"version-history":[{"count":0,"href":"https:\/\/aromasentia.com\/no\/wp-json\/wp\/v2\/product\/207728\/revisions"}],"wp:featuredmedia":[{"embeddable":true,"href":"https:\/\/aromasentia.com\/no\/wp-json\/wp\/v2\/media\/267567"}],"wp:attachment":[{"href":"https:\/\/aromasentia.com\/no\/wp-json\/wp\/v2\/media?parent=207728"}],"wp:term":[{"taxonomy":"product_brand","embeddable":true,"href":"https:\/\/aromasentia.com\/no\/wp-json\/wp\/v2\/product_brand?post=207728"},{"taxonomy":"product_cat","embeddable":true,"href":"https:\/\/aromasentia.com\/no\/wp-json\/wp\/v2\/product_cat?post=207728"},{"taxonomy":"product_tag","embeddable":true,"href":"https:\/\/aromasentia.com\/no\/wp-json\/wp\/v2\/product_tag?post=207728"}],"curies":[{"name":"wp","href":"https:\/\/api.w.org\/{rel}","templated":true}]}}