{"id":207720,"date":"2025-03-20T15:13:59","date_gmt":"2025-03-20T15:13:59","guid":{"rendered":"https:\/\/aromasentia.com\/product\/cinnamon-stick-8-cm-cassia-vera-indonesia-1kg\/"},"modified":"2025-05-31T04:18:54","modified_gmt":"2025-05-31T04:18:54","slug":"kanelstang-8-cm-cassia-vera-indonesia-1kg","status":"publish","type":"product","link":"https:\/\/aromasentia.com\/no\/kanelstang-8-cm-cassia-vera-indonesia-1kg\/","title":{"rendered":"Kanelstang 8 cm (Cassia Vera, Indonesia) 1Kg"},"content":{"rendered":"<p>Lag smakfulle infusjoner og dekorative innslag med disse kanelstengene 8 cm (Cassia Vera, Indonesia) i en 1 kg-pakke. Disse klassiske 8 cm lange kanelstengene er perfekte til \u00e5 r\u00f8re i varme drikker, putre i kompotter eller karriretter eller bruke som aromatisk pynt. De avgir en fantastisk varm, s\u00f8t og krydret duft og smak. Denne Cassia Vera-sorten kommer fra Indonesia og har en robust kanelprofil som er ideell b\u00e5de til kulinarisk bruk og til \u00e5 lage vakre, velduftende dekorasjoner til hjemmet ditt.<\/p>\n","protected":false},"excerpt":{"rendered":"<p>Lag smakfulle infusjoner og dekorative innslag med disse kanelstengene 8 cm (Cassia Vera, Indonesia) i en 1 kg-pakke. Disse klassiske 8 cm lange kanelstengene er perfekte til \u00e5 r\u00f8re i varme drikker, putre i kompotter eller karriretter eller bruke som aromatisk pynt. De avgir en fantastisk varm, s\u00f8t og krydret duft og smak. Denne Cassia [&hellip;]<\/p>\n","protected":false},"featured_media":267769,"comment_status":"closed","ping_status":"open","template":"","meta":{"_angie_page":false},"product_brand":[],"product_cat":[9065,25843,26133,26890],"product_tag":[],"class_list":{"0":"post-207720","1":"product","2":"type-product","3":"status-publish","4":"has-post-thumbnail","6":"product_cat-aromaterapi-og-romduft","7":"product_cat-dufter-aromaer","8":"product_cat-kanel","9":"product_cat-krydret","10":"pa_collection-pure-floral-no","11":"pa_made-in-indonesia","13":"first","14":"instock","15":"purchasable","16":"product-type-simple"},"supplier_id":null,"supplier_sku":"PF-26","barcode":null,"atum_controlled":true,"out_stock_date":null,"out_stock_threshold":null,"inheritable":false,"inbound_stock":null,"stock_on_hold":0,"sold_today":0,"sales_last_days":0,"reserved_stock":null,"customer_returns":null,"warehouse_damage":null,"lost_in_post":null,"other_logs":null,"out_stock_days":0,"lost_sales":0,"has_location":null,"update_date":"2026-04-29T06:53:35","atum_locations":[],"atum_stock_status":"instock","restock_status":false,"low_stock_amount":"","sales_update_date":"2025-09-05T00:17:46","calc_backorders":null,"_links":{"self":[{"href":"https:\/\/aromasentia.com\/no\/wp-json\/wp\/v2\/product\/207720","targetHints":{"allow":["GET"]}}],"collection":[{"href":"https:\/\/aromasentia.com\/no\/wp-json\/wp\/v2\/product"}],"about":[{"href":"https:\/\/aromasentia.com\/no\/wp-json\/wp\/v2\/types\/product"}],"replies":[{"embeddable":true,"href":"https:\/\/aromasentia.com\/no\/wp-json\/wp\/v2\/comments?post=207720"}],"version-history":[{"count":0,"href":"https:\/\/aromasentia.com\/no\/wp-json\/wp\/v2\/product\/207720\/revisions"}],"wp:featuredmedia":[{"embeddable":true,"href":"https:\/\/aromasentia.com\/no\/wp-json\/wp\/v2\/media\/267769"}],"wp:attachment":[{"href":"https:\/\/aromasentia.com\/no\/wp-json\/wp\/v2\/media?parent=207720"}],"wp:term":[{"taxonomy":"product_brand","embeddable":true,"href":"https:\/\/aromasentia.com\/no\/wp-json\/wp\/v2\/product_brand?post=207720"},{"taxonomy":"product_cat","embeddable":true,"href":"https:\/\/aromasentia.com\/no\/wp-json\/wp\/v2\/product_cat?post=207720"},{"taxonomy":"product_tag","embeddable":true,"href":"https:\/\/aromasentia.com\/no\/wp-json\/wp\/v2\/product_tag?post=207720"}],"curies":[{"name":"wp","href":"https:\/\/api.w.org\/{rel}","templated":true}]}}