{"id":207719,"date":"2025-03-20T15:13:59","date_gmt":"2025-03-20T15:13:59","guid":{"rendered":"https:\/\/aromasentia.com\/product\/cinnamon-cut-2-cm-cassia-vera-indonesia-1kg\/"},"modified":"2025-05-31T04:18:52","modified_gmt":"2025-05-31T04:18:52","slug":"kanel-kuttet-2-cm-cassia-vera-indonesia-1kg","status":"publish","type":"product","link":"https:\/\/aromasentia.com\/no\/kanel-kuttet-2-cm-cassia-vera-indonesia-1kg\/","title":{"rendered":"Kanel Kuttet 2 cm (Cassia Vera, Indonesia) 1Kg"},"content":{"rendered":"<p>Tilf\u00f8r rettene dine autentisk varme ved hjelp av 2 cm kappet kanel (Cassia Vera, Indonesia) i denne 1 kg-pakken. Disse praktiske, ferdigkuttede bitene av Cassia-kanel gir en sterk, s\u00f8t og krydret smak, perfekt til gryteretter, karriretter, risretter og til \u00e5 putre i drikkevarer som gl\u00f8gg eller krydret cider. Denne Cassia Vera-sorten kommer fra Indonesia og gir en robust og velkjent kanelopplevelse, ideell til b\u00e5de s\u00f8te og salte retter der man \u00f8nsker et kraftig, aromatisk krydder.<\/p>\n","protected":false},"excerpt":{"rendered":"<p>Tilf\u00f8r rettene dine autentisk varme ved hjelp av 2 cm kappet kanel (Cassia Vera, Indonesia) i denne 1 kg-pakken. Disse praktiske, ferdigkuttede bitene av Cassia-kanel gir en sterk, s\u00f8t og krydret smak, perfekt til gryteretter, karriretter, risretter og til \u00e5 putre i drikkevarer som gl\u00f8gg eller krydret cider. Denne Cassia Vera-sorten kommer fra Indonesia og [&hellip;]<\/p>\n","protected":false},"featured_media":267760,"comment_status":"closed","ping_status":"open","template":"","meta":{"_angie_page":false},"product_brand":[],"product_cat":[9065,25843,26133,26890],"product_tag":[],"class_list":{"0":"post-207719","1":"product","2":"type-product","3":"status-publish","4":"has-post-thumbnail","6":"product_cat-aromaterapi-og-romduft","7":"product_cat-dufter-aromaer","8":"product_cat-kanel","9":"product_cat-krydret","10":"pa_collection-pure-floral-no","11":"pa_made-in-indonesia","13":"first","14":"instock","15":"purchasable","16":"product-type-simple"},"supplier_id":null,"supplier_sku":"PF-25","barcode":null,"atum_controlled":true,"out_stock_date":null,"out_stock_threshold":null,"inheritable":false,"inbound_stock":null,"stock_on_hold":0,"sold_today":0,"sales_last_days":0,"reserved_stock":null,"customer_returns":null,"warehouse_damage":null,"lost_in_post":null,"other_logs":null,"out_stock_days":0,"lost_sales":0,"has_location":null,"update_date":"2026-04-27T07:17:58","atum_locations":[],"atum_stock_status":"instock","restock_status":false,"low_stock_amount":"","sales_update_date":"2026-02-06T00:00:50","calc_backorders":null,"_links":{"self":[{"href":"https:\/\/aromasentia.com\/no\/wp-json\/wp\/v2\/product\/207719","targetHints":{"allow":["GET"]}}],"collection":[{"href":"https:\/\/aromasentia.com\/no\/wp-json\/wp\/v2\/product"}],"about":[{"href":"https:\/\/aromasentia.com\/no\/wp-json\/wp\/v2\/types\/product"}],"replies":[{"embeddable":true,"href":"https:\/\/aromasentia.com\/no\/wp-json\/wp\/v2\/comments?post=207719"}],"version-history":[{"count":0,"href":"https:\/\/aromasentia.com\/no\/wp-json\/wp\/v2\/product\/207719\/revisions"}],"wp:featuredmedia":[{"embeddable":true,"href":"https:\/\/aromasentia.com\/no\/wp-json\/wp\/v2\/media\/267760"}],"wp:attachment":[{"href":"https:\/\/aromasentia.com\/no\/wp-json\/wp\/v2\/media?parent=207719"}],"wp:term":[{"taxonomy":"product_brand","embeddable":true,"href":"https:\/\/aromasentia.com\/no\/wp-json\/wp\/v2\/product_brand?post=207719"},{"taxonomy":"product_cat","embeddable":true,"href":"https:\/\/aromasentia.com\/no\/wp-json\/wp\/v2\/product_cat?post=207719"},{"taxonomy":"product_tag","embeddable":true,"href":"https:\/\/aromasentia.com\/no\/wp-json\/wp\/v2\/product_tag?post=207719"}],"curies":[{"name":"wp","href":"https:\/\/api.w.org\/{rel}","templated":true}]}}