{"id":207717,"date":"2025-03-20T15:13:59","date_gmt":"2025-03-20T15:13:59","guid":{"rendered":"https:\/\/aromasentia.com\/product\/anise-grain-1kg\/"},"modified":"2025-05-31T04:18:47","modified_gmt":"2025-05-31T04:18:47","slug":"anis-korn-1kg","status":"publish","type":"product","link":"https:\/\/aromasentia.com\/no\/anis-korn-1kg\/","title":{"rendered":"Anis (Korn) 1Kg"},"content":{"rendered":"<p>Nyt den s\u00f8te, lakrislignende smaken av anis (korn), ogs\u00e5 kjent som anisfr\u00f8, i denne 1 kg-pakken. Disse sm\u00e5, aromatiske fr\u00f8ene er verdsatt for sin s\u00e6regne smak, og brukes mye i baking, konfekt, lik\u00f8rer (som ouzo og absint) og salte retter. Anis brukes ogs\u00e5 tradisjonelt til \u00e5 fremme ford\u00f8yelsen, friske opp pusten og lindre hoste. Denne sjener\u00f8se mengden er perfekt for de som elsker den unike smaken i sine kulinariske kreasjoner eller setter pris p\u00e5 de tradisjonelle karminative og sliml\u00f8sende egenskapene.<\/p>\n","protected":false},"excerpt":{"rendered":"<p>Nyt den s\u00f8te, lakrislignende smaken av anis (korn), ogs\u00e5 kjent som anisfr\u00f8, i denne 1 kg-pakken. Disse sm\u00e5, aromatiske fr\u00f8ene er verdsatt for sin s\u00e6regne smak, og brukes mye i baking, konfekt, lik\u00f8rer (som ouzo og absint) og salte retter. Anis brukes ogs\u00e5 tradisjonelt til \u00e5 fremme ford\u00f8yelsen, friske opp pusten og lindre hoste. Denne [&hellip;]<\/p>\n","protected":false},"featured_media":267742,"comment_status":"closed","ping_status":"open","template":"","meta":{"_angie_page":false},"product_brand":[],"product_cat":[9065],"product_tag":[],"class_list":{"0":"post-207717","1":"product","2":"type-product","3":"status-publish","4":"has-post-thumbnail","6":"product_cat-aromaterapi-og-romduft","7":"pa_collection-pure-floral-no","8":"pa_made-in-spania","10":"first","11":"instock","12":"purchasable","13":"product-type-simple"},"supplier_id":null,"supplier_sku":"PF-22","barcode":null,"atum_controlled":true,"out_stock_date":null,"out_stock_threshold":null,"inheritable":false,"inbound_stock":null,"stock_on_hold":0,"sold_today":0,"sales_last_days":0,"reserved_stock":null,"customer_returns":null,"warehouse_damage":null,"lost_in_post":null,"other_logs":null,"out_stock_days":87,"lost_sales":0,"has_location":null,"update_date":"2026-04-27T07:17:58","atum_locations":[],"atum_stock_status":"instock","restock_status":false,"low_stock_amount":"","sales_update_date":"2026-02-06T00:01:04","calc_backorders":null,"_links":{"self":[{"href":"https:\/\/aromasentia.com\/no\/wp-json\/wp\/v2\/product\/207717","targetHints":{"allow":["GET"]}}],"collection":[{"href":"https:\/\/aromasentia.com\/no\/wp-json\/wp\/v2\/product"}],"about":[{"href":"https:\/\/aromasentia.com\/no\/wp-json\/wp\/v2\/types\/product"}],"replies":[{"embeddable":true,"href":"https:\/\/aromasentia.com\/no\/wp-json\/wp\/v2\/comments?post=207717"}],"version-history":[{"count":0,"href":"https:\/\/aromasentia.com\/no\/wp-json\/wp\/v2\/product\/207717\/revisions"}],"wp:featuredmedia":[{"embeddable":true,"href":"https:\/\/aromasentia.com\/no\/wp-json\/wp\/v2\/media\/267742"}],"wp:attachment":[{"href":"https:\/\/aromasentia.com\/no\/wp-json\/wp\/v2\/media?parent=207717"}],"wp:term":[{"taxonomy":"product_brand","embeddable":true,"href":"https:\/\/aromasentia.com\/no\/wp-json\/wp\/v2\/product_brand?post=207717"},{"taxonomy":"product_cat","embeddable":true,"href":"https:\/\/aromasentia.com\/no\/wp-json\/wp\/v2\/product_cat?post=207717"},{"taxonomy":"product_tag","embeddable":true,"href":"https:\/\/aromasentia.com\/no\/wp-json\/wp\/v2\/product_tag?post=207717"}],"curies":[{"name":"wp","href":"https:\/\/api.w.org\/{rel}","templated":true}]}}