{"id":207716,"date":"2025-03-20T15:13:59","date_gmt":"2025-03-20T15:13:59","guid":{"rendered":"https:\/\/aromasentia.com\/product\/caraway-grain-1kg\/"},"modified":"2025-05-31T04:18:43","modified_gmt":"2025-05-31T04:18:43","slug":"karve-korn-1kg","status":"publish","type":"product","link":"https:\/\/aromasentia.com\/no\/karve-korn-1kg\/","title":{"rendered":"Karve (Korn) 1Kg"},"content":{"rendered":"<p>Oppdag det varme, aromatiske krydderet karve (korn) med denne 1 kg-leveransen. Disse sm\u00e5, halvm\u00e5neformede fr\u00f8ene har en s\u00e6regen, skarp smak som minner om anis og fennikel, med jordaktige undertoner. Karve er en klassisk ingrediens i rugbr\u00f8d, surk\u00e5l, oster og gryteretter, og har ogs\u00e5 en lang historie i tradisjonell urtemedisin, der den ofte brukes for \u00e5 hjelpe ford\u00f8yelsen og lindre luft i magen. Denne bulkpakken gir utmerket verdi for ivrige bakere, kokker og urteentusiaster som er ute etter dette unike og smakfulle krydderet.<\/p>\n","protected":false},"excerpt":{"rendered":"<p>Oppdag det varme, aromatiske krydderet karve (korn) med denne 1 kg-leveransen. Disse sm\u00e5, halvm\u00e5neformede fr\u00f8ene har en s\u00e6regen, skarp smak som minner om anis og fennikel, med jordaktige undertoner. Karve er en klassisk ingrediens i rugbr\u00f8d, surk\u00e5l, oster og gryteretter, og har ogs\u00e5 en lang historie i tradisjonell urtemedisin, der den ofte brukes for \u00e5 [&hellip;]<\/p>\n","protected":false},"featured_media":267733,"comment_status":"closed","ping_status":"open","template":"","meta":[],"product_brand":[],"product_cat":[9065],"product_tag":[],"class_list":{"0":"post-207716","1":"product","2":"type-product","3":"status-publish","4":"has-post-thumbnail","6":"product_cat-aromaterapi-og-romduft","7":"pa_collection-pure-floral-no","8":"pa_made-in-finland","10":"first","11":"instock","12":"purchasable","13":"product-type-simple"},"supplier_id":null,"supplier_sku":"PF-21","barcode":null,"atum_controlled":true,"out_stock_date":null,"out_stock_threshold":null,"inheritable":false,"inbound_stock":null,"stock_on_hold":0,"sold_today":0,"sales_last_days":0,"reserved_stock":null,"customer_returns":null,"warehouse_damage":null,"lost_in_post":null,"other_logs":null,"out_stock_days":0,"lost_sales":0,"has_location":null,"update_date":"2026-02-12T05:41:19","atum_locations":[],"atum_stock_status":"instock","restock_status":false,"low_stock_amount":"","sales_update_date":"2025-09-05T00:17:42","calc_backorders":null,"_links":{"self":[{"href":"https:\/\/aromasentia.com\/no\/wp-json\/wp\/v2\/product\/207716","targetHints":{"allow":["GET"]}}],"collection":[{"href":"https:\/\/aromasentia.com\/no\/wp-json\/wp\/v2\/product"}],"about":[{"href":"https:\/\/aromasentia.com\/no\/wp-json\/wp\/v2\/types\/product"}],"replies":[{"embeddable":true,"href":"https:\/\/aromasentia.com\/no\/wp-json\/wp\/v2\/comments?post=207716"}],"version-history":[{"count":0,"href":"https:\/\/aromasentia.com\/no\/wp-json\/wp\/v2\/product\/207716\/revisions"}],"wp:featuredmedia":[{"embeddable":true,"href":"https:\/\/aromasentia.com\/no\/wp-json\/wp\/v2\/media\/267733"}],"wp:attachment":[{"href":"https:\/\/aromasentia.com\/no\/wp-json\/wp\/v2\/media?parent=207716"}],"wp:term":[{"taxonomy":"product_brand","embeddable":true,"href":"https:\/\/aromasentia.com\/no\/wp-json\/wp\/v2\/product_brand?post=207716"},{"taxonomy":"product_cat","embeddable":true,"href":"https:\/\/aromasentia.com\/no\/wp-json\/wp\/v2\/product_cat?post=207716"},{"taxonomy":"product_tag","embeddable":true,"href":"https:\/\/aromasentia.com\/no\/wp-json\/wp\/v2\/product_tag?post=207716"}],"curies":[{"name":"wp","href":"https:\/\/api.w.org\/{rel}","templated":true}]}}