{"id":207707,"date":"2025-03-20T15:14:06","date_gmt":"2025-03-20T15:14:06","guid":{"rendered":"https:\/\/aromasentia.com\/product\/fennel-grain-1kg\/"},"modified":"2025-05-31T04:18:20","modified_gmt":"2025-05-31T04:18:20","slug":"fennikel-korn-1kg","status":"publish","type":"product","link":"https:\/\/aromasentia.com\/no\/fennikel-korn-1kg\/","title":{"rendered":"Fennikel (Korn) 1Kg"},"content":{"rendered":"<p>St\u00f8tt ford\u00f8yelseshelsen din med fennikel (korn) i denne 1 kg-pakken. Disse aromatiske fr\u00f8ene har en s\u00f8t, varm, anislignende smak og har tradisjonelt blitt brukt i \u00e5rhundrer for \u00e5 hjelpe ford\u00f8yelsen, lindre oppbl\u00e5sthet og friske opp pusten. Fennikelte er et popul\u00e6rt karminativum, og fr\u00f8ene er ogs\u00e5 mye brukt i matlaging, s\u00e6rlig i indiske retter og middelhavskj\u00f8kken, samt i krydderblandinger som kinesisk femkrydder. Denne bulkforsyningen er perfekt til b\u00e5de kulinarisk bruk og urtebruk.<\/p>\n","protected":false},"excerpt":{"rendered":"<p>St\u00f8tt ford\u00f8yelseshelsen din med fennikel (korn) i denne 1 kg-pakken. Disse aromatiske fr\u00f8ene har en s\u00f8t, varm, anislignende smak og har tradisjonelt blitt brukt i \u00e5rhundrer for \u00e5 hjelpe ford\u00f8yelsen, lindre oppbl\u00e5sthet og friske opp pusten. Fennikelte er et popul\u00e6rt karminativum, og fr\u00f8ene er ogs\u00e5 mye brukt i matlaging, s\u00e6rlig i indiske retter og middelhavskj\u00f8kken, [&hellip;]<\/p>\n","protected":false},"featured_media":267886,"comment_status":"closed","ping_status":"open","template":"","meta":{"_angie_page":false},"product_brand":[],"product_cat":[9065,25843,26183,26862],"product_tag":[],"class_list":{"0":"post-207707","1":"product","2":"type-product","3":"status-publish","4":"has-post-thumbnail","6":"product_cat-aromaterapi-og-romduft","7":"product_cat-dufter-aromaer","8":"product_cat-fennikel","9":"product_cat-urte-aromatisk","10":"pa_collection-pure-floral-no","11":"pa_made-in-egypt","13":"first","14":"instock","15":"purchasable","16":"product-type-simple"},"supplier_id":null,"supplier_sku":"PF-39","barcode":null,"atum_controlled":true,"out_stock_date":null,"out_stock_threshold":null,"inheritable":false,"inbound_stock":null,"stock_on_hold":0,"sold_today":0,"sales_last_days":0,"reserved_stock":null,"customer_returns":null,"warehouse_damage":null,"lost_in_post":null,"other_logs":null,"out_stock_days":0,"lost_sales":0,"has_location":null,"update_date":"2026-04-27T07:18:04","atum_locations":[],"atum_stock_status":"instock","restock_status":false,"low_stock_amount":"","sales_update_date":"2026-02-06T00:01:18","calc_backorders":null,"_links":{"self":[{"href":"https:\/\/aromasentia.com\/no\/wp-json\/wp\/v2\/product\/207707","targetHints":{"allow":["GET"]}}],"collection":[{"href":"https:\/\/aromasentia.com\/no\/wp-json\/wp\/v2\/product"}],"about":[{"href":"https:\/\/aromasentia.com\/no\/wp-json\/wp\/v2\/types\/product"}],"replies":[{"embeddable":true,"href":"https:\/\/aromasentia.com\/no\/wp-json\/wp\/v2\/comments?post=207707"}],"version-history":[{"count":0,"href":"https:\/\/aromasentia.com\/no\/wp-json\/wp\/v2\/product\/207707\/revisions"}],"wp:featuredmedia":[{"embeddable":true,"href":"https:\/\/aromasentia.com\/no\/wp-json\/wp\/v2\/media\/267886"}],"wp:attachment":[{"href":"https:\/\/aromasentia.com\/no\/wp-json\/wp\/v2\/media?parent=207707"}],"wp:term":[{"taxonomy":"product_brand","embeddable":true,"href":"https:\/\/aromasentia.com\/no\/wp-json\/wp\/v2\/product_brand?post=207707"},{"taxonomy":"product_cat","embeddable":true,"href":"https:\/\/aromasentia.com\/no\/wp-json\/wp\/v2\/product_cat?post=207707"},{"taxonomy":"product_tag","embeddable":true,"href":"https:\/\/aromasentia.com\/no\/wp-json\/wp\/v2\/product_tag?post=207707"}],"curies":[{"name":"wp","href":"https:\/\/api.w.org\/{rel}","templated":true}]}}