{"id":207701,"date":"2025-03-20T15:14:06","date_gmt":"2025-03-20T15:14:06","guid":{"rendered":"https:\/\/aromasentia.com\/product\/rosehip-cut-rosehip-1kg\/"},"modified":"2025-05-31T04:17:53","modified_gmt":"2025-05-31T04:17:53","slug":"nype-kuttet-rosehip-1kg","status":"publish","type":"product","link":"https:\/\/aromasentia.com\/no\/nype-kuttet-rosehip-1kg\/","title":{"rendered":"Nype (Kuttet) (Rosehip) 1Kg"},"content":{"rendered":"<p>\u00d8k velv\u00e6ret ditt med de naturlige godene fra nyperoser (oppsk\u00e5ret) i denne 1 kg-pakken. Disse t\u00f8rkede, oppsk\u00e5rne fruktbitene fra roseplanten er kjent for sitt eksepsjonelt h\u00f8ye innhold av vitamin C, sammen med andre antioksidanter og vitaminer. Hybente, med sin syrlige, fruktige smak, er et popul\u00e6rt valg for \u00e5 st\u00f8tte immunforsvaret, fremme hudens helse og som en generell tonic. Denne sjener\u00f8se forsyningen gir mulighet for mange sunne infusjoner og urtepreparater.<\/p>\n","protected":false},"excerpt":{"rendered":"<p>\u00d8k velv\u00e6ret ditt med de naturlige godene fra nyperoser (oppsk\u00e5ret) i denne 1 kg-pakken. Disse t\u00f8rkede, oppsk\u00e5rne fruktbitene fra roseplanten er kjent for sitt eksepsjonelt h\u00f8ye innhold av vitamin C, sammen med andre antioksidanter og vitaminer. Hybente, med sin syrlige, fruktige smak, er et popul\u00e6rt valg for \u00e5 st\u00f8tte immunforsvaret, fremme hudens helse og som [&hellip;]<\/p>\n","protected":false},"featured_media":267832,"comment_status":"closed","ping_status":"open","template":"","meta":{"_angie_page":false},"product_brand":[],"product_cat":[9065,25843,26491,26827],"product_tag":[],"class_list":{"0":"post-207701","1":"product","2":"type-product","3":"status-publish","4":"has-post-thumbnail","6":"product_cat-aromaterapi-og-romduft","7":"product_cat-dufter-aromaer","8":"product_cat-hyben","9":"product_cat-jordlig-gronn","10":"pa_collection-pure-floral-no","11":"pa_made-in-spania","13":"first","14":"instock","15":"purchasable","16":"product-type-simple"},"supplier_id":null,"supplier_sku":"PF-33","barcode":null,"atum_controlled":true,"out_stock_date":null,"out_stock_threshold":null,"inheritable":false,"inbound_stock":null,"stock_on_hold":0,"sold_today":0,"sales_last_days":0,"reserved_stock":null,"customer_returns":null,"warehouse_damage":null,"lost_in_post":null,"other_logs":null,"out_stock_days":0,"lost_sales":0,"has_location":false,"update_date":"2026-04-27T07:18:04","atum_locations":[],"atum_stock_status":"instock","restock_status":false,"low_stock_amount":"","sales_update_date":"2026-01-30T01:24:55","calc_backorders":null,"_links":{"self":[{"href":"https:\/\/aromasentia.com\/no\/wp-json\/wp\/v2\/product\/207701","targetHints":{"allow":["GET"]}}],"collection":[{"href":"https:\/\/aromasentia.com\/no\/wp-json\/wp\/v2\/product"}],"about":[{"href":"https:\/\/aromasentia.com\/no\/wp-json\/wp\/v2\/types\/product"}],"replies":[{"embeddable":true,"href":"https:\/\/aromasentia.com\/no\/wp-json\/wp\/v2\/comments?post=207701"}],"version-history":[{"count":0,"href":"https:\/\/aromasentia.com\/no\/wp-json\/wp\/v2\/product\/207701\/revisions"}],"wp:featuredmedia":[{"embeddable":true,"href":"https:\/\/aromasentia.com\/no\/wp-json\/wp\/v2\/media\/267832"}],"wp:attachment":[{"href":"https:\/\/aromasentia.com\/no\/wp-json\/wp\/v2\/media?parent=207701"}],"wp:term":[{"taxonomy":"product_brand","embeddable":true,"href":"https:\/\/aromasentia.com\/no\/wp-json\/wp\/v2\/product_brand?post=207701"},{"taxonomy":"product_cat","embeddable":true,"href":"https:\/\/aromasentia.com\/no\/wp-json\/wp\/v2\/product_cat?post=207701"},{"taxonomy":"product_tag","embeddable":true,"href":"https:\/\/aromasentia.com\/no\/wp-json\/wp\/v2\/product_tag?post=207701"}],"curies":[{"name":"wp","href":"https:\/\/api.w.org\/{rel}","templated":true}]}}