{"id":207699,"date":"2025-03-20T15:14:06","date_gmt":"2025-03-20T15:14:06","guid":{"rendered":"https:\/\/aromasentia.com\/product\/clove-whole-1kg\/"},"modified":"2025-05-31T04:17:47","modified_gmt":"2025-05-31T04:17:47","slug":"krydderfedd-hel-1kg","status":"publish","type":"product","link":"https:\/\/aromasentia.com\/no\/krydderfedd-hel-1kg\/","title":{"rendered":"Krydderfedd (Hel) 1Kg"},"content":{"rendered":"<p>Tilf\u00f8r dine kulinariske kreasjoner og festlige blandinger den intense aromaen av nellik (hel) i denne 1 kg-pakken. Disse t\u00f8rkede blomsterknoppene gir en kraftig, s\u00f8t, varm og krydret duft og smak. Nellik er en viktig ingrediens i bakst, gl\u00f8gg, salte retter som skinke og krydderblandinger som garam masala, og nellik er ogs\u00e5 kjent for sine antiseptiske og smertestillende egenskaper, og brukes ofte til \u00e5 lindre tannpine. Denne bulkforsyningen gir rikelig med nellik til all matlaging, baking og aromatiske behov.<\/p>\n","protected":false},"excerpt":{"rendered":"<p>Tilf\u00f8r dine kulinariske kreasjoner og festlige blandinger den intense aromaen av nellik (hel) i denne 1 kg-pakken. Disse t\u00f8rkede blomsterknoppene gir en kraftig, s\u00f8t, varm og krydret duft og smak. Nellik er en viktig ingrediens i bakst, gl\u00f8gg, salte retter som skinke og krydderblandinger som garam masala, og nellik er ogs\u00e5 kjent for sine antiseptiske [&hellip;]<\/p>\n","protected":false},"featured_media":267814,"comment_status":"closed","ping_status":"open","template":"","meta":{"_angie_page":false},"product_brand":[],"product_cat":[9065,25843,26890,26487],"product_tag":[],"class_list":{"0":"post-207699","1":"product","2":"type-product","3":"status-publish","4":"has-post-thumbnail","6":"product_cat-aromaterapi-og-romduft","7":"product_cat-dufter-aromaer","8":"product_cat-krydret","9":"product_cat-nellik","10":"pa_collection-pure-floral-no","11":"pa_made-in-komorene","13":"first","14":"instock","15":"purchasable","16":"product-type-simple"},"supplier_id":null,"supplier_sku":"PF-31","barcode":null,"atum_controlled":true,"out_stock_date":null,"out_stock_threshold":null,"inheritable":false,"inbound_stock":null,"stock_on_hold":0,"sold_today":0,"sales_last_days":0,"reserved_stock":null,"customer_returns":null,"warehouse_damage":null,"lost_in_post":null,"other_logs":null,"out_stock_days":0,"lost_sales":0,"has_location":null,"update_date":"2026-04-27T07:17:58","atum_locations":[],"atum_stock_status":"instock","restock_status":false,"low_stock_amount":"","sales_update_date":"2025-09-05T00:17:45","calc_backorders":null,"_links":{"self":[{"href":"https:\/\/aromasentia.com\/no\/wp-json\/wp\/v2\/product\/207699","targetHints":{"allow":["GET"]}}],"collection":[{"href":"https:\/\/aromasentia.com\/no\/wp-json\/wp\/v2\/product"}],"about":[{"href":"https:\/\/aromasentia.com\/no\/wp-json\/wp\/v2\/types\/product"}],"replies":[{"embeddable":true,"href":"https:\/\/aromasentia.com\/no\/wp-json\/wp\/v2\/comments?post=207699"}],"version-history":[{"count":0,"href":"https:\/\/aromasentia.com\/no\/wp-json\/wp\/v2\/product\/207699\/revisions"}],"wp:featuredmedia":[{"embeddable":true,"href":"https:\/\/aromasentia.com\/no\/wp-json\/wp\/v2\/media\/267814"}],"wp:attachment":[{"href":"https:\/\/aromasentia.com\/no\/wp-json\/wp\/v2\/media?parent=207699"}],"wp:term":[{"taxonomy":"product_brand","embeddable":true,"href":"https:\/\/aromasentia.com\/no\/wp-json\/wp\/v2\/product_brand?post=207699"},{"taxonomy":"product_cat","embeddable":true,"href":"https:\/\/aromasentia.com\/no\/wp-json\/wp\/v2\/product_cat?post=207699"},{"taxonomy":"product_tag","embeddable":true,"href":"https:\/\/aromasentia.com\/no\/wp-json\/wp\/v2\/product_tag?post=207699"}],"curies":[{"name":"wp","href":"https:\/\/api.w.org\/{rel}","templated":true}]}}