{"id":207697,"date":"2025-03-20T15:14:06","date_gmt":"2025-03-20T15:14:06","guid":{"rendered":"https:\/\/aromasentia.com\/product\/green-cardamom-grains-1kg\/"},"modified":"2025-05-31T04:17:42","modified_gmt":"2025-05-31T04:17:42","slug":"gronn-kardemomme-korn-1kg","status":"publish","type":"product","link":"https:\/\/aromasentia.com\/no\/gronn-kardemomme-korn-1kg\/","title":{"rendered":"Gr\u00f8nn Kardemomme (Korn) 1Kg"},"content":{"rendered":"<p>Tilf\u00f8r kj\u00f8kkenet et eksotisk, aromatisk preg med gr\u00f8nn kardemomme (korn) i denne 1 kg-pakken. Disse hele kornene (belgene inneholder fr\u00f8) gir en intenst duftende, s\u00f8t, krydret og litt sitrusaktig eukalyptuslignende smak. Kardemomme er et verdsatt krydder i indisk, midt\u00f8stlig og skandinavisk matlaging, og det l\u00f8fter b\u00e5de s\u00f8te og salte retter, fra karriretter og rispilaf til bakverk og krydret te. Dette bulksortimentet sikrer rikelig tilgang p\u00e5 denne uts\u00f8kte og allsidige &laquo;krydderdronningen&raquo;.<\/p>\n","protected":false},"excerpt":{"rendered":"<p>Tilf\u00f8r kj\u00f8kkenet et eksotisk, aromatisk preg med gr\u00f8nn kardemomme (korn) i denne 1 kg-pakken. Disse hele kornene (belgene inneholder fr\u00f8) gir en intenst duftende, s\u00f8t, krydret og litt sitrusaktig eukalyptuslignende smak. Kardemomme er et verdsatt krydder i indisk, midt\u00f8stlig og skandinavisk matlaging, og det l\u00f8fter b\u00e5de s\u00f8te og salte retter, fra karriretter og rispilaf til [&hellip;]<\/p>\n","protected":false},"featured_media":267796,"comment_status":"closed","ping_status":"open","template":"","meta":{"_angie_page":false},"product_brand":[],"product_cat":[9065],"product_tag":[],"class_list":{"0":"post-207697","1":"product","2":"type-product","3":"status-publish","4":"has-post-thumbnail","6":"product_cat-aromaterapi-og-romduft","7":"pa_collection-pure-floral-no","8":"pa_made-in-guatemala","10":"first","11":"instock","12":"purchasable","13":"product-type-simple"},"supplier_id":null,"supplier_sku":"PF-29","barcode":null,"atum_controlled":true,"out_stock_date":null,"out_stock_threshold":null,"inheritable":false,"inbound_stock":0,"stock_on_hold":0,"sold_today":0,"sales_last_days":0,"reserved_stock":0,"customer_returns":0,"warehouse_damage":0,"lost_in_post":0,"other_logs":0,"out_stock_days":0,"lost_sales":0,"has_location":false,"update_date":"2026-05-08T05:16:50","atum_locations":[],"atum_stock_status":"instock","restock_status":false,"low_stock_amount":"","sales_update_date":"2026-01-30T01:25:48","calc_backorders":null,"_links":{"self":[{"href":"https:\/\/aromasentia.com\/no\/wp-json\/wp\/v2\/product\/207697","targetHints":{"allow":["GET"]}}],"collection":[{"href":"https:\/\/aromasentia.com\/no\/wp-json\/wp\/v2\/product"}],"about":[{"href":"https:\/\/aromasentia.com\/no\/wp-json\/wp\/v2\/types\/product"}],"replies":[{"embeddable":true,"href":"https:\/\/aromasentia.com\/no\/wp-json\/wp\/v2\/comments?post=207697"}],"version-history":[{"count":0,"href":"https:\/\/aromasentia.com\/no\/wp-json\/wp\/v2\/product\/207697\/revisions"}],"wp:featuredmedia":[{"embeddable":true,"href":"https:\/\/aromasentia.com\/no\/wp-json\/wp\/v2\/media\/267796"}],"wp:attachment":[{"href":"https:\/\/aromasentia.com\/no\/wp-json\/wp\/v2\/media?parent=207697"}],"wp:term":[{"taxonomy":"product_brand","embeddable":true,"href":"https:\/\/aromasentia.com\/no\/wp-json\/wp\/v2\/product_brand?post=207697"},{"taxonomy":"product_cat","embeddable":true,"href":"https:\/\/aromasentia.com\/no\/wp-json\/wp\/v2\/product_cat?post=207697"},{"taxonomy":"product_tag","embeddable":true,"href":"https:\/\/aromasentia.com\/no\/wp-json\/wp\/v2\/product_tag?post=207697"}],"curies":[{"name":"wp","href":"https:\/\/api.w.org\/{rel}","templated":true}]}}