{"id":207693,"date":"2025-03-20T15:14:15","date_gmt":"2025-03-20T15:14:15","guid":{"rendered":"https:\/\/aromasentia.com\/product\/saflower-petals-1kg\/"},"modified":"2025-05-31T04:17:27","modified_gmt":"2025-05-31T04:17:27","slug":"saflor-kronblader-1kg","status":"publish","type":"product","link":"https:\/\/aromasentia.com\/no\/saflor-kronblader-1kg\/","title":{"rendered":"Saflor (Kronblader) 1Kg"},"content":{"rendered":"<p>Tilf\u00f8r en skvett levende farge og subtil smak med saflor (kronblader) i denne 1 kg-pakken. Disse vakre oransjegule kronbladene, som ofte kalles &laquo;fattigmannssafran&raquo;, gir en delikat, litt s\u00f8tlig og jordaktig smak og en nydelig gyllen farge til retter, spesielt ris. De brukes ogs\u00e5 til \u00e5 lage mild urtete og er et popul\u00e6rt naturlig fargestoff i kosmetikk og kunsth\u00e5ndverk. Dette bulktilbudet gir deg rikelig med disse sl\u00e5ende kronbladene til kulinarisk, dekorativ eller kunstnerisk bruk.<\/p>\n","protected":false},"excerpt":{"rendered":"<p>Tilf\u00f8r en skvett levende farge og subtil smak med saflor (kronblader) i denne 1 kg-pakken. Disse vakre oransjegule kronbladene, som ofte kalles &laquo;fattigmannssafran&raquo;, gir en delikat, litt s\u00f8tlig og jordaktig smak og en nydelig gyllen farge til retter, spesielt ris. De brukes ogs\u00e5 til \u00e5 lage mild urtete og er et popul\u00e6rt naturlig fargestoff i [&hellip;]<\/p>\n","protected":false},"featured_media":267994,"comment_status":"closed","ping_status":"open","template":"","meta":{"_angie_page":false},"product_brand":[],"product_cat":[9065],"product_tag":[],"class_list":{"0":"post-207693","1":"product","2":"type-product","3":"status-publish","4":"has-post-thumbnail","6":"product_cat-aromaterapi-og-romduft","7":"pa_collection-pure-floral-no","8":"pa_made-in-iran","10":"first","11":"instock","12":"purchasable","13":"product-type-simple"},"supplier_id":null,"supplier_sku":"PF-53","barcode":null,"atum_controlled":true,"out_stock_date":null,"out_stock_threshold":null,"inheritable":false,"inbound_stock":null,"stock_on_hold":0,"sold_today":0,"sales_last_days":0,"reserved_stock":null,"customer_returns":null,"warehouse_damage":null,"lost_in_post":null,"other_logs":null,"out_stock_days":0,"lost_sales":0,"has_location":null,"update_date":"2026-04-27T07:18:04","atum_locations":[],"atum_stock_status":"instock","restock_status":false,"low_stock_amount":"","sales_update_date":"2025-09-05T00:17:55","calc_backorders":null,"_links":{"self":[{"href":"https:\/\/aromasentia.com\/no\/wp-json\/wp\/v2\/product\/207693","targetHints":{"allow":["GET"]}}],"collection":[{"href":"https:\/\/aromasentia.com\/no\/wp-json\/wp\/v2\/product"}],"about":[{"href":"https:\/\/aromasentia.com\/no\/wp-json\/wp\/v2\/types\/product"}],"replies":[{"embeddable":true,"href":"https:\/\/aromasentia.com\/no\/wp-json\/wp\/v2\/comments?post=207693"}],"version-history":[{"count":0,"href":"https:\/\/aromasentia.com\/no\/wp-json\/wp\/v2\/product\/207693\/revisions"}],"wp:featuredmedia":[{"embeddable":true,"href":"https:\/\/aromasentia.com\/no\/wp-json\/wp\/v2\/media\/267994"}],"wp:attachment":[{"href":"https:\/\/aromasentia.com\/no\/wp-json\/wp\/v2\/media?parent=207693"}],"wp:term":[{"taxonomy":"product_brand","embeddable":true,"href":"https:\/\/aromasentia.com\/no\/wp-json\/wp\/v2\/product_brand?post=207693"},{"taxonomy":"product_cat","embeddable":true,"href":"https:\/\/aromasentia.com\/no\/wp-json\/wp\/v2\/product_cat?post=207693"},{"taxonomy":"product_tag","embeddable":true,"href":"https:\/\/aromasentia.com\/no\/wp-json\/wp\/v2\/product_tag?post=207693"}],"curies":[{"name":"wp","href":"https:\/\/api.w.org\/{rel}","templated":true}]}}