{"id":207684,"date":"2025-03-20T15:14:15","date_gmt":"2025-03-20T15:14:15","guid":{"rendered":"https:\/\/aromasentia.com\/product\/lemongrass-cut-1kg\/"},"modified":"2025-05-31T04:16:50","modified_gmt":"2025-05-31T04:16:50","slug":"sitrongress-kuttet-1kg","status":"publish","type":"product","link":"https:\/\/aromasentia.com\/no\/sitrongress-kuttet-1kg\/","title":{"rendered":"Sitrongress (Kuttet) 1Kg"},"content":{"rendered":"<p>Oppfrisk sansene dine med sitrongress (kuttet) i denne 1 kg-pakken. Dette duftende tropiske gresset har en kraftig, frisk, sitronaktig og litt ingef\u00e6rlignende aroma og smak. Sitrongress er mye brukt i det s\u00f8r\u00f8stasiatiske kj\u00f8kkenet, og tilf\u00f8rer karriretter, supper og marinader en pikant lysstyrke. Som te er det oppl\u00f8ftende og kan hjelpe ford\u00f8yelsen. Denne avsk\u00e5rne formen er praktisk for infusjoner og matlaging, og gir en sitrusaktig forfriskning og eksotisk stil til dine kulinariske og aromatiske kreasjoner.<\/p>\n","protected":false},"excerpt":{"rendered":"<p>Oppfrisk sansene dine med sitrongress (kuttet) i denne 1 kg-pakken. Dette duftende tropiske gresset har en kraftig, frisk, sitronaktig og litt ingef\u00e6rlignende aroma og smak. Sitrongress er mye brukt i det s\u00f8r\u00f8stasiatiske kj\u00f8kkenet, og tilf\u00f8rer karriretter, supper og marinader en pikant lysstyrke. Som te er det oppl\u00f8ftende og kan hjelpe ford\u00f8yelsen. Denne avsk\u00e5rne formen er [&hellip;]<\/p>\n","protected":false},"featured_media":267913,"comment_status":"closed","ping_status":"open","template":"","meta":{"_angie_page":false},"product_brand":[],"product_cat":[9065,25843,26254,26820],"product_tag":[],"class_list":{"0":"post-207684","1":"product","2":"type-product","3":"status-publish","4":"has-post-thumbnail","6":"product_cat-aromaterapi-og-romduft","7":"product_cat-dufter-aromaer","8":"product_cat-sitrongress","9":"product_cat-sitrus","10":"pa_collection-pure-floral-no","11":"pa_made-in-egypt","13":"first","14":"instock","15":"purchasable","16":"product-type-simple"},"supplier_id":null,"supplier_sku":"PF-43","barcode":null,"atum_controlled":true,"out_stock_date":null,"out_stock_threshold":null,"inheritable":false,"inbound_stock":null,"stock_on_hold":0,"sold_today":0,"sales_last_days":0,"reserved_stock":null,"customer_returns":null,"warehouse_damage":null,"lost_in_post":null,"other_logs":null,"out_stock_days":0,"lost_sales":0,"has_location":null,"update_date":"2026-04-27T07:18:04","atum_locations":[],"atum_stock_status":"instock","restock_status":false,"low_stock_amount":"","sales_update_date":"2026-01-30T01:25:49","calc_backorders":null,"_links":{"self":[{"href":"https:\/\/aromasentia.com\/no\/wp-json\/wp\/v2\/product\/207684","targetHints":{"allow":["GET"]}}],"collection":[{"href":"https:\/\/aromasentia.com\/no\/wp-json\/wp\/v2\/product"}],"about":[{"href":"https:\/\/aromasentia.com\/no\/wp-json\/wp\/v2\/types\/product"}],"replies":[{"embeddable":true,"href":"https:\/\/aromasentia.com\/no\/wp-json\/wp\/v2\/comments?post=207684"}],"version-history":[{"count":0,"href":"https:\/\/aromasentia.com\/no\/wp-json\/wp\/v2\/product\/207684\/revisions"}],"wp:featuredmedia":[{"embeddable":true,"href":"https:\/\/aromasentia.com\/no\/wp-json\/wp\/v2\/media\/267913"}],"wp:attachment":[{"href":"https:\/\/aromasentia.com\/no\/wp-json\/wp\/v2\/media?parent=207684"}],"wp:term":[{"taxonomy":"product_brand","embeddable":true,"href":"https:\/\/aromasentia.com\/no\/wp-json\/wp\/v2\/product_brand?post=207684"},{"taxonomy":"product_cat","embeddable":true,"href":"https:\/\/aromasentia.com\/no\/wp-json\/wp\/v2\/product_cat?post=207684"},{"taxonomy":"product_tag","embeddable":true,"href":"https:\/\/aromasentia.com\/no\/wp-json\/wp\/v2\/product_tag?post=207684"}],"curies":[{"name":"wp","href":"https:\/\/api.w.org\/{rel}","templated":true}]}}