{"id":207682,"date":"2025-03-20T15:14:21","date_gmt":"2025-03-20T15:14:21","guid":{"rendered":"https:\/\/aromasentia.com\/product\/lemon-50ml-essential-oil\/"},"modified":"2025-05-31T04:16:42","modified_gmt":"2025-05-31T04:16:42","slug":"sitron-eterisk-olje-50ml","status":"publish","type":"product","link":"https:\/\/aromasentia.com\/no\/sitron-eterisk-olje-50ml\/","title":{"rendered":"Sitron Eterisk Olje 50ml"},"content":{"rendered":"<p><strong>Latinsk navn: Citrus Limon<br \/>Del av plante brukt: Fruktskall<br \/>Kilde: Italia<br \/>Ekstraksjonsmetode: Kaldpressing<\/strong><\/p>\n<p><strong>Sitronessensiell olje<\/strong> har en skarp, frisk lukt og utvinnes fra det friske sitronskallet ved kaldpressing. Denne oljen er forfriskende for sinnet og skjerper konsentrasjonen, s\u00e5 den er ofte foretrukket i romfriskere for kontorer og banker. Den antas \u00e5 hjelpe mot revmatisme, leddgikt og gikt. Den har blitt brukt til \u00e5 kurere hudproblemer som abscesser, byller, karbunkler og kviser. Den styrker immunforsvaret og renser kroppen.<\/p>\n<p>N\u00e5r den brukes i en oljebrenner (noen f\u00e5 dr\u00e5per i vann), brukes dampen fra sitronolje mot forkj\u00f8lelse, laryngitt, hodepine og influensa. \u00c5 lukte p\u00e5 aromaen er nyttig for mentale problemer som depresjon, irritasjon, stress, sl\u00f8vhet og tretthet. Den l\u00f8fter hum\u00f8ret og klarner sinnet. N\u00e5r noen f\u00e5 dr\u00e5per tilsettes i badet eller blandes inn i en massasjeolje, sies det at det kan lindre ford\u00f8yelsesproblemer, mangel p\u00e5 energi, tretthet, infeksjoner, fedme, revmatisme, depresjon og stress. Det brukes ogs\u00e5 til \u00e5 bli kvitt bakrus.<\/p>\n<p>Sitronplanten er hjemmeh\u00f8rende i India og kanskje Kina, og ble brakt til Europa av korsfarerne i middelalderen. Siden frukten har en god mengde vitamin A, B og C, ble det gitt en unse om dagen til sj\u00f8menn for \u00e5 forhindre skj\u00f8rbuk, \u00f8yeproblemer og andre vitaminmangler.<\/p>\n","protected":false},"excerpt":{"rendered":"<p>Latinsk navn: Citrus LimonDel av plante brukt: FruktskallKilde: ItaliaEkstraksjonsmetode: Kaldpressing Sitronessensiell olje har en skarp, frisk lukt og utvinnes fra det friske sitronskallet ved kaldpressing. Denne oljen er forfriskende for sinnet og skjerper konsentrasjonen, s\u00e5 den er ofte foretrukket i romfriskere for kontorer og banker. Den antas \u00e5 hjelpe mot revmatisme, leddgikt og gikt. Den [&hellip;]<\/p>\n","protected":false},"featured_media":268129,"comment_status":"closed","ping_status":"open","template":"","meta":{"_angie_page":false},"product_brand":[27096],"product_cat":[9065,25843,10236,26239,26820],"product_tag":[],"class_list":{"0":"post-207682","1":"product","2":"type-product","3":"status-publish","4":"has-post-thumbnail","6":"product_brand-ancient-wisdom","7":"product_cat-aromaterapi-og-romduft","8":"product_cat-dufter-aromaer","9":"product_cat-eteriske-oljer","10":"product_cat-sitron","11":"product_cat-sitrus","12":"pa_collection-50ml-essential-oil-no","13":"pa_made-in-italia","14":"pa_size-50ml","16":"first","17":"instock","18":"purchasable","19":"product-type-simple"},"supplier_id":null,"supplier_sku":"PrEO-12","barcode":null,"atum_controlled":true,"out_stock_date":null,"out_stock_threshold":null,"inheritable":false,"inbound_stock":null,"stock_on_hold":0,"sold_today":0,"sales_last_days":0,"reserved_stock":null,"customer_returns":null,"warehouse_damage":null,"lost_in_post":null,"other_logs":null,"out_stock_days":0,"lost_sales":0,"has_location":null,"update_date":"2026-05-08T05:16:51","atum_locations":[],"atum_stock_status":"instock","restock_status":false,"low_stock_amount":"","sales_update_date":"2026-01-30T01:25:52","calc_backorders":null,"_links":{"self":[{"href":"https:\/\/aromasentia.com\/no\/wp-json\/wp\/v2\/product\/207682","targetHints":{"allow":["GET"]}}],"collection":[{"href":"https:\/\/aromasentia.com\/no\/wp-json\/wp\/v2\/product"}],"about":[{"href":"https:\/\/aromasentia.com\/no\/wp-json\/wp\/v2\/types\/product"}],"replies":[{"embeddable":true,"href":"https:\/\/aromasentia.com\/no\/wp-json\/wp\/v2\/comments?post=207682"}],"version-history":[{"count":0,"href":"https:\/\/aromasentia.com\/no\/wp-json\/wp\/v2\/product\/207682\/revisions"}],"wp:featuredmedia":[{"embeddable":true,"href":"https:\/\/aromasentia.com\/no\/wp-json\/wp\/v2\/media\/268129"}],"wp:attachment":[{"href":"https:\/\/aromasentia.com\/no\/wp-json\/wp\/v2\/media?parent=207682"}],"wp:term":[{"taxonomy":"product_brand","embeddable":true,"href":"https:\/\/aromasentia.com\/no\/wp-json\/wp\/v2\/product_brand?post=207682"},{"taxonomy":"product_cat","embeddable":true,"href":"https:\/\/aromasentia.com\/no\/wp-json\/wp\/v2\/product_cat?post=207682"},{"taxonomy":"product_tag","embeddable":true,"href":"https:\/\/aromasentia.com\/no\/wp-json\/wp\/v2\/product_tag?post=207682"}],"curies":[{"name":"wp","href":"https:\/\/api.w.org\/{rel}","templated":true}]}}