{"id":207681,"date":"2025-03-20T15:14:21","date_gmt":"2025-03-20T15:14:21","guid":{"rendered":"https:\/\/aromasentia.com\/product\/jasmine-dilute-50ml-essential-oil\/"},"modified":"2025-05-31T04:16:39","modified_gmt":"2025-05-31T04:16:39","slug":"sjasmin-fortynnet-eterisk-olje-50ml","status":"publish","type":"product","link":"https:\/\/aromasentia.com\/no\/sjasmin-fortynnet-eterisk-olje-50ml\/","title":{"rendered":"Sjasmin Fortynnet Eterisk Olje 50ml"},"content":{"rendered":"<p><strong>Latinsk navn: Jasminum Officinale<br \/>Del av plante brukt: T\u00f8rkede blader<br \/>Kilde: India<br \/>Ekstraksjonsmetode: Dampdestillasjon<\/strong><\/p>\n<p><strong>5 % fortynning i druekjerneolje<\/strong><\/p>\n<p>Det kan v\u00e6re de afrodisiakumiske egenskapene som har gjort <strong>jasminolje<\/strong> s\u00e5 etterspurt gjennom historien. Jasmin eterisk olje har blitt brukt i helbredende og religi\u00f8se seremonier p\u00e5 grunn av denne overbevisende egenskapen. I Kina ble jasminolje brukt p\u00e5 sykerom for \u00e5 gj\u00f8re luften velduftende, men det ble ogs\u00e5 antatt at den renset luften for forurensninger allerede f\u00f8r bakterier ble oppdaget.<\/p>\n<p>I dag produseres essensen gjennom en prosess som kalles l\u00f8semiddelekstraksjon. Ved f\u00f8rste \u00f8yekast handler jasmin om duft. Dens komplekse, blomsteraktige energi er hum\u00f8rl\u00f8ftende for folk flest og gir ofte afrodisiakum. Studier har vist at bare det \u00e5 lukte p\u00e5 jasmin kan \u00f8ke \u00e5rv\u00e5kenhet, h\u00e5nd-\u00f8ye-koordinasjon, styrke selvtilliten og gleden, og redusere stress.<\/p>\n<p>I en terapeutisk forstand kan jasmin behandle t\u00f8rr, aldrende hud. Den brukes i lave konsentrasjoner for \u00e5 behandle eksem og dermatitt. I tillegg er jasmin nyttig for \u00e5 falme arr og behandle strekkmerker etter f\u00f8dsel. Jasmin kan lindre sinne, angst og stress uten \u00e5 virke beroligende. Jasmin \u00e5pner opp for alternativer som er tilgjengelige gjennom klarere tenkning. Denne beroligende og balanserende kraften kan ogs\u00e5 redusere betennelse fra emosjonelt stress.<\/p>\n<p>Jasmin har en lang historie med \u00e5 \u00f8ke libido, frigj\u00f8re hemninger og inspirere seksuell lyst. Jasmin har egenskaper som regulerer menstruasjonssykluser, kan redusere menstruasjonssmerter, sl\u00f8vhet og hum\u00f8rsvingninger. Den kan ogs\u00e5 forsinke starten p\u00e5 overgangsalderen.<\/p>\n","protected":false},"excerpt":{"rendered":"<p>Latinsk navn: Jasminum OfficinaleDel av plante brukt: T\u00f8rkede bladerKilde: IndiaEkstraksjonsmetode: Dampdestillasjon 5 % fortynning i druekjerneolje Det kan v\u00e6re de afrodisiakumiske egenskapene som har gjort jasminolje s\u00e5 etterspurt gjennom historien. Jasmin eterisk olje har blitt brukt i helbredende og religi\u00f8se seremonier p\u00e5 grunn av denne overbevisende egenskapen. I Kina ble jasminolje brukt p\u00e5 sykerom for [&hellip;]<\/p>\n","protected":false},"featured_media":268120,"comment_status":"closed","ping_status":"open","template":"","meta":{"_angie_page":false},"product_brand":[27096],"product_cat":[9065,26834,25843,10236,26222],"product_tag":[],"class_list":{"0":"post-207681","1":"product","2":"type-product","3":"status-publish","4":"has-post-thumbnail","6":"product_brand-ancient-wisdom","7":"product_cat-aromaterapi-og-romduft","8":"product_cat-blomster","9":"product_cat-dufter-aromaer","10":"product_cat-eteriske-oljer","11":"product_cat-jasmin","12":"pa_collection-50ml-essential-oil-no","13":"pa_made-in-indonesia","14":"pa_size-50ml","16":"first","17":"instock","18":"purchasable","19":"product-type-simple"},"supplier_id":null,"supplier_sku":"PrEO-11","barcode":null,"atum_controlled":true,"out_stock_date":null,"out_stock_threshold":null,"inheritable":false,"inbound_stock":null,"stock_on_hold":0,"sold_today":0,"sales_last_days":0,"reserved_stock":null,"customer_returns":null,"warehouse_damage":null,"lost_in_post":null,"other_logs":null,"out_stock_days":0,"lost_sales":0,"has_location":null,"update_date":"2026-04-27T07:18:20","atum_locations":[],"atum_stock_status":"instock","restock_status":false,"low_stock_amount":"","sales_update_date":"2025-09-05T00:18:00","calc_backorders":null,"_links":{"self":[{"href":"https:\/\/aromasentia.com\/no\/wp-json\/wp\/v2\/product\/207681","targetHints":{"allow":["GET"]}}],"collection":[{"href":"https:\/\/aromasentia.com\/no\/wp-json\/wp\/v2\/product"}],"about":[{"href":"https:\/\/aromasentia.com\/no\/wp-json\/wp\/v2\/types\/product"}],"replies":[{"embeddable":true,"href":"https:\/\/aromasentia.com\/no\/wp-json\/wp\/v2\/comments?post=207681"}],"version-history":[{"count":0,"href":"https:\/\/aromasentia.com\/no\/wp-json\/wp\/v2\/product\/207681\/revisions"}],"wp:featuredmedia":[{"embeddable":true,"href":"https:\/\/aromasentia.com\/no\/wp-json\/wp\/v2\/media\/268120"}],"wp:attachment":[{"href":"https:\/\/aromasentia.com\/no\/wp-json\/wp\/v2\/media?parent=207681"}],"wp:term":[{"taxonomy":"product_brand","embeddable":true,"href":"https:\/\/aromasentia.com\/no\/wp-json\/wp\/v2\/product_brand?post=207681"},{"taxonomy":"product_cat","embeddable":true,"href":"https:\/\/aromasentia.com\/no\/wp-json\/wp\/v2\/product_cat?post=207681"},{"taxonomy":"product_tag","embeddable":true,"href":"https:\/\/aromasentia.com\/no\/wp-json\/wp\/v2\/product_tag?post=207681"}],"curies":[{"name":"wp","href":"https:\/\/api.w.org\/{rel}","templated":true}]}}