{"id":207673,"date":"2025-03-20T15:14:21","date_gmt":"2025-03-20T15:14:21","guid":{"rendered":"https:\/\/aromasentia.com\/product\/eucalyptus-50ml-essential-oil\/"},"modified":"2025-05-31T04:16:04","modified_gmt":"2025-05-31T04:16:04","slug":"eukalyptus-eterisk-olje-50ml","status":"publish","type":"product","link":"https:\/\/aromasentia.com\/no\/eukalyptus-eterisk-olje-50ml\/","title":{"rendered":"Eukalyptus Eterisk Olje 50ml"},"content":{"rendered":"<p><strong>Latinsk navn: Eucalyptus Globulus.<br \/>Del av plante brukt: Blader og kvister<br \/>Kilde: Kina<br \/>Ekstraksjonsmetode: Dampdestillasjon<\/strong><\/p>\n<p>Den destilleres vanligvis, noen ganger presses eller l\u00f8semiddelekstraheres. Eukalyptus eterisk olje sies \u00e5 v\u00e6re antibakteriell, desinfiserende og smertestillende. Den har blitt brukt til \u00e5 lindre hoste, forkj\u00f8lelse og andre slike luftveisproblemer. Den lindrer muskel- og leddsmerter, og hjelper til med \u00e5 helbrede s\u00e5r, brannskader, mages\u00e5r og insektbitt. I aromaterapi sies eukalyptus \u00e5 fremme aktivitet, vitalitet og energi.<\/p>\n<p>For luftveisproblemer kan noen f\u00e5 dr\u00e5per av denne oljen plassert p\u00e5 en klut inhaleres gjennom munnen og pustes ut gjennom nesen i et halvt minutt. Den p\u00e5f\u00f8res direkte p\u00e5 s\u00e5r, utslett og insektbitt. Tilsett noen f\u00e5 dr\u00e5per i badevannet for \u00e5 f\u00f8le deg oppfrisket og oppfrisket. Legg de s\u00e5re f\u00f8ttene i en balje med varmt vann med 4-5 dr\u00e5per av denne oljen for lindring. Noen f\u00e5 dr\u00e5per olje i en diffuser sies \u00e5 drepe bakterier og luftb\u00e5rne bakterier, en god id\u00e9 for et sykerom. Eukalyptus eterisk olje er kun til utvortes bruk; r\u00e5df\u00f8r deg alltid med en autorisert behandler n\u00e5r du bruker den som et helsemiddel.<\/p>\n<p>Eteriske oljer har visstnok spilt en rolle i helbredelse i oldtiden i Egypt, Kina og andre deler av verden. De sies \u00e5 v\u00e6re den eldste formen for medisin og kosmetikk, siden de destilleres fra planter, uten kompliserte prosesser eller maskiner, men likevel en kunst. For sine helbredende og aromatiske egenskaper ble de ansett som mer verdifulle enn gull for oldtiden.<\/p>\n","protected":false},"excerpt":{"rendered":"<p>Latinsk navn: Eucalyptus Globulus.Del av plante brukt: Blader og kvisterKilde: KinaEkstraksjonsmetode: Dampdestillasjon Den destilleres vanligvis, noen ganger presses eller l\u00f8semiddelekstraheres. Eukalyptus eterisk olje sies \u00e5 v\u00e6re antibakteriell, desinfiserende og smertestillende. Den har blitt brukt til \u00e5 lindre hoste, forkj\u00f8lelse og andre slike luftveisproblemer. Den lindrer muskel- og leddsmerter, og hjelper til med \u00e5 helbrede s\u00e5r, [&hellip;]<\/p>\n","protected":false},"featured_media":268048,"comment_status":"closed","ping_status":"open","template":"","meta":{"_angie_page":false},"product_brand":[27096],"product_cat":[9065,25843,10236,26179,26869],"product_tag":[],"class_list":{"0":"post-207673","1":"product","2":"type-product","3":"status-publish","4":"has-post-thumbnail","6":"product_brand-ancient-wisdom","7":"product_cat-aromaterapi-og-romduft","8":"product_cat-dufter-aromaer","9":"product_cat-eteriske-oljer","10":"product_cat-eukalyptus","11":"product_cat-medisinsk-kamferaktig","12":"pa_collection-50ml-essential-oil-no","13":"pa_made-in-kina","14":"pa_size-50ml","16":"first","17":"instock","18":"purchasable","19":"product-type-simple"},"supplier_id":null,"supplier_sku":"PrEO-03","barcode":null,"atum_controlled":true,"out_stock_date":null,"out_stock_threshold":null,"inheritable":false,"inbound_stock":null,"stock_on_hold":0,"sold_today":0,"sales_last_days":0,"reserved_stock":null,"customer_returns":null,"warehouse_damage":null,"lost_in_post":null,"other_logs":null,"out_stock_days":0,"lost_sales":0,"has_location":null,"update_date":"2026-05-08T05:16:51","atum_locations":[],"atum_stock_status":"instock","restock_status":false,"low_stock_amount":"","sales_update_date":"2026-01-30T01:26:14","calc_backorders":null,"_links":{"self":[{"href":"https:\/\/aromasentia.com\/no\/wp-json\/wp\/v2\/product\/207673","targetHints":{"allow":["GET"]}}],"collection":[{"href":"https:\/\/aromasentia.com\/no\/wp-json\/wp\/v2\/product"}],"about":[{"href":"https:\/\/aromasentia.com\/no\/wp-json\/wp\/v2\/types\/product"}],"replies":[{"embeddable":true,"href":"https:\/\/aromasentia.com\/no\/wp-json\/wp\/v2\/comments?post=207673"}],"version-history":[{"count":0,"href":"https:\/\/aromasentia.com\/no\/wp-json\/wp\/v2\/product\/207673\/revisions"}],"wp:featuredmedia":[{"embeddable":true,"href":"https:\/\/aromasentia.com\/no\/wp-json\/wp\/v2\/media\/268048"}],"wp:attachment":[{"href":"https:\/\/aromasentia.com\/no\/wp-json\/wp\/v2\/media?parent=207673"}],"wp:term":[{"taxonomy":"product_brand","embeddable":true,"href":"https:\/\/aromasentia.com\/no\/wp-json\/wp\/v2\/product_brand?post=207673"},{"taxonomy":"product_cat","embeddable":true,"href":"https:\/\/aromasentia.com\/no\/wp-json\/wp\/v2\/product_cat?post=207673"},{"taxonomy":"product_tag","embeddable":true,"href":"https:\/\/aromasentia.com\/no\/wp-json\/wp\/v2\/product_tag?post=207673"}],"curies":[{"name":"wp","href":"https:\/\/api.w.org\/{rel}","templated":true}]}}