{"id":207672,"date":"2025-03-20T15:14:21","date_gmt":"2025-03-20T15:14:21","guid":{"rendered":"https:\/\/aromasentia.com\/product\/tea-tree-50ml-essential-oil\/"},"modified":"2025-05-31T04:16:01","modified_gmt":"2025-05-31T04:16:01","slug":"tea-tree-eterisk-olje-50ml","status":"publish","type":"product","link":"https:\/\/aromasentia.com\/no\/tea-tree-eterisk-olje-50ml\/","title":{"rendered":"Tea Tree Eterisk Olje 50ml"},"content":{"rendered":"<p><strong>Latinsk navn: Melaleuca Alternifolia.<br \/>Del av plante brukt: Blader og kvister <br \/>Kilde: Australia <br \/>Ekstraksjonsmetode: Dampdestillasjon<\/strong><\/p>\n<p>I tidlige tider ser det ut til at bladene p\u00e5 dette treet ble tilsatt for \u00e5 lage te, og det er slik navnet oppsto. Tea tree-olje er de konsentrerte flytende forbindelsene som dampdestilleres fra bladene p\u00e5 treet Melaleuca alternifolia, som er hjemmeh\u00f8rende p\u00e5 nord\u00f8stkysten av New South Wales, Australia. Oljen hevdes \u00e5 ha verdifulle antiseptiske og soppdrepende egenskaper p\u00e5 grunn av bestanddeler kalt terpenoider, og brukes i mange personlig pleieprodukter og medisiner i dag.<\/p>\n<p><strong>Tea tree-olje<\/strong> sies \u00e5 v\u00e6re bra for \u00e5 lindre tett nese, forkj\u00f8lelse, hoste og influensa. Den har blitt brukt til \u00e5 helbrede kviser, soppinfeksjoner, flass, vaginale infeksjoner, hemoroider, fotsopp, og er antas \u00e5 lindre verkende muskler og leddskader. N\u00e5r det tilsettes badevannet, hjelper det med \u00e5 kontrollere bakterier. Tea tree-olje skal ikke tas innvortes. Den brukes vanligvis kun p\u00e5 voksne og m\u00e5 holdes unna barn og kj\u00e6ledyr. Ikke bruk den hvis du er gravid eller ammer.<\/p>\n<p>De australske aboriginerne er kjent for \u00e5 ha brukt de knuste bladene til \u00e5 helbrede kutt, branns\u00e5r, s\u00e5r og infeksjoner i hundrevis av \u00e5r. De inhalerte oljene fra de knuste bladene for \u00e5 lindre hoste og forkj\u00f8lelse. De str\u00f8dde denne oljen p\u00e5 s\u00e5r og p\u00e5f\u00f8rte et gr\u00f8tomslag p\u00e5 den. De tilf\u00f8rte bladene en infusjon og lagde te for \u00e5 lindre s\u00e5r hals. Det var mellom 1920 og 1930 at den essensielle oljen fra dette treet begynte \u00e5 bli kjent og brukt for sine antimikrobielle egenskaper i Europa.<\/p>\n","protected":false},"excerpt":{"rendered":"<p>Latinsk navn: Melaleuca Alternifolia.Del av plante brukt: Blader og kvister Kilde: Australia Ekstraksjonsmetode: Dampdestillasjon I tidlige tider ser det ut til at bladene p\u00e5 dette treet ble tilsatt for \u00e5 lage te, og det er slik navnet oppsto. Tea tree-olje er de konsentrerte flytende forbindelsene som dampdestilleres fra bladene p\u00e5 treet Melaleuca alternifolia, som er [&hellip;]<\/p>\n","protected":false},"featured_media":268039,"comment_status":"closed","ping_status":"open","template":"","meta":{"_angie_page":false},"product_brand":[27096],"product_cat":[9065,25843,10236,26869,26407],"product_tag":[],"class_list":{"0":"post-207672","1":"product","2":"type-product","3":"status-publish","4":"has-post-thumbnail","6":"product_brand-ancient-wisdom","7":"product_cat-aromaterapi-og-romduft","8":"product_cat-dufter-aromaer","9":"product_cat-eteriske-oljer","10":"product_cat-medisinsk-kamferaktig","11":"product_cat-tea-tree-tetre","12":"pa_collection-50ml-essential-oil-no","13":"pa_made-in-australia","14":"pa_size-50ml","16":"first","17":"instock","18":"purchasable","19":"product-type-simple"},"supplier_id":null,"supplier_sku":"PrEO-02","barcode":null,"atum_controlled":true,"out_stock_date":null,"out_stock_threshold":null,"inheritable":false,"inbound_stock":null,"stock_on_hold":0,"sold_today":0,"sales_last_days":0,"reserved_stock":null,"customer_returns":null,"warehouse_damage":null,"lost_in_post":null,"other_logs":null,"out_stock_days":0,"lost_sales":0,"has_location":null,"update_date":"2026-05-08T05:16:51","atum_locations":[],"atum_stock_status":"instock","restock_status":false,"low_stock_amount":"","sales_update_date":"2026-01-30T01:26:15","calc_backorders":null,"_links":{"self":[{"href":"https:\/\/aromasentia.com\/no\/wp-json\/wp\/v2\/product\/207672","targetHints":{"allow":["GET"]}}],"collection":[{"href":"https:\/\/aromasentia.com\/no\/wp-json\/wp\/v2\/product"}],"about":[{"href":"https:\/\/aromasentia.com\/no\/wp-json\/wp\/v2\/types\/product"}],"replies":[{"embeddable":true,"href":"https:\/\/aromasentia.com\/no\/wp-json\/wp\/v2\/comments?post=207672"}],"version-history":[{"count":0,"href":"https:\/\/aromasentia.com\/no\/wp-json\/wp\/v2\/product\/207672\/revisions"}],"wp:featuredmedia":[{"embeddable":true,"href":"https:\/\/aromasentia.com\/no\/wp-json\/wp\/v2\/media\/268039"}],"wp:attachment":[{"href":"https:\/\/aromasentia.com\/no\/wp-json\/wp\/v2\/media?parent=207672"}],"wp:term":[{"taxonomy":"product_brand","embeddable":true,"href":"https:\/\/aromasentia.com\/no\/wp-json\/wp\/v2\/product_brand?post=207672"},{"taxonomy":"product_cat","embeddable":true,"href":"https:\/\/aromasentia.com\/no\/wp-json\/wp\/v2\/product_cat?post=207672"},{"taxonomy":"product_tag","embeddable":true,"href":"https:\/\/aromasentia.com\/no\/wp-json\/wp\/v2\/product_tag?post=207672"}],"curies":[{"name":"wp","href":"https:\/\/api.w.org\/{rel}","templated":true}]}}