{"id":207671,"date":"2025-03-20T15:14:21","date_gmt":"2025-03-20T15:14:21","guid":{"rendered":"https:\/\/aromasentia.com\/product\/lavender-50ml-essential-oil\/"},"modified":"2025-05-31T04:15:57","modified_gmt":"2025-05-31T04:15:57","slug":"lavendel-eterisk-olje-50ml","status":"publish","type":"product","link":"https:\/\/aromasentia.com\/no\/lavendel-eterisk-olje-50ml\/","title":{"rendered":"Lavendel Eterisk Olje 50ml"},"content":{"rendered":"<p><strong>Latinsk navn: Lavandula Angustifolia<br \/>Del av planten brukt: Blomstringstipper<br \/>Kilde: Frankrike<br \/>Ekstraksjonsmetode: Dampdestillasjon<\/strong><\/p>\n<p>Lavendel har blitt brukt og verdsatt i \u00e5rhundrer for sin umiskjennelige aroma og utallige fordeler. I oldtiden brukte egypterne og romerne lavendel til bading, avslapning, matlaging og som parfyme. Dens beroligende og avslappende egenskaper, n\u00e5r den tas innvortes, fortsetter \u00e5 v\u00e6re lavendelens mest bemerkelsesverdige egenskaper.<\/p>\n<p>Lavendel brukes ofte topisk for \u00e5 redusere synligheten av hudfeil. Tilsett noen dr\u00e5per lavendel p\u00e5 puter, senget\u00f8y eller undersiden av f\u00f8ttene for \u00e5 slappe av og forberede deg p\u00e5 en god natts s\u00f8vn. P\u00e5 grunn av lavendelens allsidige egenskaper regnes den som den uunnv\u00e6rlige oljen \u00e5 ha for h\u00e5nden til enhver tid.<\/p>\n<p><strong>Bruksomr\u00e5der<\/strong><strong><br \/><\/strong>Tilsett noen dr\u00e5per lavendelolje p\u00e5 puter, senget\u00f8y eller undersiden av f\u00f8ttene ved sengetid. Tilsett i badevannet for \u00e5 absorbere stress, eller p\u00e5f\u00f8r p\u00e5 tinningene og nakken.<br \/>Ha en flaske lavendel for h\u00e5nden for \u00e5 lindre sporadiske hudirritasjoner.<br \/>Frisk opp linskapet, madrassen, bilen eller luften ved \u00e5 blande lavendel med vann i en sprayflaske.<\/p>\n<p><strong>Bruksanvisning<\/strong><br \/>Diffusjon: Bruk tre til fire dr\u00e5per i diffuseren du \u00f8nsker.<br \/>Utvortes bruk: P\u00e5f\u00f8r en til to dr\u00e5per p\u00e5 \u00f8nsket omr\u00e5de. Fortynn med v\u00e5r fraksjonerte kokosolje i engrospris for \u00e5 minimere hudf\u00f8lsomhet.<\/p>\n<p><strong>Forholdsregler<\/strong><br \/>Mulig hudf\u00f8lsomhet. Oppbevares utilgjengelig for barn. Hvis du er gravid, ammer eller er under legebehandling, kontakt legen din. Unng\u00e5 kontakt med \u00f8yne, indre \u00f8rer og sensitive omr\u00e5der.<\/p>\n","protected":false},"excerpt":{"rendered":"<p>Latinsk navn: Lavandula AngustifoliaDel av planten brukt: BlomstringstipperKilde: FrankrikeEkstraksjonsmetode: Dampdestillasjon Lavendel har blitt brukt og verdsatt i \u00e5rhundrer for sin umiskjennelige aroma og utallige fordeler. I oldtiden brukte egypterne og romerne lavendel til bading, avslapning, matlaging og som parfyme. Dens beroligende og avslappende egenskaper, n\u00e5r den tas innvortes, fortsetter \u00e5 v\u00e6re lavendelens mest bemerkelsesverdige egenskaper. [&hellip;]<\/p>\n","protected":false},"featured_media":268030,"comment_status":"closed","ping_status":"open","template":"","meta":{"_angie_page":false},"product_brand":[27096],"product_cat":[9065,26834,25843,10236,26232],"product_tag":[],"class_list":{"0":"post-207671","1":"product","2":"type-product","3":"status-publish","4":"has-post-thumbnail","6":"product_brand-ancient-wisdom","7":"product_cat-aromaterapi-og-romduft","8":"product_cat-blomster","9":"product_cat-dufter-aromaer","10":"product_cat-eteriske-oljer","11":"product_cat-lavendel","12":"pa_collection-50ml-essential-oil-no","13":"pa_made-in-frankrike","14":"pa_size-50ml","16":"first","17":"instock","18":"purchasable","19":"product-type-simple"},"supplier_id":null,"supplier_sku":"PrEO-01","barcode":null,"atum_controlled":true,"out_stock_date":null,"out_stock_threshold":null,"inheritable":false,"inbound_stock":null,"stock_on_hold":0,"sold_today":0,"sales_last_days":0,"reserved_stock":null,"customer_returns":null,"warehouse_damage":null,"lost_in_post":null,"other_logs":null,"out_stock_days":0,"lost_sales":0,"has_location":null,"update_date":"2026-05-08T05:16:51","atum_locations":[],"atum_stock_status":"instock","restock_status":false,"low_stock_amount":"","sales_update_date":"2026-01-30T01:26:16","calc_backorders":null,"_links":{"self":[{"href":"https:\/\/aromasentia.com\/no\/wp-json\/wp\/v2\/product\/207671","targetHints":{"allow":["GET"]}}],"collection":[{"href":"https:\/\/aromasentia.com\/no\/wp-json\/wp\/v2\/product"}],"about":[{"href":"https:\/\/aromasentia.com\/no\/wp-json\/wp\/v2\/types\/product"}],"replies":[{"embeddable":true,"href":"https:\/\/aromasentia.com\/no\/wp-json\/wp\/v2\/comments?post=207671"}],"version-history":[{"count":0,"href":"https:\/\/aromasentia.com\/no\/wp-json\/wp\/v2\/product\/207671\/revisions"}],"wp:featuredmedia":[{"embeddable":true,"href":"https:\/\/aromasentia.com\/no\/wp-json\/wp\/v2\/media\/268030"}],"wp:attachment":[{"href":"https:\/\/aromasentia.com\/no\/wp-json\/wp\/v2\/media?parent=207671"}],"wp:term":[{"taxonomy":"product_brand","embeddable":true,"href":"https:\/\/aromasentia.com\/no\/wp-json\/wp\/v2\/product_brand?post=207671"},{"taxonomy":"product_cat","embeddable":true,"href":"https:\/\/aromasentia.com\/no\/wp-json\/wp\/v2\/product_cat?post=207671"},{"taxonomy":"product_tag","embeddable":true,"href":"https:\/\/aromasentia.com\/no\/wp-json\/wp\/v2\/product_tag?post=207671"}],"curies":[{"name":"wp","href":"https:\/\/api.w.org\/{rel}","templated":true}]}}