{"id":207668,"date":"2025-03-20T15:14:41","date_gmt":"2025-03-20T15:14:41","guid":{"rendered":"https:\/\/aromasentia.com\/product\/ginger-50ml-essential-oil\/"},"modified":"2025-05-31T04:15:40","modified_gmt":"2025-05-31T04:15:40","slug":"ingefaer-eterisk-olje-50ml","status":"publish","type":"product","link":"https:\/\/aromasentia.com\/no\/ingefaer-eterisk-olje-50ml\/","title":{"rendered":"Ingef\u00e6r Eterisk Olje 50ml"},"content":{"rendered":"<p><strong>Latinsk navn: Zingiber Officinale<br \/>Del av plante brukt: Rot<br \/>Kilde: India<br \/>Ekstraksjonsmetode: Dampdestillasjon<\/strong><\/p>\n<p><strong>Ingef\u00e6r eterisk olje<\/strong> utvinnes fra planten Zingiberaceae officinale, ogs\u00e5 kjent som vanlig eller jamaicansk ingef\u00e6r. Navnet ingef\u00e6r er avledet fra stedet som heter Gingi i delstaten Tamil Nadu, India, og det tamilske ordet for ingef\u00e6r, inji-ver. Oljen utvinnes ved dampdestillasjon fra den uskrelte eller t\u00f8rkede, malte roten av planten. Det er en varmende olje og er spesielt god for ford\u00f8yelsen og bekjempelse av kvalme og oppkast.<\/p>\n<p>Ingef\u00e6rolje har mange terapeutiske egenskaper. Den brukes i behandling av brudd, og lindrer smerter fra revmatisme, leddgikt og karbunkel. Den hjelper mot bakrus, reisesyke, forkj\u00f8lelse, influensa, hoste, bihulebetennelse, s\u00e5r hals, huds\u00e5r, diar\u00e9, kolikk, kramper, frysninger og feber. Brukt i en vaporizer, bekjemper denne oljen ensomhet og depresjon, og dens energigivende egenskaper gj\u00f8r den til et godt afrodisiakum. Ha en dr\u00e5pe olje p\u00e5 et lommet\u00f8rkle og inhaler for \u00e5 kontrollere kvalme, reisesyke og forkj\u00f8lelse.<\/p>\n<p>Sanskrit og kinesiske tekster nevner bruken av ingef\u00e6r som medisin. Det er ogs\u00e5 nevnt i gammel gresk, romersk og arabisk litteratur. T\u00f8rket ingef\u00e6r brukes mot magesmerter, diar\u00e9, halsproblemer og kvalme. Kineserne bruker den ogs\u00e5 for \u00e5 styrke hjertet og redusere slim og slim.<\/p>\n","protected":false},"excerpt":{"rendered":"<p>Latinsk navn: Zingiber OfficinaleDel av plante brukt: RotKilde: IndiaEkstraksjonsmetode: Dampdestillasjon Ingef\u00e6r eterisk olje utvinnes fra planten Zingiberaceae officinale, ogs\u00e5 kjent som vanlig eller jamaicansk ingef\u00e6r. Navnet ingef\u00e6r er avledet fra stedet som heter Gingi i delstaten Tamil Nadu, India, og det tamilske ordet for ingef\u00e6r, inji-ver. Oljen utvinnes ved dampdestillasjon fra den uskrelte eller t\u00f8rkede, [&hellip;]<\/p>\n","protected":false},"featured_media":268253,"comment_status":"closed","ping_status":"open","template":"","meta":{"_angie_page":false},"product_brand":[27096],"product_cat":[9065,25843,10236,26193,26890],"product_tag":[],"class_list":{"0":"post-207668","1":"product","2":"type-product","3":"status-publish","4":"has-post-thumbnail","6":"product_brand-ancient-wisdom","7":"product_cat-aromaterapi-og-romduft","8":"product_cat-dufter-aromaer","9":"product_cat-eteriske-oljer","10":"product_cat-ingefaer","11":"product_cat-krydret","12":"pa_collection-50ml-essential-oil-no","13":"pa_made-in-india","14":"pa_size-50ml","16":"first","17":"instock","18":"purchasable","19":"product-type-simple"},"supplier_id":null,"supplier_sku":"PrEO-24","barcode":null,"atum_controlled":true,"out_stock_date":null,"out_stock_threshold":null,"inheritable":false,"inbound_stock":null,"stock_on_hold":0,"sold_today":0,"sales_last_days":0,"reserved_stock":null,"customer_returns":null,"warehouse_damage":null,"lost_in_post":null,"other_logs":null,"out_stock_days":0,"lost_sales":0,"has_location":null,"update_date":"2026-04-27T07:18:20","atum_locations":[],"atum_stock_status":"instock","restock_status":false,"low_stock_amount":"","sales_update_date":"2026-02-06T00:02:06","calc_backorders":null,"_links":{"self":[{"href":"https:\/\/aromasentia.com\/no\/wp-json\/wp\/v2\/product\/207668","targetHints":{"allow":["GET"]}}],"collection":[{"href":"https:\/\/aromasentia.com\/no\/wp-json\/wp\/v2\/product"}],"about":[{"href":"https:\/\/aromasentia.com\/no\/wp-json\/wp\/v2\/types\/product"}],"replies":[{"embeddable":true,"href":"https:\/\/aromasentia.com\/no\/wp-json\/wp\/v2\/comments?post=207668"}],"version-history":[{"count":0,"href":"https:\/\/aromasentia.com\/no\/wp-json\/wp\/v2\/product\/207668\/revisions"}],"wp:featuredmedia":[{"embeddable":true,"href":"https:\/\/aromasentia.com\/no\/wp-json\/wp\/v2\/media\/268253"}],"wp:attachment":[{"href":"https:\/\/aromasentia.com\/no\/wp-json\/wp\/v2\/media?parent=207668"}],"wp:term":[{"taxonomy":"product_brand","embeddable":true,"href":"https:\/\/aromasentia.com\/no\/wp-json\/wp\/v2\/product_brand?post=207668"},{"taxonomy":"product_cat","embeddable":true,"href":"https:\/\/aromasentia.com\/no\/wp-json\/wp\/v2\/product_cat?post=207668"},{"taxonomy":"product_tag","embeddable":true,"href":"https:\/\/aromasentia.com\/no\/wp-json\/wp\/v2\/product_tag?post=207668"}],"curies":[{"name":"wp","href":"https:\/\/api.w.org\/{rel}","templated":true}]}}