{"id":207666,"date":"2025-03-20T15:14:41","date_gmt":"2025-03-20T15:14:41","guid":{"rendered":"https:\/\/aromasentia.com\/product\/clove-leaf-50ml-essential-oil\/"},"modified":"2025-05-31T04:15:07","modified_gmt":"2025-05-31T04:15:07","slug":"nellikblad-eterisk-olje-50ml","status":"publish","type":"product","link":"https:\/\/aromasentia.com\/no\/nellikblad-eterisk-olje-50ml\/","title":{"rendered":"Nellikblad Eterisk Olje 50ml"},"content":{"rendered":"<p><strong>Latinsk navn: Eugenia Caryophyllata<br \/>Del av plante brukt: Blader<br \/>Kilde: Madagaskar<br \/>Ekstraksjonsmetode: Dampdestillasjon<\/strong><\/p>\n<p>Nellikolje ekstraheres vanligvis ved dampdestillasjon fra bladene, stilken og knoppene til Eugenia caryophyllata-treet, som er hjemmeh\u00f8rende i Indonesia og Malakka\u00f8yene. Dette er en potent olje med en varm, sterk, krydret lukt og m\u00e5 brukes veldig fortynnet og med stor forsiktighet i aromaterapi.<\/p>\n<p><strong>Nellikolje<\/strong>kan brukes til \u00e5 helbrede eller lindre kviser, bl\u00e5merker, kutt og branns\u00e5r, leggs\u00e5r, og som smertestillende middel for revmatisme og leddgikt. Det sies ogs\u00e5 \u00e5 v\u00e6re bra for ford\u00f8yelsessystemet, og hjelper mot oppkast, diar\u00e9, luft i magen, spasmer og parasitter. Det anses som verdifullt for \u00e5 lindre<br \/>luftveisproblemer som bronkitt, astma og tuberkulose. I aromaterapi stimulerer denne essensielle oljen sinnet og fungerer som et afrodisiakum. Det fjerner mental utmattelse og tretthet, og induserer s\u00f8vn hos personer med s\u00f8vnl\u00f8shet.<\/p>\n<p>Det antas at gammel kinesisk medisin brukte nellik til \u00e5 behandle ford\u00f8yelsesbesv\u00e6r, diar\u00e9, brokk, fotsopp og soppinfeksjoner. Det har blitt brukt til \u00e5 behandle munns\u00e5r, tannpine og som et friskt pustmiddel siden antikken i disse landene. Det var et av de f\u00f8rste krydderne som ble handlet med. Arabiske handelsmenn sies \u00e5 ha introdusert nellik til Europa i l\u00f8pet av Romerrikets dager.<\/p>\n","protected":false},"excerpt":{"rendered":"<p>Latinsk navn: Eugenia CaryophyllataDel av plante brukt: BladerKilde: MadagaskarEkstraksjonsmetode: Dampdestillasjon Nellikolje ekstraheres vanligvis ved dampdestillasjon fra bladene, stilken og knoppene til Eugenia caryophyllata-treet, som er hjemmeh\u00f8rende i Indonesia og Malakka\u00f8yene. Dette er en potent olje med en varm, sterk, krydret lukt og m\u00e5 brukes veldig fortynnet og med stor forsiktighet i aromaterapi. Nellikoljekan brukes til [&hellip;]<\/p>\n","protected":false},"featured_media":268235,"comment_status":"closed","ping_status":"open","template":"","meta":{"_angie_page":false},"product_brand":[27096],"product_cat":[9065,25843,10236,26149,26820],"product_tag":[],"class_list":{"0":"post-207666","1":"product","2":"type-product","3":"status-publish","4":"has-post-thumbnail","6":"product_brand-ancient-wisdom","7":"product_cat-aromaterapi-og-romduft","8":"product_cat-dufter-aromaer","9":"product_cat-eteriske-oljer","10":"product_cat-nellikblad","11":"product_cat-sitrus","12":"pa_collection-50ml-essential-oil-no","13":"pa_made-in-indonesia","14":"pa_size-50ml","16":"first","17":"instock","18":"purchasable","19":"product-type-simple"},"supplier_id":null,"supplier_sku":"PrEO-22","barcode":null,"atum_controlled":true,"out_stock_date":null,"out_stock_threshold":null,"inheritable":false,"inbound_stock":0,"stock_on_hold":0,"sold_today":0,"sales_last_days":0,"reserved_stock":0,"customer_returns":0,"warehouse_damage":0,"lost_in_post":0,"other_logs":0,"out_stock_days":0,"lost_sales":0,"has_location":false,"update_date":"2026-05-08T05:16:51","atum_locations":[],"atum_stock_status":"instock","restock_status":false,"low_stock_amount":"","sales_update_date":"2025-09-05T00:18:02","calc_backorders":null,"_links":{"self":[{"href":"https:\/\/aromasentia.com\/no\/wp-json\/wp\/v2\/product\/207666","targetHints":{"allow":["GET"]}}],"collection":[{"href":"https:\/\/aromasentia.com\/no\/wp-json\/wp\/v2\/product"}],"about":[{"href":"https:\/\/aromasentia.com\/no\/wp-json\/wp\/v2\/types\/product"}],"replies":[{"embeddable":true,"href":"https:\/\/aromasentia.com\/no\/wp-json\/wp\/v2\/comments?post=207666"}],"version-history":[{"count":0,"href":"https:\/\/aromasentia.com\/no\/wp-json\/wp\/v2\/product\/207666\/revisions"}],"wp:featuredmedia":[{"embeddable":true,"href":"https:\/\/aromasentia.com\/no\/wp-json\/wp\/v2\/media\/268235"}],"wp:attachment":[{"href":"https:\/\/aromasentia.com\/no\/wp-json\/wp\/v2\/media?parent=207666"}],"wp:term":[{"taxonomy":"product_brand","embeddable":true,"href":"https:\/\/aromasentia.com\/no\/wp-json\/wp\/v2\/product_brand?post=207666"},{"taxonomy":"product_cat","embeddable":true,"href":"https:\/\/aromasentia.com\/no\/wp-json\/wp\/v2\/product_cat?post=207666"},{"taxonomy":"product_tag","embeddable":true,"href":"https:\/\/aromasentia.com\/no\/wp-json\/wp\/v2\/product_tag?post=207666"}],"curies":[{"name":"wp","href":"https:\/\/api.w.org\/{rel}","templated":true}]}}