{"id":207665,"date":"2025-03-20T15:14:41","date_gmt":"2025-03-20T15:14:41","guid":{"rendered":"https:\/\/aromasentia.com\/product\/cinnamon-50ml-essential-oil\/"},"modified":"2025-05-31T04:14:55","modified_gmt":"2025-05-31T04:14:55","slug":"kanel-eterisk-olje-50ml","status":"publish","type":"product","link":"https:\/\/aromasentia.com\/no\/kanel-eterisk-olje-50ml\/","title":{"rendered":"Kanel Eterisk Olje 50ml"},"content":{"rendered":"<p><strong>Latinsk navn: Cinnamomum Zeylanicum<br \/>Del av plante brukt: Blader og kvister<br \/>Kilde: Sri Lanka<br \/>Ekstraksjonsmetode: Dampdestillasjon<\/strong><\/p>\n<p><strong>Kanel essensiell olje<\/strong> ekstraheres ved dampdestillasjon fra Cinnamomum zeylanicum-treet, ogs\u00e5 kalt Ceylon-kanel eller ekte kanel. Det finnes to typer essensielle oljer som ekstraheres: \u00e9n fra bladene, som er mildere, gul til lysebrun, og oftest brukt i aromaterapi; og den andre fra barken, som er m\u00f8rkere brun og ikke ofte foretrukket i aromaterapi.<\/p>\n<p>Kanelolje er en beroligende olje med kraftige antiseptiske egenskaper. N\u00e5r den brukes i en oljebrenner, sies denne oljen \u00e5 hjelpe mot forkj\u00f8lelse og bronkitt, og lindre depresjon. Den brukes til \u00e5 hjelpe mot bronkitt, diar\u00e9, frysninger, infeksjoner, influensa, revmatisme og leddgikt n\u00e5r den brukes i badevann eller blandes inn i en massasjeolje. Den lindrer kvalme og oppkast. Det stimulerer kjertelsystemet og reduserer derfor menstruasjonssmerter. Unng\u00e5 bladoljen under graviditet. Barkoljen er veldig sterk og b\u00f8r kun brukes fortynnet, under kyndig veiledning.<\/p>\n<p>Kaneltreet er hjemmeh\u00f8rende p\u00e5 det indiske subkontinentet og har v\u00e6rt en viktig handelsvare i \u00e5rhundrer mellom India, Kina og Egypt. Kilden til kanel var et mysterium for den vestlige verden i lang tid. Historien forteller at gigantiske kanelfugler samlet kanelstenger til reirene sine fra et mystisk sted der kaneltr\u00e6r vokste. Araberne lurte deretter fuglene og fikk kanelen fra dem. Dette var troen frem til 1310 i Bysants.<\/p>\n","protected":false},"excerpt":{"rendered":"<p>Latinsk navn: Cinnamomum ZeylanicumDel av plante brukt: Blader og kvisterKilde: Sri LankaEkstraksjonsmetode: Dampdestillasjon Kanel essensiell olje ekstraheres ved dampdestillasjon fra Cinnamomum zeylanicum-treet, ogs\u00e5 kalt Ceylon-kanel eller ekte kanel. Det finnes to typer essensielle oljer som ekstraheres: \u00e9n fra bladene, som er mildere, gul til lysebrun, og oftest brukt i aromaterapi; og den andre fra barken, [&hellip;]<\/p>\n","protected":false},"featured_media":268226,"comment_status":"closed","ping_status":"open","template":"","meta":{"_angie_page":false},"product_brand":[27096],"product_cat":[9065,25843,10236,26133,26890],"product_tag":[],"class_list":{"0":"post-207665","1":"product","2":"type-product","3":"status-publish","4":"has-post-thumbnail","6":"product_brand-ancient-wisdom","7":"product_cat-aromaterapi-og-romduft","8":"product_cat-dufter-aromaer","9":"product_cat-eteriske-oljer","10":"product_cat-kanel","11":"product_cat-krydret","12":"pa_collection-50ml-essential-oil-no","13":"pa_made-in-sri-lanka","14":"pa_size-50ml","16":"first","17":"instock","18":"purchasable","19":"product-type-simple"},"supplier_id":null,"supplier_sku":"PrEO-21","barcode":null,"atum_controlled":true,"out_stock_date":null,"out_stock_threshold":null,"inheritable":false,"inbound_stock":null,"stock_on_hold":0,"sold_today":0,"sales_last_days":0,"reserved_stock":null,"customer_returns":null,"warehouse_damage":null,"lost_in_post":null,"other_logs":null,"out_stock_days":0,"lost_sales":0,"has_location":null,"update_date":"2026-05-08T05:16:51","atum_locations":[],"atum_stock_status":"instock","restock_status":false,"low_stock_amount":"","sales_update_date":"2025-09-05T00:18:02","calc_backorders":null,"_links":{"self":[{"href":"https:\/\/aromasentia.com\/no\/wp-json\/wp\/v2\/product\/207665","targetHints":{"allow":["GET"]}}],"collection":[{"href":"https:\/\/aromasentia.com\/no\/wp-json\/wp\/v2\/product"}],"about":[{"href":"https:\/\/aromasentia.com\/no\/wp-json\/wp\/v2\/types\/product"}],"replies":[{"embeddable":true,"href":"https:\/\/aromasentia.com\/no\/wp-json\/wp\/v2\/comments?post=207665"}],"version-history":[{"count":0,"href":"https:\/\/aromasentia.com\/no\/wp-json\/wp\/v2\/product\/207665\/revisions"}],"wp:featuredmedia":[{"embeddable":true,"href":"https:\/\/aromasentia.com\/no\/wp-json\/wp\/v2\/media\/268226"}],"wp:attachment":[{"href":"https:\/\/aromasentia.com\/no\/wp-json\/wp\/v2\/media?parent=207665"}],"wp:term":[{"taxonomy":"product_brand","embeddable":true,"href":"https:\/\/aromasentia.com\/no\/wp-json\/wp\/v2\/product_brand?post=207665"},{"taxonomy":"product_cat","embeddable":true,"href":"https:\/\/aromasentia.com\/no\/wp-json\/wp\/v2\/product_cat?post=207665"},{"taxonomy":"product_tag","embeddable":true,"href":"https:\/\/aromasentia.com\/no\/wp-json\/wp\/v2\/product_tag?post=207665"}],"curies":[{"name":"wp","href":"https:\/\/api.w.org\/{rel}","templated":true}]}}