{"id":207664,"date":"2025-03-20T15:14:41","date_gmt":"2025-03-20T15:14:41","guid":{"rendered":"https:\/\/aromasentia.com\/product\/citronella-50ml-essential-oil\/"},"modified":"2025-05-31T04:14:46","modified_gmt":"2025-05-31T04:14:46","slug":"citronella-eterisk-olje-50ml","status":"publish","type":"product","link":"https:\/\/aromasentia.com\/no\/citronella-eterisk-olje-50ml\/","title":{"rendered":"Citronella Eterisk Olje 50ml"},"content":{"rendered":"<p><strong>Latinsk navn: Cymbopogon Nardus<br \/>Del av plante brukt: T\u00f8rket gress<br \/>Kilde: Java<br \/>Ekstraksjonsmetode: Dampdestillasjon<\/strong><\/p>\n<p>Citronellaolje dampdestilleres fra bladene og stilkene til planten Cymbopogon, spesielt Cymbopogon nardus. <strong>Citronella eterisk olje<\/strong> er kjent som et plantebasert insektmiddel, et bio-plantevernmiddel med en giftfri virkningsmekanisme, og har v\u00e6rt registrert for denne bruken i USA siden 1948. De viktigste landene som produserer denne oljen er Indonesia og Kina, som til sammen produserer omtrent 40 % av verdens sitronella eteriske olje.<\/p>\n<p>I tillegg til \u00e5 v\u00e6re nyttig som insektmiddel for huden, er denne oljen bra for overdreven svette, fet hud og h\u00e5r, og fungerer som en deodorant. Den sies \u00e5 lindre smerter for\u00e5rsaket av revmatisme og leddgikt, og motst\u00e5 influensa, forkj\u00f8lelse og mindre infeksjoner. Oljen er bra for ford\u00f8yelsessystemet for \u00e5 helbrede kolitt, tarminfeksjoner og bli kvitt tarmparasitter. Den lindrer menstruasjonssmerter og -smerter, og \u00f8ker hjerterytmen. Brukt i en vaporizer, er den kjent for \u00e5 fordrive tretthet, hodepine og nervesmerter, og skape en stemning av munterhet og optimisme. Unng\u00e5 bruk under graviditet og hos barn under 3 \u00e5r. Ikke konsumer innvortes.<\/p>\n<p><\/p>\n","protected":false},"excerpt":{"rendered":"<p>Latinsk navn: Cymbopogon NardusDel av plante brukt: T\u00f8rket gressKilde: JavaEkstraksjonsmetode: Dampdestillasjon Citronellaolje dampdestilleres fra bladene og stilkene til planten Cymbopogon, spesielt Cymbopogon nardus. Citronella eterisk olje er kjent som et plantebasert insektmiddel, et bio-plantevernmiddel med en giftfri virkningsmekanisme, og har v\u00e6rt registrert for denne bruken i USA siden 1948. De viktigste landene som produserer denne [&hellip;]<\/p>\n","protected":false},"featured_media":268217,"comment_status":"closed","ping_status":"open","template":"","meta":{"_angie_page":false},"product_brand":[27096],"product_cat":[9065,25843,10236,26139,26820],"product_tag":[],"class_list":{"0":"post-207664","1":"product","2":"type-product","3":"status-publish","4":"has-post-thumbnail","6":"product_brand-ancient-wisdom","7":"product_cat-aromaterapi-og-romduft","8":"product_cat-dufter-aromaer","9":"product_cat-eteriske-oljer","10":"product_cat-sitronella","11":"product_cat-sitrus","12":"pa_collection-50ml-essential-oil-no","13":"pa_made-in-vietnam","14":"pa_size-50ml","16":"first","17":"instock","18":"purchasable","19":"product-type-simple"},"supplier_id":null,"supplier_sku":"PrEO-20","barcode":null,"atum_controlled":true,"out_stock_date":null,"out_stock_threshold":null,"inheritable":false,"inbound_stock":null,"stock_on_hold":0,"sold_today":0,"sales_last_days":0,"reserved_stock":null,"customer_returns":null,"warehouse_damage":null,"lost_in_post":null,"other_logs":null,"out_stock_days":0,"lost_sales":0,"has_location":null,"update_date":"2026-05-08T05:16:51","atum_locations":[],"atum_stock_status":"instock","restock_status":false,"low_stock_amount":"","sales_update_date":"2026-01-20T05:14:08","calc_backorders":null,"_links":{"self":[{"href":"https:\/\/aromasentia.com\/no\/wp-json\/wp\/v2\/product\/207664","targetHints":{"allow":["GET"]}}],"collection":[{"href":"https:\/\/aromasentia.com\/no\/wp-json\/wp\/v2\/product"}],"about":[{"href":"https:\/\/aromasentia.com\/no\/wp-json\/wp\/v2\/types\/product"}],"replies":[{"embeddable":true,"href":"https:\/\/aromasentia.com\/no\/wp-json\/wp\/v2\/comments?post=207664"}],"version-history":[{"count":0,"href":"https:\/\/aromasentia.com\/no\/wp-json\/wp\/v2\/product\/207664\/revisions"}],"wp:featuredmedia":[{"embeddable":true,"href":"https:\/\/aromasentia.com\/no\/wp-json\/wp\/v2\/media\/268217"}],"wp:attachment":[{"href":"https:\/\/aromasentia.com\/no\/wp-json\/wp\/v2\/media?parent=207664"}],"wp:term":[{"taxonomy":"product_brand","embeddable":true,"href":"https:\/\/aromasentia.com\/no\/wp-json\/wp\/v2\/product_brand?post=207664"},{"taxonomy":"product_cat","embeddable":true,"href":"https:\/\/aromasentia.com\/no\/wp-json\/wp\/v2\/product_cat?post=207664"},{"taxonomy":"product_tag","embeddable":true,"href":"https:\/\/aromasentia.com\/no\/wp-json\/wp\/v2\/product_tag?post=207664"}],"curies":[{"name":"wp","href":"https:\/\/api.w.org\/{rel}","templated":true}]}}