{"id":207661,"date":"2025-03-20T15:14:41","date_gmt":"2025-03-20T15:14:41","guid":{"rendered":"https:\/\/aromasentia.com\/product\/frankincense-dilute-50ml-essential-oil\/"},"modified":"2025-05-31T04:14:25","modified_gmt":"2025-05-31T04:14:25","slug":"rokelse-fortynnet-eterisk-olje-50ml","status":"publish","type":"product","link":"https:\/\/aromasentia.com\/no\/rokelse-fortynnet-eterisk-olje-50ml\/","title":{"rendered":"R\u00f8kelse (Fortynnet) Eterisk Olje 50ml"},"content":{"rendered":"<p><strong>Latinsk navn: Boswellia Carterii<br \/>Del av plante brukt: Harpiks<br \/>Kilde: Somalia<br \/>Ekstraksjonsmetode: Dampdestillasjon<\/strong><\/p>\n<p><strong>5 % fortynning i druekjerneolje<\/strong><\/p>\n<p><strong>R\u00f8kelse eterisk olje<\/strong> er dampdestillert fra harpiksen til Boswellia carterii-treet, av Burseraceae-familien, og er ogs\u00e5 kjent som Olibanum. Ordet er avledet fra det franske ordet franc som betyr frodig, og var, sammen med myrra, den f\u00f8rste gummien som ble brukt som r\u00f8kelse. Treet er hjemmeh\u00f8rende i Midt\u00f8sten, og sies \u00e5 eksistere i naturlig bonsai-formasjon i det t\u00f8rre landet. R\u00f8kelse sies \u00e5 symbolisere guddommelighet.<\/p>\n<p>Denne oljen er den mest popul\u00e6re innen aromaterapi for sine beroligende egenskaper. Den sies \u00e5 bidra til \u00e5 helbrede s\u00e5r og forhindre arr. Den brukes til \u00e5 tone ansiktet, fjerne rynker og unng\u00e5 strekkmerker i kosmetiske produkter. Eterisk olje av r\u00f8kelse har blitt brukt for \u00e5 lindre angst, stress, astma, bronkitt, laryngitt og kraftig hoste. Det er en generell styrkende effekt for livmoren, har en beroligende effekt under f\u00f8dsel og bidrar til \u00e5 lette kraftig menstruasjon. Det er mest nyttig under meditasjon. Unng\u00e5 under graviditet.<\/p>\n<p>De gamle egyptere brente r\u00f8kelse som hellig r\u00f8kelse og brukte det som ansiktsmaske. De malte den brente harpiksen til et pulver kalt kohl, som ble brukt til \u00e5 fremheve \u00f8ynene. Kohl-kantede \u00f8yne sees ofte i egyptisk kunst. Den tidligste registreringen av bruk av r\u00f8kelse ble funnet i en gravinnskrift til den egyptiske dronningen Hatshepsut fra det 15. \u00e5rhundre f.Kr. Den ble brukt til \u00e5 desinfisere syke, for \u00e5 forvise onde \u00e5nder.<\/p>\n","protected":false},"excerpt":{"rendered":"<p>Latinsk navn: Boswellia CarteriiDel av plante brukt: HarpiksKilde: SomaliaEkstraksjonsmetode: Dampdestillasjon 5 % fortynning i druekjerneolje R\u00f8kelse eterisk olje er dampdestillert fra harpiksen til Boswellia carterii-treet, av Burseraceae-familien, og er ogs\u00e5 kjent som Olibanum. Ordet er avledet fra det franske ordet franc som betyr frodig, og var, sammen med myrra, den f\u00f8rste gummien som ble brukt [&hellip;]<\/p>\n","protected":false},"featured_media":268190,"comment_status":"closed","ping_status":"open","template":"","meta":{"_angie_page":false},"product_brand":[27096],"product_cat":[9065,25843,10236,26883,26199],"product_tag":[],"class_list":{"0":"post-207661","1":"product","2":"type-product","3":"status-publish","4":"has-post-thumbnail","6":"product_brand-ancient-wisdom","7":"product_cat-aromaterapi-og-romduft","8":"product_cat-dufter-aromaer","9":"product_cat-eteriske-oljer","10":"product_cat-harpiksaktig-balsamisk","11":"product_cat-rokelse","12":"pa_collection-50ml-essential-oil-no","13":"pa_made-in-somalia","14":"pa_size-50ml","16":"first","17":"instock","18":"purchasable","19":"product-type-simple"},"supplier_id":null,"supplier_sku":"PrEO-17","barcode":null,"atum_controlled":true,"out_stock_date":null,"out_stock_threshold":null,"inheritable":false,"inbound_stock":null,"stock_on_hold":0,"sold_today":0,"sales_last_days":0,"reserved_stock":null,"customer_returns":null,"warehouse_damage":null,"lost_in_post":null,"other_logs":null,"out_stock_days":0,"lost_sales":0,"has_location":null,"update_date":"2026-05-08T05:16:51","atum_locations":[],"atum_stock_status":"instock","restock_status":false,"low_stock_amount":"","sales_update_date":"2025-09-05T00:18:02","calc_backorders":null,"_links":{"self":[{"href":"https:\/\/aromasentia.com\/no\/wp-json\/wp\/v2\/product\/207661","targetHints":{"allow":["GET"]}}],"collection":[{"href":"https:\/\/aromasentia.com\/no\/wp-json\/wp\/v2\/product"}],"about":[{"href":"https:\/\/aromasentia.com\/no\/wp-json\/wp\/v2\/types\/product"}],"replies":[{"embeddable":true,"href":"https:\/\/aromasentia.com\/no\/wp-json\/wp\/v2\/comments?post=207661"}],"version-history":[{"count":0,"href":"https:\/\/aromasentia.com\/no\/wp-json\/wp\/v2\/product\/207661\/revisions"}],"wp:featuredmedia":[{"embeddable":true,"href":"https:\/\/aromasentia.com\/no\/wp-json\/wp\/v2\/media\/268190"}],"wp:attachment":[{"href":"https:\/\/aromasentia.com\/no\/wp-json\/wp\/v2\/media?parent=207661"}],"wp:term":[{"taxonomy":"product_brand","embeddable":true,"href":"https:\/\/aromasentia.com\/no\/wp-json\/wp\/v2\/product_brand?post=207661"},{"taxonomy":"product_cat","embeddable":true,"href":"https:\/\/aromasentia.com\/no\/wp-json\/wp\/v2\/product_cat?post=207661"},{"taxonomy":"product_tag","embeddable":true,"href":"https:\/\/aromasentia.com\/no\/wp-json\/wp\/v2\/product_tag?post=207661"}],"curies":[{"name":"wp","href":"https:\/\/api.w.org\/{rel}","templated":true}]}}