{"id":207659,"date":"2025-03-20T15:14:41","date_gmt":"2025-03-20T15:14:41","guid":{"rendered":"https:\/\/aromasentia.com\/product\/blackpepper-50ml-essential-oil\/"},"modified":"2025-05-31T04:14:16","modified_gmt":"2025-05-31T04:14:16","slug":"svartpepper-eterisk-olje-50ml","status":"publish","type":"product","link":"https:\/\/aromasentia.com\/no\/svartpepper-eterisk-olje-50ml\/","title":{"rendered":"Svartpepper Eterisk Olje 50ml"},"content":{"rendered":"<p><strong>Latinsk navn: Piper Nigrum<br \/>Del av plante brukt: Pepperkorn<br \/>Kilde: India<br \/>Ekstraksjonsmetode: Dampdestillasjon<\/strong><\/p>\n<p><strong>Essensiell olje av svart pepper<\/strong>er en multifunksjonell olje som har en rekke bruksomr\u00e5der og fordeler. Denne essensielle oljen er rik p\u00e5 monoterpener og sesquiterpener, som er naturlige kjemikalier kjent for sin antioksidantaktivitet og sin evne til \u00e5 st\u00f8tte immunforsvaret n\u00e5r det trengs mest. En av de unike egenskapene til essensiell olje av svart pepper er dens evne til \u00e5 gi varme f\u00f8lelser n\u00e5r den p\u00e5f\u00f8res topisk. Denne faktoren gj\u00f8r den til en perfekt olje \u00e5 bruke i en avslappende massasjeblanding.<\/p>\n<p>Trenger du en god m\u00e5te \u00e5 roe ned u\u00f8nskede nerver p\u00e5? Essensiell olje av svart pepper er en fin m\u00e5te \u00e5 lindre engstelige f\u00f8lelser p\u00e5. N\u00e5r den brukes aromatisk, kan essensiell olje av svart pepper bidra til \u00e5 berolige anspente f\u00f8lelser.<\/p>\n","protected":false},"excerpt":{"rendered":"<p>Latinsk navn: Piper NigrumDel av plante brukt: PepperkornKilde: IndiaEkstraksjonsmetode: Dampdestillasjon Essensiell olje av svart pepperer en multifunksjonell olje som har en rekke bruksomr\u00e5der og fordeler. Denne essensielle oljen er rik p\u00e5 monoterpener og sesquiterpener, som er naturlige kjemikalier kjent for sin antioksidantaktivitet og sin evne til \u00e5 st\u00f8tte immunforsvaret n\u00e5r det trengs mest. En av [&hellip;]<\/p>\n","protected":false},"featured_media":268172,"comment_status":"closed","ping_status":"open","template":"","meta":{"_angie_page":false},"product_brand":[27096],"product_cat":[9065,25843,10236,26890,26108],"product_tag":[],"class_list":{"0":"post-207659","1":"product","2":"type-product","3":"status-publish","4":"has-post-thumbnail","6":"product_brand-ancient-wisdom","7":"product_cat-aromaterapi-og-romduft","8":"product_cat-dufter-aromaer","9":"product_cat-eteriske-oljer","10":"product_cat-krydret","11":"product_cat-svart-pepper","12":"pa_collection-50ml-essential-oil-no","13":"pa_made-in-india","14":"pa_size-50ml","16":"first","17":"instock","18":"purchasable","19":"product-type-simple"},"supplier_id":null,"supplier_sku":"PrEO-15","barcode":null,"atum_controlled":true,"out_stock_date":null,"out_stock_threshold":null,"inheritable":false,"inbound_stock":null,"stock_on_hold":0,"sold_today":0,"sales_last_days":0,"reserved_stock":null,"customer_returns":null,"warehouse_damage":null,"lost_in_post":null,"other_logs":null,"out_stock_days":0,"lost_sales":0,"has_location":null,"update_date":"2026-04-29T01:07:01","atum_locations":[],"atum_stock_status":"instock","restock_status":false,"low_stock_amount":"","sales_update_date":"2025-09-05T00:18:00","calc_backorders":null,"_links":{"self":[{"href":"https:\/\/aromasentia.com\/no\/wp-json\/wp\/v2\/product\/207659","targetHints":{"allow":["GET"]}}],"collection":[{"href":"https:\/\/aromasentia.com\/no\/wp-json\/wp\/v2\/product"}],"about":[{"href":"https:\/\/aromasentia.com\/no\/wp-json\/wp\/v2\/types\/product"}],"replies":[{"embeddable":true,"href":"https:\/\/aromasentia.com\/no\/wp-json\/wp\/v2\/comments?post=207659"}],"version-history":[{"count":0,"href":"https:\/\/aromasentia.com\/no\/wp-json\/wp\/v2\/product\/207659\/revisions"}],"wp:featuredmedia":[{"embeddable":true,"href":"https:\/\/aromasentia.com\/no\/wp-json\/wp\/v2\/media\/268172"}],"wp:attachment":[{"href":"https:\/\/aromasentia.com\/no\/wp-json\/wp\/v2\/media?parent=207659"}],"wp:term":[{"taxonomy":"product_brand","embeddable":true,"href":"https:\/\/aromasentia.com\/no\/wp-json\/wp\/v2\/product_brand?post=207659"},{"taxonomy":"product_cat","embeddable":true,"href":"https:\/\/aromasentia.com\/no\/wp-json\/wp\/v2\/product_cat?post=207659"},{"taxonomy":"product_tag","embeddable":true,"href":"https:\/\/aromasentia.com\/no\/wp-json\/wp\/v2\/product_tag?post=207659"}],"curies":[{"name":"wp","href":"https:\/\/api.w.org\/{rel}","templated":true}]}}