{"id":207658,"date":"2025-03-20T15:14:41","date_gmt":"2025-03-20T15:14:41","guid":{"rendered":"https:\/\/aromasentia.com\/product\/bergamot-fcf-50ml-essential-oil\/"},"modified":"2025-05-31T04:14:11","modified_gmt":"2025-05-31T04:14:11","slug":"bergamott-fcf-eterisk-olje-50ml","status":"publish","type":"product","link":"https:\/\/aromasentia.com\/no\/bergamott-fcf-eterisk-olje-50ml\/","title":{"rendered":"Bergamott (Fcf) Eterisk Olje 50ml"},"content":{"rendered":"<p><strong>Latinsk navn: Citrus Bergamia<br \/>Del av plante brukt: Fruktskall<br \/>Kilde: Elfenbenskysten<br \/>Ekstraksjonsmetode: Kaldpressing<\/strong><\/p>\n<p>Bergamott eterisk olje utvinnes ved \u00e5 presse fra modne s\u00e5 vel som umodne frukter av bergamot-appelsintreet. Denne eteriske oljen, som lukter sitrusaktig, men likevel s\u00f8tt, er flott for \u00e5 skape en avslappet og lykkelig f\u00f8lelse. Den er nyttig i behandling av urinveisinfeksjoner, hudproblemer og styrker funksjonene i leveren, milten og magen.<\/p>\n<p><strong>Bergamott eterisk olje<\/strong> brukes i aromaterapi for \u00e5 behandle depresjon, stress, spenninger, lav selvtillit, frykt og hysteri. Den er nyttig for \u00e5 helbrede hudinfeksjoner som generelle s\u00e5r, psoriasis, forkj\u00f8lelsess\u00e5r og eksem. Denne oljen sies \u00e5 hjelpe de som lider av SAD (sesongavhengig lidelse), PMS, tvangsmessig spising, f\u00f8dselsdepresjon, forkj\u00f8lelse og influensa. Bergamotolje er en favoritt innen aromaterapi og brukes i vaporisatorer, massasjer og blandes i badevann. Eksperter anbefaler forsiktighet ved bruk av denne oljen p\u00e5 sensitiv hud hvis den utsettes for sollys etter p\u00e5f\u00f8ring, da dette kan for\u00e5rsake brannskader. Holdes unna solen hvis denne oljen har blitt brukt p\u00e5 huden.<\/p>\n<p>Den har blitt brukt i parfyme- og n\u00e6ringsmiddelindustrien (Earl Grey-te) i lang tid. Selv om essensiell olje har begynt \u00e5 bli utvunnet i den senere tid, har frukten, dens essens og smak blitt brukt i tradisjonell medisin i hundrevis av \u00e5r.<\/p>\n","protected":false},"excerpt":{"rendered":"<p>Latinsk navn: Citrus BergamiaDel av plante brukt: FruktskallKilde: ElfenbenskystenEkstraksjonsmetode: Kaldpressing Bergamott eterisk olje utvinnes ved \u00e5 presse fra modne s\u00e5 vel som umodne frukter av bergamot-appelsintreet. Denne eteriske oljen, som lukter sitrusaktig, men likevel s\u00f8tt, er flott for \u00e5 skape en avslappet og lykkelig f\u00f8lelse. Den er nyttig i behandling av urinveisinfeksjoner, hudproblemer og styrker [&hellip;]<\/p>\n","protected":false},"featured_media":268155,"comment_status":"closed","ping_status":"open","template":"","meta":{"_angie_page":false},"product_brand":[27096],"product_cat":[9065,26103,25843,10236,26820],"product_tag":[],"class_list":{"0":"post-207658","1":"product","2":"type-product","3":"status-publish","4":"has-post-thumbnail","6":"product_brand-ancient-wisdom","7":"product_cat-aromaterapi-og-romduft","8":"product_cat-bergamott","9":"product_cat-dufter-aromaer","10":"product_cat-eteriske-oljer","11":"product_cat-sitrus","12":"pa_collection-50ml-essential-oil-no","13":"pa_made-in-italia","14":"pa_size-50ml","16":"first","17":"instock","18":"purchasable","19":"product-type-simple"},"supplier_id":null,"supplier_sku":"PrEO-14","barcode":null,"atum_controlled":true,"out_stock_date":null,"out_stock_threshold":null,"inheritable":false,"inbound_stock":0,"stock_on_hold":0,"sold_today":0,"sales_last_days":0,"reserved_stock":0,"customer_returns":0,"warehouse_damage":0,"lost_in_post":0,"other_logs":0,"out_stock_days":0,"lost_sales":0,"has_location":false,"update_date":"2026-05-08T05:16:51","atum_locations":[],"atum_stock_status":"instock","restock_status":false,"low_stock_amount":"","sales_update_date":"2026-01-30T01:26:15","calc_backorders":null,"_links":{"self":[{"href":"https:\/\/aromasentia.com\/no\/wp-json\/wp\/v2\/product\/207658","targetHints":{"allow":["GET"]}}],"collection":[{"href":"https:\/\/aromasentia.com\/no\/wp-json\/wp\/v2\/product"}],"about":[{"href":"https:\/\/aromasentia.com\/no\/wp-json\/wp\/v2\/types\/product"}],"replies":[{"embeddable":true,"href":"https:\/\/aromasentia.com\/no\/wp-json\/wp\/v2\/comments?post=207658"}],"version-history":[{"count":0,"href":"https:\/\/aromasentia.com\/no\/wp-json\/wp\/v2\/product\/207658\/revisions"}],"wp:featuredmedia":[{"embeddable":true,"href":"https:\/\/aromasentia.com\/no\/wp-json\/wp\/v2\/media\/268155"}],"wp:attachment":[{"href":"https:\/\/aromasentia.com\/no\/wp-json\/wp\/v2\/media?parent=207658"}],"wp:term":[{"taxonomy":"product_brand","embeddable":true,"href":"https:\/\/aromasentia.com\/no\/wp-json\/wp\/v2\/product_brand?post=207658"},{"taxonomy":"product_cat","embeddable":true,"href":"https:\/\/aromasentia.com\/no\/wp-json\/wp\/v2\/product_cat?post=207658"},{"taxonomy":"product_tag","embeddable":true,"href":"https:\/\/aromasentia.com\/no\/wp-json\/wp\/v2\/product_tag?post=207658"}],"curies":[{"name":"wp","href":"https:\/\/api.w.org\/{rel}","templated":true}]}}