{"id":207656,"date":"2025-03-20T15:15:03","date_gmt":"2025-03-20T15:15:03","guid":{"rendered":"https:\/\/aromasentia.com\/product\/myrrh-50ml-essential-oil\/"},"modified":"2025-05-31T04:14:04","modified_gmt":"2025-05-31T04:14:04","slug":"myrra-eterisk-olje-50ml","status":"publish","type":"product","link":"https:\/\/aromasentia.com\/no\/myrra-eterisk-olje-50ml\/","title":{"rendered":"Myrra Eterisk Olje 50ml"},"content":{"rendered":"<p><strong>Latinsk navn: Commiphora Myrrha<br \/>Del av plante brukt: Harpiks<br \/>Kilde: Somalia<br \/>Utvinningsmetode: Dampdestillasjon<\/strong><\/p>\n<p>Myrra har blitt brukt siden antikken som parfyme og r\u00f8kelse til medisinske og hellige form\u00e5l. <strong>Essensiell myrraolje<\/strong> er en basisvare i aromaterapi og antas \u00e5 lindre hoste og forkj\u00f8lelse, lindre ford\u00f8yelsesbesv\u00e6r og styrke immuniteten.<\/p>\n<p>N\u00e5r myrra brukes i aromaterapi, sies den \u00e5 bidra til \u00e5 behandle eller forebygge f\u00f8lgende helseproblemer som forkj\u00f8lelse, hoste, s\u00f8vnl\u00f8shet eller s\u00e5r hals.<\/p>\n<p>I tillegg sies det at essensiell myrraolje reduserer betennelse, stimulerer immunforsvaret, lindrer smerte og fremmer s\u00e5rheling.<\/p>\n<p>Noen ganger brukt som ingrediens i hudpleieprodukter, sies det ogs\u00e5 at essensiell myrraolje reduserer synligheten av rynker.<\/p>\n","protected":false},"excerpt":{"rendered":"<p>Latinsk navn: Commiphora MyrrhaDel av plante brukt: HarpiksKilde: SomaliaUtvinningsmetode: Dampdestillasjon Myrra har blitt brukt siden antikken som parfyme og r\u00f8kelse til medisinske og hellige form\u00e5l. Essensiell myrraolje er en basisvare i aromaterapi og antas \u00e5 lindre hoste og forkj\u00f8lelse, lindre ford\u00f8yelsesbesv\u00e6r og styrke immuniteten. N\u00e5r myrra brukes i aromaterapi, sies den \u00e5 bidra til \u00e5 [&hellip;]<\/p>\n","protected":false},"featured_media":268379,"comment_status":"closed","ping_status":"open","template":"","meta":{"_angie_page":false},"product_brand":[27096],"product_cat":[9065,25843,10236,26883,26282],"product_tag":[],"class_list":{"0":"post-207656","1":"product","2":"type-product","3":"status-publish","4":"has-post-thumbnail","6":"product_brand-ancient-wisdom","7":"product_cat-aromaterapi-og-romduft","8":"product_cat-dufter-aromaer","9":"product_cat-eteriske-oljer","10":"product_cat-harpiksaktig-balsamisk","11":"product_cat-myrt","12":"pa_collection-50ml-essential-oil-no","13":"pa_made-in-somalia","14":"pa_size-50ml","16":"first","17":"instock","18":"purchasable","19":"product-type-simple"},"supplier_id":null,"supplier_sku":"PrEO-40","barcode":null,"atum_controlled":true,"out_stock_date":null,"out_stock_threshold":null,"inheritable":false,"inbound_stock":0,"stock_on_hold":0,"sold_today":0,"sales_last_days":0,"reserved_stock":0,"customer_returns":0,"warehouse_damage":0,"lost_in_post":0,"other_logs":0,"out_stock_days":0,"lost_sales":0,"has_location":false,"update_date":"2026-04-27T07:18:25","atum_locations":[],"atum_stock_status":"instock","restock_status":false,"low_stock_amount":"","sales_update_date":"2026-01-30T01:24:54","calc_backorders":null,"_links":{"self":[{"href":"https:\/\/aromasentia.com\/no\/wp-json\/wp\/v2\/product\/207656","targetHints":{"allow":["GET"]}}],"collection":[{"href":"https:\/\/aromasentia.com\/no\/wp-json\/wp\/v2\/product"}],"about":[{"href":"https:\/\/aromasentia.com\/no\/wp-json\/wp\/v2\/types\/product"}],"replies":[{"embeddable":true,"href":"https:\/\/aromasentia.com\/no\/wp-json\/wp\/v2\/comments?post=207656"}],"version-history":[{"count":0,"href":"https:\/\/aromasentia.com\/no\/wp-json\/wp\/v2\/product\/207656\/revisions"}],"wp:featuredmedia":[{"embeddable":true,"href":"https:\/\/aromasentia.com\/no\/wp-json\/wp\/v2\/media\/268379"}],"wp:attachment":[{"href":"https:\/\/aromasentia.com\/no\/wp-json\/wp\/v2\/media?parent=207656"}],"wp:term":[{"taxonomy":"product_brand","embeddable":true,"href":"https:\/\/aromasentia.com\/no\/wp-json\/wp\/v2\/product_brand?post=207656"},{"taxonomy":"product_cat","embeddable":true,"href":"https:\/\/aromasentia.com\/no\/wp-json\/wp\/v2\/product_cat?post=207656"},{"taxonomy":"product_tag","embeddable":true,"href":"https:\/\/aromasentia.com\/no\/wp-json\/wp\/v2\/product_tag?post=207656"}],"curies":[{"name":"wp","href":"https:\/\/api.w.org\/{rel}","templated":true}]}}