{"id":207655,"date":"2025-03-20T15:15:03","date_gmt":"2025-03-20T15:15:03","guid":{"rendered":"https:\/\/aromasentia.com\/product\/rosewood-50ml-essential-oil\/"},"modified":"2025-05-31T04:14:01","modified_gmt":"2025-05-31T04:14:01","slug":"rosentre-eterisk-olje-50ml","status":"publish","type":"product","link":"https:\/\/aromasentia.com\/no\/rosentre-eterisk-olje-50ml\/","title":{"rendered":"Rosentre Eterisk Olje 50ml"},"content":{"rendered":"<p><strong>Latinsk navn: Aniba Rosaeodora<br \/>Del av plante: Tre<br \/>Kilde: Brasil<br \/>Ekstraksjonsmetode: Dampdestillasjon<\/strong><\/p>\n<p>Helsefordelene ved <strong>rosentreolje<\/strong> kan tilskrives dens egenskaper som smertestillende, antidepressivt, antiseptisk, afrodisiakum, antibakterielt, kefalisk, deodorant, insektmiddel og stimulerende stoff. Den utvinnes fra rosentretreet.<\/p>\n<p>Denne essensielle oljen kan ta bort depresjonen din og gi deg et smil i l\u00f8pet av minutter. Den milde, s\u00f8te, krydrede og blomsteraromaen til denne oljen gj\u00f8r susen og er derfor foretrukket av aromaterapispesialister. Den driver bort tristhet og skuffelse og forbereder deg p\u00e5 \u00e5 ta fatt p\u00e5 livet med et nytt og positivt perspektiv. Den kan v\u00e6re veldig bra for de som nylig har mislyktes eller f\u00f8ler seg nedfor, enten det gjelder akademikere, profesjonelle situasjoner eller forhold.<\/p>\n<p>Selv om den ikke er sterk, fungerer denne oljen som et mildt smertestillende middel og kan gi deg lindring av lett hodepine, tannpine og smerter i muskler og ledd. Denne oljen kan holde hjernen din kj\u00f8lig, aktiv, skarp og v\u00e5ken, og den kan ogs\u00e5 ta bort hodepine. Dette vil ogs\u00e5 forbedre hukommelsen din og bidra til \u00e5 beskytte deg mot nevrotiske lidelser.<\/p>\n<p>Denne oljen har insektdrepende egenskaper og kan drepe sm\u00e5 insekter som mygg, lus, veggedyr, lopper og maur. Du kan ogs\u00e5 bruke den i vaporizere, sprayer, romfriskere og gulvvaskere. Hvis den gnis p\u00e5 huden, holder den ogs\u00e5 mygg unna.<\/p>\n","protected":false},"excerpt":{"rendered":"<p>Latinsk navn: Aniba RosaeodoraDel av plante: TreKilde: BrasilEkstraksjonsmetode: Dampdestillasjon Helsefordelene ved rosentreolje kan tilskrives dens egenskaper som smertestillende, antidepressivt, antiseptisk, afrodisiakum, antibakterielt, kefalisk, deodorant, insektmiddel og stimulerende stoff. Den utvinnes fra rosentretreet. Denne essensielle oljen kan ta bort depresjonen din og gi deg et smil i l\u00f8pet av minutter. Den milde, s\u00f8te, krydrede og blomsteraromaen [&hellip;]<\/p>\n","protected":false},"featured_media":268370,"comment_status":"closed","ping_status":"open","template":"","meta":{"_angie_page":false},"product_brand":[27096],"product_cat":[9065,25843,10236,26376,26897],"product_tag":[],"class_list":{"0":"post-207655","1":"product","2":"type-product","3":"status-publish","4":"has-post-thumbnail","6":"product_brand-ancient-wisdom","7":"product_cat-aromaterapi-og-romduft","8":"product_cat-dufter-aromaer","9":"product_cat-eteriske-oljer","10":"product_cat-rosentre","11":"product_cat-treaktig","12":"pa_collection-50ml-essential-oil-no","13":"pa_made-in-india","14":"pa_size-50ml","16":"first","17":"instock","18":"purchasable","19":"product-type-simple"},"supplier_id":null,"supplier_sku":"PrEO-39","barcode":null,"atum_controlled":true,"out_stock_date":null,"out_stock_threshold":null,"inheritable":false,"inbound_stock":null,"stock_on_hold":0,"sold_today":0,"sales_last_days":0,"reserved_stock":null,"customer_returns":null,"warehouse_damage":null,"lost_in_post":null,"other_logs":null,"out_stock_days":0,"lost_sales":0,"has_location":null,"update_date":"2026-04-29T13:03:07","atum_locations":[],"atum_stock_status":"instock","restock_status":false,"low_stock_amount":"","sales_update_date":"2025-09-05T00:18:07","calc_backorders":null,"_links":{"self":[{"href":"https:\/\/aromasentia.com\/no\/wp-json\/wp\/v2\/product\/207655","targetHints":{"allow":["GET"]}}],"collection":[{"href":"https:\/\/aromasentia.com\/no\/wp-json\/wp\/v2\/product"}],"about":[{"href":"https:\/\/aromasentia.com\/no\/wp-json\/wp\/v2\/types\/product"}],"replies":[{"embeddable":true,"href":"https:\/\/aromasentia.com\/no\/wp-json\/wp\/v2\/comments?post=207655"}],"version-history":[{"count":0,"href":"https:\/\/aromasentia.com\/no\/wp-json\/wp\/v2\/product\/207655\/revisions"}],"wp:featuredmedia":[{"embeddable":true,"href":"https:\/\/aromasentia.com\/no\/wp-json\/wp\/v2\/media\/268370"}],"wp:attachment":[{"href":"https:\/\/aromasentia.com\/no\/wp-json\/wp\/v2\/media?parent=207655"}],"wp:term":[{"taxonomy":"product_brand","embeddable":true,"href":"https:\/\/aromasentia.com\/no\/wp-json\/wp\/v2\/product_brand?post=207655"},{"taxonomy":"product_cat","embeddable":true,"href":"https:\/\/aromasentia.com\/no\/wp-json\/wp\/v2\/product_cat?post=207655"},{"taxonomy":"product_tag","embeddable":true,"href":"https:\/\/aromasentia.com\/no\/wp-json\/wp\/v2\/product_tag?post=207655"}],"curies":[{"name":"wp","href":"https:\/\/api.w.org\/{rel}","templated":true}]}}