{"id":207647,"date":"2025-03-20T15:15:03","date_gmt":"2025-03-20T15:15:03","guid":{"rendered":"https:\/\/aromasentia.com\/product\/lime-50ml-essential-oil\/"},"modified":"2025-05-31T04:12:56","modified_gmt":"2025-05-31T04:12:56","slug":"lime-eterisk-olje-50ml","status":"publish","type":"product","link":"https:\/\/aromasentia.com\/no\/lime-eterisk-olje-50ml\/","title":{"rendered":"Lime Eterisk Olje 50ml"},"content":{"rendered":"<p><strong>Latinsk navn: Citrus Aurantifolia<br \/>Del av plante brukt: Fruktskall<br \/>Kilde: Mexico<br \/>Ekstraksjonsmetode: Kaldpressing<\/strong><\/p>\n<p><strong>Lime essensiell olje<\/strong> utvinnes fra Citrus aurantifolia, ogs\u00e5 kjent som meksikansk eller vestindisk lime, samt surlime. Oljen ekstraheres fra skallet av det umodne skinnet ved kaldpressing eller fra skallet og\/eller hele den modne frukten ved dampdestillasjon. Limeolje har en skarp sitrusduft som umiddelbart oppmuntrer hum\u00f8ret n\u00e5r man lukter p\u00e5 den, og er blekgul til lys olivenfarget.<\/p>\n<p>Limeolje, n\u00e5r den brukes i en oljebrenner, stimulerer et slitent sinn og bidrar til \u00e5 lindre angst, apati og depresjon. Det er nyttig for \u00e5 redusere feber forbundet med forkj\u00f8lelse, s\u00e5r hals og influensa. Det \u00f8ker immuniteten samtidig som det lindrer hoste, bronkitt, bihulebetennelse og astma. Den sies \u00e5 v\u00e6re nyttig mot leddgikt, revmatisme og d\u00e5rlig sirkulasjon, samt mot fedme og cellulitter. Denne oljen er bra for huden; den reduserer oljete hud og kviser, hjelper mot herpes, insektbitt og kutt. Oljen som utvinnes ved kaldpressing (i motsetning til dampdestillasjon) kan imidlertid for\u00e5rsake lysf\u00f8lsomhet og irritere huden.<\/p>\n<p>Limen er gr\u00f8nn n\u00e5r den er r\u00e5 og modnes til gul, og m\u00e5ler vanligvis omtrent fem centimeter i diameter. Den ble introdusert til Europa av maurerne og derfra migrerte den til Amerika. Limen sies \u00e5 ha et lavere vitamin C-innhold enn sitroner. Folk bar ofte lime med seg p\u00e5 lange skipsreiser for \u00e5 forhindre at sj\u00f8menn fikk skj\u00f8rbuk av vitamin C-mangel.<\/p>\n","protected":false},"excerpt":{"rendered":"<p>Latinsk navn: Citrus AurantifoliaDel av plante brukt: FruktskallKilde: MexicoEkstraksjonsmetode: Kaldpressing Lime essensiell olje utvinnes fra Citrus aurantifolia, ogs\u00e5 kjent som meksikansk eller vestindisk lime, samt surlime. Oljen ekstraheres fra skallet av det umodne skinnet ved kaldpressing eller fra skallet og\/eller hele den modne frukten ved dampdestillasjon. Limeolje har en skarp sitrusduft som umiddelbart oppmuntrer hum\u00f8ret [&hellip;]<\/p>\n","protected":false},"featured_media":268298,"comment_status":"closed","ping_status":"open","template":"","meta":{"_angie_page":false},"product_brand":[27096],"product_cat":[9065,25843,10236,26257,26820],"product_tag":[],"class_list":{"0":"post-207647","1":"product","2":"type-product","3":"status-publish","4":"has-post-thumbnail","6":"product_brand-ancient-wisdom","7":"product_cat-aromaterapi-og-romduft","8":"product_cat-dufter-aromaer","9":"product_cat-eteriske-oljer","10":"product_cat-lime","11":"product_cat-sitrus","12":"pa_collection-50ml-essential-oil-no","13":"pa_made-in-mexico","14":"pa_size-50ml","16":"first","17":"instock","18":"purchasable","19":"product-type-simple"},"supplier_id":null,"supplier_sku":"PrEO-29","barcode":null,"atum_controlled":true,"out_stock_date":null,"out_stock_threshold":null,"inheritable":false,"inbound_stock":null,"stock_on_hold":0,"sold_today":0,"sales_last_days":0,"reserved_stock":null,"customer_returns":null,"warehouse_damage":null,"lost_in_post":null,"other_logs":null,"out_stock_days":0,"lost_sales":0,"has_location":null,"update_date":"2026-04-27T07:18:20","atum_locations":[],"atum_stock_status":"instock","restock_status":false,"low_stock_amount":"","sales_update_date":"2025-09-05T00:18:04","calc_backorders":null,"_links":{"self":[{"href":"https:\/\/aromasentia.com\/no\/wp-json\/wp\/v2\/product\/207647","targetHints":{"allow":["GET"]}}],"collection":[{"href":"https:\/\/aromasentia.com\/no\/wp-json\/wp\/v2\/product"}],"about":[{"href":"https:\/\/aromasentia.com\/no\/wp-json\/wp\/v2\/types\/product"}],"replies":[{"embeddable":true,"href":"https:\/\/aromasentia.com\/no\/wp-json\/wp\/v2\/comments?post=207647"}],"version-history":[{"count":0,"href":"https:\/\/aromasentia.com\/no\/wp-json\/wp\/v2\/product\/207647\/revisions"}],"wp:featuredmedia":[{"embeddable":true,"href":"https:\/\/aromasentia.com\/no\/wp-json\/wp\/v2\/media\/268298"}],"wp:attachment":[{"href":"https:\/\/aromasentia.com\/no\/wp-json\/wp\/v2\/media?parent=207647"}],"wp:term":[{"taxonomy":"product_brand","embeddable":true,"href":"https:\/\/aromasentia.com\/no\/wp-json\/wp\/v2\/product_brand?post=207647"},{"taxonomy":"product_cat","embeddable":true,"href":"https:\/\/aromasentia.com\/no\/wp-json\/wp\/v2\/product_cat?post=207647"},{"taxonomy":"product_tag","embeddable":true,"href":"https:\/\/aromasentia.com\/no\/wp-json\/wp\/v2\/product_tag?post=207647"}],"curies":[{"name":"wp","href":"https:\/\/api.w.org\/{rel}","templated":true}]}}