{"id":207646,"date":"2025-03-20T15:15:03","date_gmt":"2025-03-20T15:15:03","guid":{"rendered":"https:\/\/aromasentia.com\/product\/lemongrass-50ml-essential-oil\/"},"modified":"2025-05-31T04:12:46","modified_gmt":"2025-05-31T04:12:46","slug":"sitrongress-eterisk-olje-50ml","status":"publish","type":"product","link":"https:\/\/aromasentia.com\/no\/sitrongress-eterisk-olje-50ml\/","title":{"rendered":"Sitrongress Eterisk Olje 50ml"},"content":{"rendered":"<p><strong>Latinsk navn: Cymbopogon Citratus<br \/>Del av planten brukt: Blader<br \/>Kilde: Guatamala<br \/>Ekstraksjonsmetode: Dampdestillasjon<\/strong><\/p>\n<p><strong>Sitrongress essensiell olje<\/strong>ekstraheres fra Cymbopogon citratus, ogs\u00e5 kjent som \u00aboljegress\u00bb, fra de friske eller delvis t\u00f8rkede bladene ved dampdestillasjon. Denne oljen sies \u00e5 bekjempe tretthet og bidra til \u00e5 friske opp en sliten kropp og sinn. Det er ogs\u00e5 en behagelig luktende m\u00e5te \u00e5 holde et kj\u00e6ledyr fritt for lopper og fl\u00e5tt. Sitrongress inneholder citral, som gir hovedsmaken i sitronskall.<\/p>\n<p>Sitrongressolje antas \u00e5 lindre jetlag, hodepine, nerv\u00f8s utmattelse og stress. Den styrker det parasympatiske nervesystemet, for raskere restitusjon etter en sykdom, og stimulerer kjertelsekresjoner. Den bidrar til \u00e5 tone muskler og vev, og dermed lindre muskelsmerter. Den er nyttig for behandling av s\u00e5r hals, laryngitt og feber, og bidrar til \u00e5 stoppe spredning av infeksjoner. Den hjelper mot kolitt, ford\u00f8yelsesbesv\u00e6r og gastroenteritt. Den renser fet hud og reduserer overdreven svette. Den kan imidlertid irritere huden, s\u00e5 forsiktighet m\u00e5 utvises n\u00e5r den brukes p\u00e5 huden. Unng\u00e5 bruk under graviditet.<\/p>\n<p>Den er ogs\u00e5 kjent som indisk verbena- eller indisk melissaolje og brukes i ayurveda, den gamle tradisjonelle helbredelseskunsten, for \u00e5 bidra til \u00e5 senke feber og behandle smittsomme sykdommer; den kalles derfor ogs\u00e5 \u00abfebergress\u00bb.<\/p>\n","protected":false},"excerpt":{"rendered":"<p>Latinsk navn: Cymbopogon CitratusDel av planten brukt: BladerKilde: GuatamalaEkstraksjonsmetode: Dampdestillasjon Sitrongress essensiell oljeekstraheres fra Cymbopogon citratus, ogs\u00e5 kjent som \u00aboljegress\u00bb, fra de friske eller delvis t\u00f8rkede bladene ved dampdestillasjon. Denne oljen sies \u00e5 bekjempe tretthet og bidra til \u00e5 friske opp en sliten kropp og sinn. Det er ogs\u00e5 en behagelig luktende m\u00e5te \u00e5 holde [&hellip;]<\/p>\n","protected":false},"featured_media":268289,"comment_status":"closed","ping_status":"open","template":"","meta":{"_angie_page":false},"product_brand":[27096],"product_cat":[9065,25843,10236,26254,26820],"product_tag":[],"class_list":{"0":"post-207646","1":"product","2":"type-product","3":"status-publish","4":"has-post-thumbnail","6":"product_brand-ancient-wisdom","7":"product_cat-aromaterapi-og-romduft","8":"product_cat-dufter-aromaer","9":"product_cat-eteriske-oljer","10":"product_cat-sitrongress","11":"product_cat-sitrus","12":"pa_collection-50ml-essential-oil-no","13":"pa_made-in-india","14":"pa_size-50ml","16":"first","17":"instock","18":"purchasable","19":"product-type-simple"},"supplier_id":null,"supplier_sku":"PrEO-28","barcode":null,"atum_controlled":true,"out_stock_date":null,"out_stock_threshold":null,"inheritable":false,"inbound_stock":null,"stock_on_hold":0,"sold_today":0,"sales_last_days":0,"reserved_stock":null,"customer_returns":null,"warehouse_damage":null,"lost_in_post":null,"other_logs":null,"out_stock_days":0,"lost_sales":0,"has_location":null,"update_date":"2026-05-08T05:16:51","atum_locations":[],"atum_stock_status":"instock","restock_status":false,"low_stock_amount":"","sales_update_date":"2026-01-30T01:26:14","calc_backorders":null,"_links":{"self":[{"href":"https:\/\/aromasentia.com\/no\/wp-json\/wp\/v2\/product\/207646","targetHints":{"allow":["GET"]}}],"collection":[{"href":"https:\/\/aromasentia.com\/no\/wp-json\/wp\/v2\/product"}],"about":[{"href":"https:\/\/aromasentia.com\/no\/wp-json\/wp\/v2\/types\/product"}],"replies":[{"embeddable":true,"href":"https:\/\/aromasentia.com\/no\/wp-json\/wp\/v2\/comments?post=207646"}],"version-history":[{"count":0,"href":"https:\/\/aromasentia.com\/no\/wp-json\/wp\/v2\/product\/207646\/revisions"}],"wp:featuredmedia":[{"embeddable":true,"href":"https:\/\/aromasentia.com\/no\/wp-json\/wp\/v2\/media\/268289"}],"wp:attachment":[{"href":"https:\/\/aromasentia.com\/no\/wp-json\/wp\/v2\/media?parent=207646"}],"wp:term":[{"taxonomy":"product_brand","embeddable":true,"href":"https:\/\/aromasentia.com\/no\/wp-json\/wp\/v2\/product_brand?post=207646"},{"taxonomy":"product_cat","embeddable":true,"href":"https:\/\/aromasentia.com\/no\/wp-json\/wp\/v2\/product_cat?post=207646"},{"taxonomy":"product_tag","embeddable":true,"href":"https:\/\/aromasentia.com\/no\/wp-json\/wp\/v2\/product_tag?post=207646"}],"curies":[{"name":"wp","href":"https:\/\/api.w.org\/{rel}","templated":true}]}}