{"id":207645,"date":"2025-03-20T15:15:03","date_gmt":"2025-03-20T15:15:03","guid":{"rendered":"https:\/\/aromasentia.com\/product\/juniperberry-50ml-essential-oil\/"},"modified":"2025-05-31T04:12:43","modified_gmt":"2025-05-31T04:12:43","slug":"einerbaer-eterisk-olje-50ml","status":"publish","type":"product","link":"https:\/\/aromasentia.com\/no\/einerbaer-eterisk-olje-50ml\/","title":{"rendered":"Einerb\u00e6r Eterisk Olje 50ml"},"content":{"rendered":"<p><strong>Latinsk navn: Juniperus Communis<br \/>Del av plante brukt: B\u00e6r<br \/>Kilde: Makedonia<br \/>Ekstraksjonsmetode: Dampdestillasjon<\/strong><\/p>\n<p>Eineb\u00e6rolje er utvunnet fra b\u00e6rene p\u00e5 et bartre, og er kjent for sin allsidige bruk og fordeler. Duften av eineb\u00e6rolje er treaktig, krydret og ren. N\u00e5r den brukes for aromaen sin, har eineb\u00e6rolje en beroligende og jordnende effekt, og kan ogs\u00e5 brukes i diffuser for \u00e5 rense og rense luften.<\/p>\n<p>Eineb\u00e6r er et naturlig antiseptisk middel, i likhet med den essensielle oljen. En romspray\/luftfrisker laget med eineb\u00e6rolje kan bidra til \u00e5 drepe luftb\u00e5rne bakterier.<\/p>\n","protected":false},"excerpt":{"rendered":"<p>Latinsk navn: Juniperus CommunisDel av plante brukt: B\u00e6rKilde: MakedoniaEkstraksjonsmetode: Dampdestillasjon Eineb\u00e6rolje er utvunnet fra b\u00e6rene p\u00e5 et bartre, og er kjent for sin allsidige bruk og fordeler. Duften av eineb\u00e6rolje er treaktig, krydret og ren. N\u00e5r den brukes for aromaen sin, har eineb\u00e6rolje en beroligende og jordnende effekt, og kan ogs\u00e5 brukes i diffuser for [&hellip;]<\/p>\n","protected":false},"featured_media":268280,"comment_status":"closed","ping_status":"open","template":"","meta":{"_angie_page":false},"product_brand":[27096],"product_cat":[9065,25843,26229,10236,26897],"product_tag":[],"class_list":{"0":"post-207645","1":"product","2":"type-product","3":"status-publish","4":"has-post-thumbnail","6":"product_brand-ancient-wisdom","7":"product_cat-aromaterapi-og-romduft","8":"product_cat-dufter-aromaer","9":"product_cat-einerbaer","10":"product_cat-eteriske-oljer","11":"product_cat-treaktig","12":"pa_collection-50ml-essential-oil-no","13":"pa_made-in-kroatia","14":"pa_size-50ml","16":"first","17":"instock","18":"purchasable","19":"product-type-simple"},"supplier_id":null,"supplier_sku":"PrEO-27","barcode":null,"atum_controlled":true,"out_stock_date":null,"out_stock_threshold":null,"inheritable":false,"inbound_stock":null,"stock_on_hold":0,"sold_today":0,"sales_last_days":0,"reserved_stock":null,"customer_returns":null,"warehouse_damage":null,"lost_in_post":null,"other_logs":null,"out_stock_days":0,"lost_sales":0,"has_location":null,"update_date":"2026-05-08T05:16:51","atum_locations":[],"atum_stock_status":"instock","restock_status":false,"low_stock_amount":"","sales_update_date":"2026-01-30T01:24:38","calc_backorders":null,"_links":{"self":[{"href":"https:\/\/aromasentia.com\/no\/wp-json\/wp\/v2\/product\/207645","targetHints":{"allow":["GET"]}}],"collection":[{"href":"https:\/\/aromasentia.com\/no\/wp-json\/wp\/v2\/product"}],"about":[{"href":"https:\/\/aromasentia.com\/no\/wp-json\/wp\/v2\/types\/product"}],"replies":[{"embeddable":true,"href":"https:\/\/aromasentia.com\/no\/wp-json\/wp\/v2\/comments?post=207645"}],"version-history":[{"count":0,"href":"https:\/\/aromasentia.com\/no\/wp-json\/wp\/v2\/product\/207645\/revisions"}],"wp:featuredmedia":[{"embeddable":true,"href":"https:\/\/aromasentia.com\/no\/wp-json\/wp\/v2\/media\/268280"}],"wp:attachment":[{"href":"https:\/\/aromasentia.com\/no\/wp-json\/wp\/v2\/media?parent=207645"}],"wp:term":[{"taxonomy":"product_brand","embeddable":true,"href":"https:\/\/aromasentia.com\/no\/wp-json\/wp\/v2\/product_brand?post=207645"},{"taxonomy":"product_cat","embeddable":true,"href":"https:\/\/aromasentia.com\/no\/wp-json\/wp\/v2\/product_cat?post=207645"},{"taxonomy":"product_tag","embeddable":true,"href":"https:\/\/aromasentia.com\/no\/wp-json\/wp\/v2\/product_tag?post=207645"}],"curies":[{"name":"wp","href":"https:\/\/api.w.org\/{rel}","templated":true}]}}