{"id":207644,"date":"2025-03-20T15:15:03","date_gmt":"2025-03-20T15:15:03","guid":{"rendered":"https:\/\/aromasentia.com\/product\/jasmine-absolute-50ml-essential-oil\/"},"modified":"2025-05-31T04:12:40","modified_gmt":"2025-05-31T04:12:40","slug":"jasmine-absolute-eterisk-olje-50ml","status":"publish","type":"product","link":"https:\/\/aromasentia.com\/no\/jasmine-absolute-eterisk-olje-50ml\/","title":{"rendered":"Jasmine Absolute Eterisk Olje 50ml"},"content":{"rendered":"<p><strong>Latinsk navn: Jasminum Officinale<br \/>Brukt del av blomst: Blomst<br \/>Kilde: India<br \/>Utvinningsmetode: Dampdestillasjon<\/strong><\/p>\n<p>Jasmin er en delikat, eviggr\u00f8nn klatrerplante som stammer fra Kina og India med sm\u00e5, hvite, stjerneformede blomster, som plukkes om natten, n\u00e5r duften er den kraftigste. Jasmin eterisk olje har en s\u00f8t, eksotisk og rik blomsteraktig lukt. Den er dyr, ettersom destillasjonen er mer forseggjort enn for de fleste oljer, og brukes til \u00e5 slappe dypt av, l\u00f8fte depresjon og \u00f8ke selvtilliten.<\/p>\n<p>Denne oljen sies \u00e5 berolige nervene og gi en f\u00f8lelse av selvtillit og optimisme, samtidig som den gjenoppretter energi. Den reduserer f\u00f8dselstiden ved \u00e5 styrke rier og lindre smerter. Den antas \u00e5 lindre impotens, frigiditet og for tidlig utl\u00f8sning p\u00e5 grunn av dens lindrende og beroligende egenskaper. Den hjelper mot hoste og laryngitt og er ogs\u00e5 nyttig i en massasjeolje for \u00e5 lindre muskelsmerter, forstuinger og stive lemmer. Jasmin essensiell olje toner t\u00f8rr, fet eller sensitiv hud, \u00f8ker elastisiteten og sies \u00e5 redusere strekkmerker og arrdannelse.<\/p>\n<p>Jasmin brukes ofte i h\u00e5ret av indiske kvinner og er ogs\u00e5 en av hovedblomstene i bryllupsgirlander. If\u00f8lge en myte avviste solguden Surya en prinsesses kj\u00e6rlighet, og hun var s\u00e5 knust at hun tok sitt eget liv. Fra asken hennes som var spredt p\u00e5 bakken, vokste en jasminplante. Siden solguden for\u00e5rsaket henne s\u00e5 mye smerte, blomstret jasminblomsten bare og ga ut sin duft om natten.<\/p>\n","protected":false},"excerpt":{"rendered":"<p>Latinsk navn: Jasminum OfficinaleBrukt del av blomst: BlomstKilde: IndiaUtvinningsmetode: Dampdestillasjon Jasmin er en delikat, eviggr\u00f8nn klatrerplante som stammer fra Kina og India med sm\u00e5, hvite, stjerneformede blomster, som plukkes om natten, n\u00e5r duften er den kraftigste. Jasmin eterisk olje har en s\u00f8t, eksotisk og rik blomsteraktig lukt. Den er dyr, ettersom destillasjonen er mer forseggjort [&hellip;]<\/p>\n","protected":false},"featured_media":268271,"comment_status":"closed","ping_status":"open","template":"","meta":{"_angie_page":false},"product_brand":[27096],"product_cat":[9065,26834,25843,10236,26222],"product_tag":[],"class_list":{"0":"post-207644","1":"product","2":"type-product","3":"status-publish","4":"has-post-thumbnail","6":"product_brand-ancient-wisdom","7":"product_cat-aromaterapi-og-romduft","8":"product_cat-blomster","9":"product_cat-dufter-aromaer","10":"product_cat-eteriske-oljer","11":"product_cat-jasmin","12":"pa_collection-50ml-essential-oil-no","13":"pa_made-in-india","14":"pa_size-50ml","16":"first","17":"instock","18":"purchasable","19":"product-type-simple"},"supplier_id":null,"supplier_sku":"PrEO-26","barcode":null,"atum_controlled":true,"out_stock_date":null,"out_stock_threshold":null,"inheritable":false,"inbound_stock":0,"stock_on_hold":0,"sold_today":0,"sales_last_days":0,"reserved_stock":0,"customer_returns":0,"warehouse_damage":0,"lost_in_post":0,"other_logs":0,"out_stock_days":0,"lost_sales":0,"has_location":false,"update_date":"2026-05-08T05:16:51","atum_locations":[],"atum_stock_status":"instock","restock_status":false,"low_stock_amount":"","sales_update_date":"2025-09-05T00:18:04","calc_backorders":null,"_links":{"self":[{"href":"https:\/\/aromasentia.com\/no\/wp-json\/wp\/v2\/product\/207644","targetHints":{"allow":["GET"]}}],"collection":[{"href":"https:\/\/aromasentia.com\/no\/wp-json\/wp\/v2\/product"}],"about":[{"href":"https:\/\/aromasentia.com\/no\/wp-json\/wp\/v2\/types\/product"}],"replies":[{"embeddable":true,"href":"https:\/\/aromasentia.com\/no\/wp-json\/wp\/v2\/comments?post=207644"}],"version-history":[{"count":0,"href":"https:\/\/aromasentia.com\/no\/wp-json\/wp\/v2\/product\/207644\/revisions"}],"wp:featuredmedia":[{"embeddable":true,"href":"https:\/\/aromasentia.com\/no\/wp-json\/wp\/v2\/media\/268271"}],"wp:attachment":[{"href":"https:\/\/aromasentia.com\/no\/wp-json\/wp\/v2\/media?parent=207644"}],"wp:term":[{"taxonomy":"product_brand","embeddable":true,"href":"https:\/\/aromasentia.com\/no\/wp-json\/wp\/v2\/product_brand?post=207644"},{"taxonomy":"product_cat","embeddable":true,"href":"https:\/\/aromasentia.com\/no\/wp-json\/wp\/v2\/product_cat?post=207644"},{"taxonomy":"product_tag","embeddable":true,"href":"https:\/\/aromasentia.com\/no\/wp-json\/wp\/v2\/product_tag?post=207644"}],"curies":[{"name":"wp","href":"https:\/\/api.w.org\/{rel}","templated":true}]}}