{"id":207643,"date":"2025-03-20T15:15:26","date_gmt":"2025-03-20T15:15:26","guid":{"rendered":"https:\/\/aromasentia.com\/product\/dill-seed-50ml-essential-oil\/"},"modified":"2025-05-31T04:12:36","modified_gmt":"2025-05-31T04:12:36","slug":"dillfro-eterisk-olje-50ml","status":"publish","type":"product","link":"https:\/\/aromasentia.com\/no\/dillfro-eterisk-olje-50ml\/","title":{"rendered":"Dillfr\u00f8 Eterisk Olje 50ml"},"content":{"rendered":"<p><strong>Latinsk navn: Anethum Graveolens<br \/>Del av plata brukt: Fr\u00f8<br \/>Kilde: Ungarn<br \/>Ekstraksjonsmetode: Dampdestillasjon<\/strong><\/p>\n<p>Fra \u00e5 styrke immunforsvaret til \u00e5 lindre muskelkramper, er fordelene med <strong>dillfr\u00f8olje<\/strong> mange.<\/p>\n<p>Kramper kan v\u00e6re sv\u00e6rt irriterende og i ekstreme tilfeller til og med d\u00f8delige. Kramper er tilfeller av u\u00f8nskede og unormale sammentrekninger, enten i luftveiene, tarmene, musklene eller nervene. Slike anfall av krampe kan lindres ved hjelp av dillolje. Den har en avslappende effekt p\u00e5 nerver, muskler, tarmer og luftveiene og lindrer krampeanfall, noe som gir rask lindring.<\/p>\n<p>Dillolje er ogs\u00e5 kjent for sine desinfiserende egenskaper. Den kan brukes i fortynnet form for p\u00e5f\u00f8ring i hodebunnen for \u00e5 beskytte h\u00e5ret mot ulike infeksjoner og til og med lus.<\/p>\n<p>Dillolje er magesyregivende, og \u00e5 v\u00e6re magesyregivende betyr \u00e5 v\u00e6re et middel som fungerer som et tonic for \u00e5 holde magen sunn, tonet og fungerende som den skal. Den holder magen i riktig form, regulerer utskillelsen av ford\u00f8yelsessafter og galle inn i den, beskytter den mot infeksjoner og hjelper ogs\u00e5 med helbredelsesprosessen av mages\u00e5r eller s\u00e5r, hvis noen, i magen.<\/p>\n","protected":false},"excerpt":{"rendered":"<p>Latinsk navn: Anethum GraveolensDel av plata brukt: Fr\u00f8Kilde: UngarnEkstraksjonsmetode: Dampdestillasjon Fra \u00e5 styrke immunforsvaret til \u00e5 lindre muskelkramper, er fordelene med dillfr\u00f8olje mange. Kramper kan v\u00e6re sv\u00e6rt irriterende og i ekstreme tilfeller til og med d\u00f8delige. Kramper er tilfeller av u\u00f8nskede og unormale sammentrekninger, enten i luftveiene, tarmene, musklene eller nervene. Slike anfall av krampe [&hellip;]<\/p>\n","protected":false},"featured_media":268496,"comment_status":"closed","ping_status":"open","template":"","meta":{"_angie_page":false},"product_brand":[27096],"product_cat":[9065,26172,25843,10236,26862],"product_tag":[],"class_list":{"0":"post-207643","1":"product","2":"type-product","3":"status-publish","4":"has-post-thumbnail","6":"product_brand-ancient-wisdom","7":"product_cat-aromaterapi-og-romduft","8":"product_cat-dillfro","9":"product_cat-dufter-aromaer","10":"product_cat-eteriske-oljer","11":"product_cat-urte-aromatisk","12":"pa_collection-50ml-essential-oil-no","13":"pa_made-in-ungarn","14":"pa_size-50ml","16":"first","17":"instock","18":"purchasable","19":"product-type-simple"},"supplier_id":null,"supplier_sku":"PrEO-58","barcode":null,"atum_controlled":true,"out_stock_date":null,"out_stock_threshold":null,"inheritable":false,"inbound_stock":null,"stock_on_hold":0,"sold_today":0,"sales_last_days":0,"reserved_stock":null,"customer_returns":null,"warehouse_damage":null,"lost_in_post":null,"other_logs":null,"out_stock_days":0,"lost_sales":0,"has_location":null,"update_date":"2026-04-27T07:18:30","atum_locations":[],"atum_stock_status":"instock","restock_status":false,"low_stock_amount":"","sales_update_date":"2026-01-30T01:24:27","calc_backorders":null,"_links":{"self":[{"href":"https:\/\/aromasentia.com\/no\/wp-json\/wp\/v2\/product\/207643","targetHints":{"allow":["GET"]}}],"collection":[{"href":"https:\/\/aromasentia.com\/no\/wp-json\/wp\/v2\/product"}],"about":[{"href":"https:\/\/aromasentia.com\/no\/wp-json\/wp\/v2\/types\/product"}],"replies":[{"embeddable":true,"href":"https:\/\/aromasentia.com\/no\/wp-json\/wp\/v2\/comments?post=207643"}],"version-history":[{"count":0,"href":"https:\/\/aromasentia.com\/no\/wp-json\/wp\/v2\/product\/207643\/revisions"}],"wp:featuredmedia":[{"embeddable":true,"href":"https:\/\/aromasentia.com\/no\/wp-json\/wp\/v2\/media\/268496"}],"wp:attachment":[{"href":"https:\/\/aromasentia.com\/no\/wp-json\/wp\/v2\/media?parent=207643"}],"wp:term":[{"taxonomy":"product_brand","embeddable":true,"href":"https:\/\/aromasentia.com\/no\/wp-json\/wp\/v2\/product_brand?post=207643"},{"taxonomy":"product_cat","embeddable":true,"href":"https:\/\/aromasentia.com\/no\/wp-json\/wp\/v2\/product_cat?post=207643"},{"taxonomy":"product_tag","embeddable":true,"href":"https:\/\/aromasentia.com\/no\/wp-json\/wp\/v2\/product_tag?post=207643"}],"curies":[{"name":"wp","href":"https:\/\/api.w.org\/{rel}","templated":true}]}}