{"id":207642,"date":"2025-03-20T15:15:26","date_gmt":"2025-03-20T15:15:26","guid":{"rendered":"https:\/\/aromasentia.com\/product\/white-camphor-50ml-essential-oil\/"},"modified":"2025-05-31T04:12:31","modified_gmt":"2025-05-31T04:12:31","slug":"hvit-kamfer-eterisk-olje-50ml","status":"publish","type":"product","link":"https:\/\/aromasentia.com\/no\/hvit-kamfer-eterisk-olje-50ml\/","title":{"rendered":"Hvit Kamfer Eterisk Olje 50ml"},"content":{"rendered":"<p><span style=\"color: rgb(75, 80, 88);\"><strong>Latinsk navn: <\/strong>Cinnamomum Camphora<\/span><\/p>\n<p><span style=\"color: rgb(75, 80, 88);\"><strong>Del av plante brukt: <\/strong>Tre og r\u00f8tter<\/span><\/p>\n<p><span style=\"color: rgb(75, 80, 88);\"><strong>Kilde: <\/strong>Kina<\/span><\/p>\n<p><span style=\"color: rgb(75, 80, 88);\"><strong>Ekstraksjonsmetode: <\/strong>Dampdestillasjon<\/span><\/p>\n<p><span style=\"color: rgb(75, 80, 88);\"><strong>Eterisk olje av hvit kamfer <\/strong>lukter friskt, intenst og treaktig. Aromaen er noe eukalyptusaktig p\u00e5 grunn av det h\u00f8ye cineolinnholdet.<\/span><\/p>\n<p><span style=\"color: rgb(75, 80, 88);\">Essensiell olje av hvit kamfer gir lindring av luftveiene. Den lindrer umiddelbart tetthet i bronkiene, strupehodet, svelget, nesekanalene og lungene. N\u00e5r den p\u00e5f\u00f8res huden, kan kamferolje bidra til \u00e5 lindre smerter og betennelse.<\/span><\/p>\n<p><span style=\"color: rgb(75, 80, 88);\">Den kan hjelpe mot muskelsmerter, revmatisme, hoste, bronkitt, forkj\u00f8lelse, kviser, utslett, parasittiske hudinfeksjoner, kontusjoner, bl\u00e5merker og insektmiddel.<\/span><\/p>\n<p><span style=\"color: rgb(75, 80, 88);\"><strong>Merk: V\u00e5re essensielle oljer er ikke egnet for innvortes bruk.<\/strong><\/span><\/p>\n","protected":false},"excerpt":{"rendered":"<p>Latinsk navn: Cinnamomum Camphora Del av plante brukt: Tre og r\u00f8tter Kilde: Kina Ekstraksjonsmetode: Dampdestillasjon Eterisk olje av hvit kamfer lukter friskt, intenst og treaktig. Aromaen er noe eukalyptusaktig p\u00e5 grunn av det h\u00f8ye cineolinnholdet. Essensiell olje av hvit kamfer gir lindring av luftveiene. Den lindrer umiddelbart tetthet i bronkiene, strupehodet, svelget, nesekanalene og lungene. [&hellip;]<\/p>\n","protected":false},"featured_media":268487,"comment_status":"closed","ping_status":"open","template":"","meta":{"_angie_page":false},"product_brand":[27096],"product_cat":[9065,25843,10236,26434,26869],"product_tag":[],"class_list":{"0":"post-207642","1":"product","2":"type-product","3":"status-publish","4":"has-post-thumbnail","6":"product_brand-ancient-wisdom","7":"product_cat-aromaterapi-og-romduft","8":"product_cat-dufter-aromaer","9":"product_cat-eteriske-oljer","10":"product_cat-hvit-kamfer","11":"product_cat-medisinsk-kamferaktig","12":"pa_collection-50ml-essential-oil-no","13":"pa_made-in-kina","14":"pa_size-50ml","16":"first","17":"instock","18":"purchasable","19":"product-type-simple"},"supplier_id":null,"supplier_sku":"PrEO-57","barcode":null,"atum_controlled":true,"out_stock_date":null,"out_stock_threshold":null,"inheritable":false,"inbound_stock":null,"stock_on_hold":0,"sold_today":0,"sales_last_days":0,"reserved_stock":null,"customer_returns":null,"warehouse_damage":null,"lost_in_post":null,"other_logs":null,"out_stock_days":0,"lost_sales":0,"has_location":null,"update_date":"2026-05-08T05:16:52","atum_locations":[],"atum_stock_status":"instock","restock_status":false,"low_stock_amount":"","sales_update_date":"2026-01-20T05:14:35","calc_backorders":null,"_links":{"self":[{"href":"https:\/\/aromasentia.com\/no\/wp-json\/wp\/v2\/product\/207642","targetHints":{"allow":["GET"]}}],"collection":[{"href":"https:\/\/aromasentia.com\/no\/wp-json\/wp\/v2\/product"}],"about":[{"href":"https:\/\/aromasentia.com\/no\/wp-json\/wp\/v2\/types\/product"}],"replies":[{"embeddable":true,"href":"https:\/\/aromasentia.com\/no\/wp-json\/wp\/v2\/comments?post=207642"}],"version-history":[{"count":0,"href":"https:\/\/aromasentia.com\/no\/wp-json\/wp\/v2\/product\/207642\/revisions"}],"wp:featuredmedia":[{"embeddable":true,"href":"https:\/\/aromasentia.com\/no\/wp-json\/wp\/v2\/media\/268487"}],"wp:attachment":[{"href":"https:\/\/aromasentia.com\/no\/wp-json\/wp\/v2\/media?parent=207642"}],"wp:term":[{"taxonomy":"product_brand","embeddable":true,"href":"https:\/\/aromasentia.com\/no\/wp-json\/wp\/v2\/product_brand?post=207642"},{"taxonomy":"product_cat","embeddable":true,"href":"https:\/\/aromasentia.com\/no\/wp-json\/wp\/v2\/product_cat?post=207642"},{"taxonomy":"product_tag","embeddable":true,"href":"https:\/\/aromasentia.com\/no\/wp-json\/wp\/v2\/product_tag?post=207642"}],"curies":[{"name":"wp","href":"https:\/\/api.w.org\/{rel}","templated":true}]}}