{"id":207641,"date":"2025-03-20T15:15:26","date_gmt":"2025-03-20T15:15:26","guid":{"rendered":"https:\/\/aromasentia.com\/product\/cajaput-50ml-essential-oil\/"},"modified":"2025-05-31T04:12:27","modified_gmt":"2025-05-31T04:12:27","slug":"cajaput-eterisk-olje-50ml","status":"publish","type":"product","link":"https:\/\/aromasentia.com\/no\/cajaput-eterisk-olje-50ml\/","title":{"rendered":"Cajaput Eterisk Olje 50ml"},"content":{"rendered":"<p><strong>Latinsk navn: Melaleuca Cajuputi<br \/>Del av planten brukt: Blader og kvister<br \/>Kilde: Indonesia<br \/>Ekstraksjonsmetode: Dampdestillasjon<\/strong><\/p>\n<p><strong>Cajeput eterisk olje<\/strong> brukes til \u00e5 behandle forkj\u00f8lelse, hodepine og tannpine. Den er sv\u00e6rt effektiv i \u00e5 bekjempe infeksjoner fra bakterier, virus og sopp, som stivkrampe (bakterier), influensa (virus) og smittsomme sykdommer som kolera og tyfus.<\/p>\n<p>Cajuputolje er sv\u00e6rt effektiv til \u00e5 drepe og drive bort insekter. Dens insektdrepende egenskaper er s\u00e5 sterke at den fortynnede l\u00f8sningen kan sprayes eller fordampes ved hjelp av en fordamper for \u00e5 drive bort mygg, maur og mange andre typer skadedyr fra rommene. En fortynnet l\u00f8sning av cajuputolje kan ogs\u00e5 gnides p\u00e5 kroppen for \u00e5 holde insekter unna.<\/p>\n<p>Akkurat som eukalyptusolje er cajuputolje ogs\u00e5 et ekspert sliml\u00f8sende middel. Som et sliml\u00f8sende middel gir det umiddelbar lindring av tett nese, hals og andre luftveier, samt hoste, infeksjoner og resulterende betennelse i halsen.<\/p>\n<p>Det er smertestillende av natur, noe som betyr at det reduserer smertef\u00f8lelse. N\u00e5r det p\u00e5f\u00f8res lokalt, for eksempel p\u00e5 en infisert tann ved tannpine eller gnis p\u00e5 pannen ved hodepine. Brukes kun i sterkt fortynnede l\u00f8sninger.<\/p>\n","protected":false},"excerpt":{"rendered":"<p>Latinsk navn: Melaleuca CajuputiDel av planten brukt: Blader og kvisterKilde: IndonesiaEkstraksjonsmetode: Dampdestillasjon Cajeput eterisk olje brukes til \u00e5 behandle forkj\u00f8lelse, hodepine og tannpine. Den er sv\u00e6rt effektiv i \u00e5 bekjempe infeksjoner fra bakterier, virus og sopp, som stivkrampe (bakterier), influensa (virus) og smittsomme sykdommer som kolera og tyfus. Cajuputolje er sv\u00e6rt effektiv til \u00e5 drepe [&hellip;]<\/p>\n","protected":false},"featured_media":268478,"comment_status":"closed","ping_status":"open","template":"","meta":{"_angie_page":false},"product_brand":[27096],"product_cat":[9065,10236],"product_tag":[],"class_list":{"0":"post-207641","1":"product","2":"type-product","3":"status-publish","4":"has-post-thumbnail","6":"product_brand-ancient-wisdom","7":"product_cat-aromaterapi-og-romduft","8":"product_cat-eteriske-oljer","9":"pa_collection-50ml-essential-oil-no","10":"pa_made-in-indonesia","11":"pa_size-50ml","13":"first","14":"instock","15":"purchasable","16":"product-type-simple"},"supplier_id":null,"supplier_sku":"PrEO-56","barcode":null,"atum_controlled":true,"out_stock_date":null,"out_stock_threshold":null,"inheritable":false,"inbound_stock":null,"stock_on_hold":0,"sold_today":0,"sales_last_days":0,"reserved_stock":null,"customer_returns":null,"warehouse_damage":null,"lost_in_post":null,"other_logs":null,"out_stock_days":0,"lost_sales":0,"has_location":null,"update_date":"2026-04-27T07:18:26","atum_locations":[],"atum_stock_status":"instock","restock_status":false,"low_stock_amount":"","sales_update_date":"2026-02-06T00:00:43","calc_backorders":null,"_links":{"self":[{"href":"https:\/\/aromasentia.com\/no\/wp-json\/wp\/v2\/product\/207641","targetHints":{"allow":["GET"]}}],"collection":[{"href":"https:\/\/aromasentia.com\/no\/wp-json\/wp\/v2\/product"}],"about":[{"href":"https:\/\/aromasentia.com\/no\/wp-json\/wp\/v2\/types\/product"}],"replies":[{"embeddable":true,"href":"https:\/\/aromasentia.com\/no\/wp-json\/wp\/v2\/comments?post=207641"}],"version-history":[{"count":0,"href":"https:\/\/aromasentia.com\/no\/wp-json\/wp\/v2\/product\/207641\/revisions"}],"wp:featuredmedia":[{"embeddable":true,"href":"https:\/\/aromasentia.com\/no\/wp-json\/wp\/v2\/media\/268478"}],"wp:attachment":[{"href":"https:\/\/aromasentia.com\/no\/wp-json\/wp\/v2\/media?parent=207641"}],"wp:term":[{"taxonomy":"product_brand","embeddable":true,"href":"https:\/\/aromasentia.com\/no\/wp-json\/wp\/v2\/product_brand?post=207641"},{"taxonomy":"product_cat","embeddable":true,"href":"https:\/\/aromasentia.com\/no\/wp-json\/wp\/v2\/product_cat?post=207641"},{"taxonomy":"product_tag","embeddable":true,"href":"https:\/\/aromasentia.com\/no\/wp-json\/wp\/v2\/product_tag?post=207641"}],"curies":[{"name":"wp","href":"https:\/\/api.w.org\/{rel}","templated":true}]}}