{"id":207637,"date":"2025-03-20T15:15:26","date_gmt":"2025-03-20T15:15:26","guid":{"rendered":"https:\/\/aromasentia.com\/product\/hyssop-50ml-essential-oil\/"},"modified":"2025-05-31T04:12:15","modified_gmt":"2025-05-31T04:12:15","slug":"isop-eterisk-olje-50ml","status":"publish","type":"product","link":"https:\/\/aromasentia.com\/no\/isop-eterisk-olje-50ml\/","title":{"rendered":"Isop Eterisk Olje 50ml"},"content":{"rendered":"<p><strong>Latinsk navn: Hyssopus Officinalis<br \/>Del av plante brukt: Blader og blomstrende topper<br \/>Kilde: Slovenia<br \/>Ekstraksjonsmetode: Dampdestillasjon<\/strong><\/p>\n<p>Den essensielle oljen fra isop ekstraheres ved hjelp av dampdestillasjon av bladene og blomstene til en busk kalt isop. Helsefordelene ved denne essensielle oljen kan tilskrives dens egenskaper som et astringerende, stimulerende, krampel\u00f8sende, antirevmatisk, antiseptisk, karminativt, arrdannelsesmiddel, ford\u00f8yelsesmiddel, vanndrivende, emmenagogemiddel, sliml\u00f8sende, hypertensivt, nervesenkende, s\u00f8vnl\u00f8sende, styrkende, febernedsettende, vermiducing og s\u00e5rbart stoff.<\/p>\n<p>Som et krampel\u00f8sende middel gir <strong>isop essensiell olje<\/strong>lindring ved spasmer i luftveiene, og kurerer dermed spasmodisk hoste. Den kurerer ogs\u00e5 spasmer i nervesystemet for \u00e5 kurere kramper og relaterte problemer, samt reduserer muskelspasmer, noe som kurerer kramper og spasmer i tarmene, og gir lindring av akutte magesmerter.<\/p>\n<p>Siden isopolje forbedrer og fremmer sirkulasjonen, hjelper den med \u00e5 kurere sykdommer forbundet med d\u00e5rlig sirkulasjon, som revmatisme, leddgikt, gikt og hevelse.<\/p>\n<p>Denne oljen letter ford\u00f8yelsen. Som et stimulerende middel stimulerer den utskillelsen av magesafter som syrer, enzymer og galle i magen, noe som fremskynder nedbrytningen av komplekse proteiner, karbohydrater og andre n\u00e6ringsstoffer.<\/p>\n","protected":false},"excerpt":{"rendered":"<p>Latinsk navn: Hyssopus OfficinalisDel av plante brukt: Blader og blomstrende topperKilde: SloveniaEkstraksjonsmetode: Dampdestillasjon Den essensielle oljen fra isop ekstraheres ved hjelp av dampdestillasjon av bladene og blomstene til en busk kalt isop. Helsefordelene ved denne essensielle oljen kan tilskrives dens egenskaper som et astringerende, stimulerende, krampel\u00f8sende, antirevmatisk, antiseptisk, karminativt, arrdannelsesmiddel, ford\u00f8yelsesmiddel, vanndrivende, emmenagogemiddel, sliml\u00f8sende, hypertensivt, [&hellip;]<\/p>\n","protected":false},"featured_media":268442,"comment_status":"closed","ping_status":"open","template":"","meta":{"_angie_page":false},"product_brand":[27096],"product_cat":[9065,25843,10236,26220,26862],"product_tag":[],"class_list":{"0":"post-207637","1":"product","2":"type-product","3":"status-publish","4":"has-post-thumbnail","6":"product_brand-ancient-wisdom","7":"product_cat-aromaterapi-og-romduft","8":"product_cat-dufter-aromaer","9":"product_cat-eteriske-oljer","10":"product_cat-isop","11":"product_cat-urte-aromatisk","12":"pa_collection-50ml-essential-oil-no","13":"pa_made-in-kroatia","14":"pa_size-50ml","16":"first","17":"instock","18":"purchasable","19":"product-type-simple"},"supplier_id":null,"supplier_sku":"PrEO-51","barcode":null,"atum_controlled":true,"out_stock_date":null,"out_stock_threshold":null,"inheritable":false,"inbound_stock":null,"stock_on_hold":0,"sold_today":0,"sales_last_days":0,"reserved_stock":null,"customer_returns":null,"warehouse_damage":null,"lost_in_post":null,"other_logs":null,"out_stock_days":0,"lost_sales":0,"has_location":null,"update_date":"2026-04-28T18:50:19","atum_locations":[],"atum_stock_status":"instock","restock_status":false,"low_stock_amount":"","sales_update_date":"2025-09-05T00:18:10","calc_backorders":null,"_links":{"self":[{"href":"https:\/\/aromasentia.com\/no\/wp-json\/wp\/v2\/product\/207637","targetHints":{"allow":["GET"]}}],"collection":[{"href":"https:\/\/aromasentia.com\/no\/wp-json\/wp\/v2\/product"}],"about":[{"href":"https:\/\/aromasentia.com\/no\/wp-json\/wp\/v2\/types\/product"}],"replies":[{"embeddable":true,"href":"https:\/\/aromasentia.com\/no\/wp-json\/wp\/v2\/comments?post=207637"}],"version-history":[{"count":0,"href":"https:\/\/aromasentia.com\/no\/wp-json\/wp\/v2\/product\/207637\/revisions"}],"wp:featuredmedia":[{"embeddable":true,"href":"https:\/\/aromasentia.com\/no\/wp-json\/wp\/v2\/media\/268442"}],"wp:attachment":[{"href":"https:\/\/aromasentia.com\/no\/wp-json\/wp\/v2\/media?parent=207637"}],"wp:term":[{"taxonomy":"product_brand","embeddable":true,"href":"https:\/\/aromasentia.com\/no\/wp-json\/wp\/v2\/product_brand?post=207637"},{"taxonomy":"product_cat","embeddable":true,"href":"https:\/\/aromasentia.com\/no\/wp-json\/wp\/v2\/product_cat?post=207637"},{"taxonomy":"product_tag","embeddable":true,"href":"https:\/\/aromasentia.com\/no\/wp-json\/wp\/v2\/product_tag?post=207637"}],"curies":[{"name":"wp","href":"https:\/\/api.w.org\/{rel}","templated":true}]}}