{"id":207632,"date":"2025-03-20T15:15:26","date_gmt":"2025-03-20T15:15:26","guid":{"rendered":"https:\/\/aromasentia.com\/product\/coriander-seed-50ml-essential-oil\/"},"modified":"2025-05-31T04:12:01","modified_gmt":"2025-05-31T04:12:01","slug":"korianderfro-eterisk-olje-50ml","status":"publish","type":"product","link":"https:\/\/aromasentia.com\/no\/korianderfro-eterisk-olje-50ml\/","title":{"rendered":"Korianderfr\u00f8 Eterisk Olje 50ml"},"content":{"rendered":"<p><strong>Latinsk navn: Coriandrum Sativum<br \/>Del av plante brukt: Fr\u00f8<br \/>Kilde: Russland<br \/>Ekstraksjonsmetode: Dampdestillasjon<\/strong><\/p>\n<p>Helsefordelene ved eterisk korianderolje kan tilskrives dens egenskaper som smertestillende, afrodisiakum, krampestillende, karminativt, rensende, deodorant, ford\u00f8yelses-, soppdrepende, lipolytisk, stimulerende og magestimulerende middel.<\/p>\n<p><strong>Eterisk korianderolje<\/strong>kan gj\u00f8re ekteskapet ditt himmelsk. Den vekker og \u00f8ker libido, samt kurerer midlertidig impotens, frigiditet hos b\u00e5de menn og kvinner, erektil dysfunksjon og generelt tap av interesse for sex.<\/p>\n<p>Den fremmer lipolyse, som betyr hydrolyse av lipider, som igjen betyr hydrolyse eller nedbrytning av fett og kolesterol. Jo raskere lipolysen er, desto raskere blir du slank og g\u00e5r ned i vekt.<\/p>\n<p>Koriander lindrer ogs\u00e5 nervekramper, kramper og slapper generelt av kropp og sinn. Det stimulerer og varmer ogs\u00e5 opp organsystemene og ulike funksjoner som foreg\u00e5r i kroppen. Det stimulerer hormon- og enzymsekresjoner, ford\u00f8yelse, utskillelse, hjernefunksjoner og nervesystemaktivitet. Det bekjemper ogs\u00e5 depresjon og forbedrer hum\u00f8ret.<\/p>\n","protected":false},"excerpt":{"rendered":"<p>Latinsk navn: Coriandrum SativumDel av plante brukt: Fr\u00f8Kilde: RusslandEkstraksjonsmetode: Dampdestillasjon Helsefordelene ved eterisk korianderolje kan tilskrives dens egenskaper som smertestillende, afrodisiakum, krampestillende, karminativt, rensende, deodorant, ford\u00f8yelses-, soppdrepende, lipolytisk, stimulerende og magestimulerende middel. Eterisk korianderoljekan gj\u00f8re ekteskapet ditt himmelsk. Den vekker og \u00f8ker libido, samt kurerer midlertidig impotens, frigiditet hos b\u00e5de menn og kvinner, erektil dysfunksjon [&hellip;]<\/p>\n","protected":false},"featured_media":268397,"comment_status":"closed","ping_status":"open","template":"","meta":{"_angie_page":false},"product_brand":[27096],"product_cat":[9065,25843,10236,26153,26890],"product_tag":[],"class_list":{"0":"post-207632","1":"product","2":"type-product","3":"status-publish","4":"has-post-thumbnail","6":"product_brand-ancient-wisdom","7":"product_cat-aromaterapi-og-romduft","8":"product_cat-dufter-aromaer","9":"product_cat-eteriske-oljer","10":"product_cat-korianderfro","11":"product_cat-krydret","12":"pa_collection-50ml-essential-oil-no","13":"pa_made-in-ungarn","14":"pa_size-50ml","16":"first","17":"instock","18":"purchasable","19":"product-type-simple"},"supplier_id":null,"supplier_sku":"PrEO-42","barcode":null,"atum_controlled":true,"out_stock_date":null,"out_stock_threshold":null,"inheritable":false,"inbound_stock":null,"stock_on_hold":0,"sold_today":0,"sales_last_days":0,"reserved_stock":null,"customer_returns":null,"warehouse_damage":null,"lost_in_post":null,"other_logs":null,"out_stock_days":0,"lost_sales":0,"has_location":null,"update_date":"2026-04-27T07:18:26","atum_locations":[],"atum_stock_status":"instock","restock_status":false,"low_stock_amount":"","sales_update_date":"2026-01-30T01:25:00","calc_backorders":null,"_links":{"self":[{"href":"https:\/\/aromasentia.com\/no\/wp-json\/wp\/v2\/product\/207632","targetHints":{"allow":["GET"]}}],"collection":[{"href":"https:\/\/aromasentia.com\/no\/wp-json\/wp\/v2\/product"}],"about":[{"href":"https:\/\/aromasentia.com\/no\/wp-json\/wp\/v2\/types\/product"}],"replies":[{"embeddable":true,"href":"https:\/\/aromasentia.com\/no\/wp-json\/wp\/v2\/comments?post=207632"}],"version-history":[{"count":0,"href":"https:\/\/aromasentia.com\/no\/wp-json\/wp\/v2\/product\/207632\/revisions"}],"wp:featuredmedia":[{"embeddable":true,"href":"https:\/\/aromasentia.com\/no\/wp-json\/wp\/v2\/media\/268397"}],"wp:attachment":[{"href":"https:\/\/aromasentia.com\/no\/wp-json\/wp\/v2\/media?parent=207632"}],"wp:term":[{"taxonomy":"product_brand","embeddable":true,"href":"https:\/\/aromasentia.com\/no\/wp-json\/wp\/v2\/product_brand?post=207632"},{"taxonomy":"product_cat","embeddable":true,"href":"https:\/\/aromasentia.com\/no\/wp-json\/wp\/v2\/product_cat?post=207632"},{"taxonomy":"product_tag","embeddable":true,"href":"https:\/\/aromasentia.com\/no\/wp-json\/wp\/v2\/product_tag?post=207632"}],"curies":[{"name":"wp","href":"https:\/\/api.w.org\/{rel}","templated":true}]}}