{"id":207631,"date":"2025-03-20T15:15:26","date_gmt":"2025-03-20T15:15:26","guid":{"rendered":"https:\/\/aromasentia.com\/product\/rose-dilute-50ml-essential-oil\/"},"modified":"2025-05-31T04:11:59","modified_gmt":"2025-05-31T04:11:59","slug":"rose-fortynnet-eterisk-olje-50ml","status":"publish","type":"product","link":"https:\/\/aromasentia.com\/no\/rose-fortynnet-eterisk-olje-50ml\/","title":{"rendered":"Rose Fortynnet Eterisk Olje 50ml"},"content":{"rendered":"<p><span style=\"color: rgb(75, 80, 88);\"><strong>Latinsk navn:<\/strong> Rosa Centifolia<\/span><\/p>\n<p><span style=\"color: rgb(75, 80, 88);\"><strong>Del av planten som brukes:<\/strong>Kronblader<\/span><\/p>\n<p><span style=\"color: rgb(75, 80, 88);\"><strong>Kilde:<\/strong>Marokko<\/span><\/p>\n<p><span style=\"color: rgb(75, 80, 88);\"><strong>Ekstraksjonsmetode:<\/strong> L\u00f8semiddelekstrakt<\/span><\/p>\n<p><span style=\"color: rgb(75, 80, 88);\"><strong>5 % fortynning i druekjerneolje<\/strong><\/span><\/p>\n<p><span style=\"color: rgb(75, 80, 88);\">Engros fortynnet eterisk olje av roser er mer enn bare en fin blomsterduft. Den har flere terapeutiske egenskaper som gj\u00f8r den fantastisk i hudpleieprodukter. Den har flere terapeutiske egenskaper, inkludert antidepressiv, antiseptisk, astringerende, beroligende og sedativ. Rose Dilute Essential Oil er kjent for sine antidepressive midler. Den bidrar til \u00e5 \u00f8ke selvtilliten, mental helse og bekjempe depresjon!<\/span><\/p>\n<p><span style=\"color: rgb(75, 80, 88);\">De fleste kviser oppst\u00e5r n\u00e5r det er en overproduksjon av talg i en persons porer, men \u00f8kt bakterier spiller ogs\u00e5 en stor rolle i utviklingen av kviser. Heldigvis har Rose Dilute Essential Oil flere egenskaper som vil redusere kviser, inkludert astringerende, antiviral og bakteriedrepende.<\/span><\/p>\n<p><span style=\"color: rgb(75, 80, 88);\">Merk: V\u00e5re essensielle oljer er ikke egnet for innvortes bruk.<\/span><\/p>\n","protected":false},"excerpt":{"rendered":"<p>Latinsk navn: Rosa Centifolia Del av planten som brukes:Kronblader Kilde:Marokko Ekstraksjonsmetode: L\u00f8semiddelekstrakt 5 % fortynning i druekjerneolje Engros fortynnet eterisk olje av roser er mer enn bare en fin blomsterduft. Den har flere terapeutiske egenskaper som gj\u00f8r den fantastisk i hudpleieprodukter. Den har flere terapeutiske egenskaper, inkludert antidepressiv, antiseptisk, astringerende, beroligende og sedativ. Rose Dilute [&hellip;]<\/p>\n","protected":false},"featured_media":268388,"comment_status":"closed","ping_status":"open","template":"","meta":{"_angie_page":false},"product_brand":[27096],"product_cat":[9065,26834,25843,10236,26366],"product_tag":[],"class_list":{"0":"post-207631","1":"product","2":"type-product","3":"status-publish","4":"has-post-thumbnail","6":"product_brand-ancient-wisdom","7":"product_cat-aromaterapi-og-romduft","8":"product_cat-blomster","9":"product_cat-dufter-aromaer","10":"product_cat-eteriske-oljer","11":"product_cat-rose","12":"pa_collection-50ml-essential-oil-no","13":"pa_made-in-storbritannia","14":"pa_size-50ml","16":"first","17":"instock","18":"purchasable","19":"product-type-simple"},"supplier_id":null,"supplier_sku":"PrEO-41","barcode":null,"atum_controlled":true,"out_stock_date":null,"out_stock_threshold":null,"inheritable":false,"inbound_stock":0,"stock_on_hold":0,"sold_today":0,"sales_last_days":0,"reserved_stock":0,"customer_returns":0,"warehouse_damage":0,"lost_in_post":0,"other_logs":0,"out_stock_days":0,"lost_sales":0,"has_location":false,"update_date":"2026-05-08T05:16:52","atum_locations":[],"atum_stock_status":"instock","restock_status":false,"low_stock_amount":"","sales_update_date":"2026-02-06T00:01:40","calc_backorders":null,"_links":{"self":[{"href":"https:\/\/aromasentia.com\/no\/wp-json\/wp\/v2\/product\/207631","targetHints":{"allow":["GET"]}}],"collection":[{"href":"https:\/\/aromasentia.com\/no\/wp-json\/wp\/v2\/product"}],"about":[{"href":"https:\/\/aromasentia.com\/no\/wp-json\/wp\/v2\/types\/product"}],"replies":[{"embeddable":true,"href":"https:\/\/aromasentia.com\/no\/wp-json\/wp\/v2\/comments?post=207631"}],"version-history":[{"count":0,"href":"https:\/\/aromasentia.com\/no\/wp-json\/wp\/v2\/product\/207631\/revisions"}],"wp:featuredmedia":[{"embeddable":true,"href":"https:\/\/aromasentia.com\/no\/wp-json\/wp\/v2\/media\/268388"}],"wp:attachment":[{"href":"https:\/\/aromasentia.com\/no\/wp-json\/wp\/v2\/media?parent=207631"}],"wp:term":[{"taxonomy":"product_brand","embeddable":true,"href":"https:\/\/aromasentia.com\/no\/wp-json\/wp\/v2\/product_brand?post=207631"},{"taxonomy":"product_cat","embeddable":true,"href":"https:\/\/aromasentia.com\/no\/wp-json\/wp\/v2\/product_cat?post=207631"},{"taxonomy":"product_tag","embeddable":true,"href":"https:\/\/aromasentia.com\/no\/wp-json\/wp\/v2\/product_tag?post=207631"}],"curies":[{"name":"wp","href":"https:\/\/api.w.org\/{rel}","templated":true}]}}