{"id":207630,"date":"2025-03-20T15:15:45","date_gmt":"2025-03-20T15:15:45","guid":{"rendered":"https:\/\/aromasentia.com\/product\/rose-geranium-50ml-essential-oil\/"},"modified":"2025-05-31T04:11:56","modified_gmt":"2025-05-31T04:11:56","slug":"rosengeranium-eterisk-olje-50ml","status":"publish","type":"product","link":"https:\/\/aromasentia.com\/no\/rosengeranium-eterisk-olje-50ml\/","title":{"rendered":"Rosengeranium Eterisk Olje 50ml"},"content":{"rendered":"<p><strong>Latinsk navn: Pelargonium Graveolens &#038; P\/Rosa Egypt<br \/>Essensiell oljeblanding<\/strong><\/p>\n<p><strong>Rosegeranium essensiell olje<\/strong> er en aktiv ingrediens i noen kosmetiske produkter, som kremer og dufter. En gjennomgang av studier fra 2017 viste at antioksidantegenskaper i rosegeraniumolje kan bidra til \u00e5 redusere aldringstegn. Antioksidanter er veletablerte som naturlige midler for \u00e5 forbedre hudens evne til \u00e5 helbrede seg selv fra milj\u00f8gifter og eksponering.<\/p>\n<p>Rosegeraniumolje har sterke antimikrobielle, soppdrepende og antivirale egenskaper.<\/p>\n","protected":false},"excerpt":{"rendered":"<p>Latinsk navn: Pelargonium Graveolens &#038; P\/Rosa EgyptEssensiell oljeblanding Rosegeranium essensiell olje er en aktiv ingrediens i noen kosmetiske produkter, som kremer og dufter. En gjennomgang av studier fra 2017 viste at antioksidantegenskaper i rosegeraniumolje kan bidra til \u00e5 redusere aldringstegn. Antioksidanter er veletablerte som naturlige midler for \u00e5 forbedre hudens evne til \u00e5 helbrede seg [&hellip;]<\/p>\n","protected":false},"featured_media":268613,"comment_status":"closed","ping_status":"open","template":"","meta":{"_angie_page":false},"product_brand":[27096],"product_cat":[9065,26834,25843,10236,26187,26366],"product_tag":[],"class_list":{"0":"post-207630","1":"product","2":"type-product","3":"status-publish","4":"has-post-thumbnail","6":"product_brand-ancient-wisdom","7":"product_cat-aromaterapi-og-romduft","8":"product_cat-blomster","9":"product_cat-dufter-aromaer","10":"product_cat-eteriske-oljer","11":"product_cat-geranium","12":"product_cat-rose","13":"pa_collection-50ml-essential-oil-no","14":"pa_made-in-reunion","15":"pa_size-50ml","17":"first","18":"instock","19":"purchasable","20":"product-type-simple"},"supplier_id":null,"supplier_sku":"PrEO-75","barcode":null,"atum_controlled":true,"out_stock_date":null,"out_stock_threshold":null,"inheritable":false,"inbound_stock":null,"stock_on_hold":0,"sold_today":0,"sales_last_days":0,"reserved_stock":null,"customer_returns":null,"warehouse_damage":null,"lost_in_post":null,"other_logs":null,"out_stock_days":0,"lost_sales":0,"has_location":null,"update_date":"2026-04-27T07:18:30","atum_locations":[],"atum_stock_status":"instock","restock_status":false,"low_stock_amount":"","sales_update_date":"2026-01-30T01:26:40","calc_backorders":null,"_links":{"self":[{"href":"https:\/\/aromasentia.com\/no\/wp-json\/wp\/v2\/product\/207630","targetHints":{"allow":["GET"]}}],"collection":[{"href":"https:\/\/aromasentia.com\/no\/wp-json\/wp\/v2\/product"}],"about":[{"href":"https:\/\/aromasentia.com\/no\/wp-json\/wp\/v2\/types\/product"}],"replies":[{"embeddable":true,"href":"https:\/\/aromasentia.com\/no\/wp-json\/wp\/v2\/comments?post=207630"}],"version-history":[{"count":0,"href":"https:\/\/aromasentia.com\/no\/wp-json\/wp\/v2\/product\/207630\/revisions"}],"wp:featuredmedia":[{"embeddable":true,"href":"https:\/\/aromasentia.com\/no\/wp-json\/wp\/v2\/media\/268613"}],"wp:attachment":[{"href":"https:\/\/aromasentia.com\/no\/wp-json\/wp\/v2\/media?parent=207630"}],"wp:term":[{"taxonomy":"product_brand","embeddable":true,"href":"https:\/\/aromasentia.com\/no\/wp-json\/wp\/v2\/product_brand?post=207630"},{"taxonomy":"product_cat","embeddable":true,"href":"https:\/\/aromasentia.com\/no\/wp-json\/wp\/v2\/product_cat?post=207630"},{"taxonomy":"product_tag","embeddable":true,"href":"https:\/\/aromasentia.com\/no\/wp-json\/wp\/v2\/product_tag?post=207630"}],"curies":[{"name":"wp","href":"https:\/\/api.w.org\/{rel}","templated":true}]}}